{"id":2066,"date":"2018-03-01T22:25:54","date_gmt":"2018-03-01T21:25:54","guid":{"rendered":"http:\/\/blog.sy-sy.cz\/?page_id=2066"},"modified":"2025-03-15T18:00:58","modified_gmt":"2025-03-15T17:00:58","slug":"vystava-stavitel-josef-suta-1863-1941","status":"publish","type":"page","link":"https:\/\/blog.sy-sy.cz\/index.php\/vystavy\/vystava-stavitel-josef-suta-1863-1941\/","title":{"rendered":"V\u00fdstava Stavitel Josef \u0160uta (1863-1941)"},"content":{"rendered":"<div class=\"members-access-error\">Pro \u010dten\u00ed tohoto \u010dl\u00e1nku mus\u00edte b\u00fdt p\u0159ihl\u00e1\u0161eni.<!--more--><\/p>\n<p>        <div class=\"members-login-form\">\n            <form name=\"loginform\" id=\"loginform\" action=\"https:\/\/blog.sy-sy.cz\/wp-login.php\" method=\"post\"><p class=\"login-username\">\n\t\t\t\t<label for=\"user_login\">U\u017eivatelsk\u00e9 jm\u00e9no nebo e-mail<\/label>\n\t\t\t\t<input type=\"text\" name=\"log\" id=\"user_login\" autocomplete=\"username\" class=\"input\" value=\"\" size=\"20\" \/>\n\t\t\t<\/p><p class=\"login-password\">\n\t\t\t\t<label for=\"user_pass\">Heslo<\/label>\n\t\t\t\t<input type=\"password\" name=\"pwd\" id=\"user_pass\" autocomplete=\"current-password\" spellcheck=\"false\" class=\"input\" value=\"\" size=\"20\" \/>\n\t\t\t<\/p><p class=\"login-remember\"><label><input name=\"rememberme\" type=\"checkbox\" id=\"rememberme\" value=\"forever\" \/> Pamatovat si m\u011b<\/label><\/p><p class=\"login-submit\">\n\t\t\t\t<input type=\"submit\" name=\"wp-submit\" id=\"wp-submit\" class=\"button button-primary\" value=\"P\u0159ihl\u00e1sit se\" \/>\n\t\t\t\t<input type=\"hidden\" name=\"redirect_to\" value=\"https:\/\/blog.sy-sy.cz\/index.php\/wp-json\/wp\/v2\/pages\/2066\" \/>\n\t\t\t<\/p><input type=\"hidden\" id=\"members_login_nonce\" name=\"members_login_nonce\" value=\"f9c30c6785\" \/><input type=\"hidden\" name=\"_wp_http_referer\" value=\"\/index.php\/wp-json\/wp\/v2\/pages\/2066\" \/><\/form>        <\/div>\n                <style>\n            .members-login-form * {\n                box-sizing: border-box;\n            }\n            .members-login-form label {\n                display: block;\n                margin-bottom: 4px;\n                font-size: 18px;\n                font-weight: 500;\n            }\n            .members-login-form input[type=\"text\"],\n            .members-login-form input[type=\"password\"] {\n                width: 100%;\n                max-width: 320px;\n                padding: 0.5rem 0.75rem;\n                border: 1px solid #64748b;\n                border-radius: 4px;\n                font-size: 16px;\n            }\n            .members-login-form input[type=\"submit\"] {\n                width: 100%;\n                max-width: 320px;\n                padding: 0.75rem;\n                cursor: pointer;\n                background: #64748b;\n                border: 0;\n                border-radius: 4px;\n                color: #fff;\n                font-size: 16px;\n                font-weight: 500;\n            }\n            .members-logged-in input[type=\"submit\"] {\n                pointer-events: none;\n                opacity: 0.4;\n                cursor: not-allowed;\n            }\n            .members-login-notice {\n                display: block !important;\n                max-width: 320px;\n                padding: 10px;\n                background: #f1f1f1;\n                border-radius: 4px;\n                border-left: 3px solid #36d651;\n                font-size: 18px;\n                font-weight: 500;\n            }\n            .members-login-error {\n                border-left-color: #d63638;\n            }\n        <\/style>\n    <\/p><\/div>\n","protected":false},"excerpt":{"rendered":"<div class=\"members-access-error\">Pro \u010dten\u00ed tohoto \u010dl\u00e1nku mus\u00edte b\u00fdt p\u0159ihl\u00e1\u0161eni.<!--more--><\/p>\n<p>        <div class=\"members-login-form\">\n            <form name=\"loginform\" id=\"loginform\" action=\"https:\/\/blog.sy-sy.cz\/wp-login.php\" method=\"post\"><p class=\"login-username\">\n\t\t\t\t<label for=\"user_login\">U\u017eivatelsk\u00e9 jm\u00e9no nebo e-mail<\/label>\n\t\t\t\t<input type=\"text\" name=\"log\" id=\"user_login\" autocomplete=\"username\" class=\"input\" value=\"\" size=\"20\" \/>\n\t\t\t<\/p><p class=\"login-password\">\n\t\t\t\t<label for=\"user_pass\">Heslo<\/label>\n\t\t\t\t<input type=\"password\" name=\"pwd\" id=\"user_pass\" autocomplete=\"current-password\" spellcheck=\"false\" class=\"input\" value=\"\" size=\"20\" \/>\n\t\t\t<\/p><p class=\"login-remember\"><label><input name=\"rememberme\" type=\"checkbox\" id=\"rememberme\" value=\"forever\" \/> Pamatovat si m\u011b<\/label><\/p><p class=\"login-submit\">\n\t\t\t\t<input type=\"submit\" name=\"wp-submit\" id=\"wp-submit\" class=\"button button-primary\" value=\"P\u0159ihl\u00e1sit se\" \/>\n\t\t\t\t<input type=\"hidden\" name=\"redirect_to\" value=\"https:\/\/blog.sy-sy.cz\/index.php\/wp-json\/wp\/v2\/pages\/2066\" \/>\n\t\t\t<\/p><input type=\"hidden\" id=\"members_login_nonce\" name=\"members_login_nonce\" value=\"f9c30c6785\" \/><input type=\"hidden\" name=\"_wp_http_referer\" value=\"\/index.php\/wp-json\/wp\/v2\/pages\/2066\" \/><\/form>        <\/div>\n                <style>\n            .members-login-form * {\n                box-sizing: border-box;\n            }\n            .members-login-form label {\n                display: block;\n                margin-bottom: 4px;\n                font-size: 18px;\n                font-weight: 500;\n            }\n            .members-login-form input[type=\"text\"],\n            .members-login-form input[type=\"password\"] {\n                width: 100%;\n                max-width: 320px;\n                padding: 0.5rem 0.75rem;\n                border: 1px solid #64748b;\n                border-radius: 4px;\n                font-size: 16px;\n            }\n            .members-login-form input[type=\"submit\"] {\n                width: 100%;\n                max-width: 320px;\n                padding: 0.75rem;\n                cursor: pointer;\n                background: #64748b;\n                border: 0;\n                border-radius: 4px;\n                color: #fff;\n                font-size: 16px;\n                font-weight: 500;\n            }\n            .members-logged-in input[type=\"submit\"] {\n                pointer-events: none;\n                opacity: 0.4;\n                cursor: not-allowed;\n            }\n            .members-login-notice {\n                display: block !important;\n                max-width: 320px;\n                padding: 10px;\n                background: #f1f1f1;\n                border-radius: 4px;\n                border-left: 3px solid #36d651;\n                font-size: 18px;\n                font-weight: 500;\n            }\n            .members-login-error {\n                border-left-color: #d63638;\n            }\n        <\/style>\n    <\/p><\/div>\n","protected":false},"author":2,"featured_media":0,"parent":3322,"menu_order":0,"comment_status":"closed","ping_status":"closed","template":"","meta":{"jetpack_post_was_ever_published":false,"footnotes":""},"class_list":["post-2066","page","type-page","status-publish","hentry"],"jetpack_shortlink":"https:\/\/wp.me\/P91gAT-xk","jetpack-related-posts":[{"id":3322,"url":"https:\/\/blog.sy-sy.cz\/index.php\/vystavy\/","url_meta":{"origin":2066,"position":0},"title":"V\u00fdstavy","author":"Zuzana Syrov\u00e1 An\u00fd\u017eov\u00e1","date":"15\/03\/2025","format":false,"excerpt":"V\u00fdstava Stavitel Josef \u0160uta (1863-1941)","rel":"","context":"Podobn\u00fd p\u0159\u00edsp\u011bvek","block_context":{"text":"Podobn\u00fd p\u0159\u00edsp\u011bvek","link":""},"img":{"alt_text":"","src":"","width":0,"height":0},"classes":[]},{"id":2681,"url":"https:\/\/blog.sy-sy.cz\/index.php\/projekty-a-pruzkumy\/shp-uhersky-ostroh\/","url_meta":{"origin":2066,"position":1},"title":"SHP Uhersk\u00fd Ostroh","author":"Zuzana Syrov\u00e1 An\u00fd\u017eov\u00e1","date":"15\/07\/2020","format":false,"excerpt":"Uhersk\u00fd Ostroh (Uhersk\u00e9 Hradi\u0161t\u011b), s\u00eddeln\u011b historick\u00fd pr\u016fzkum MPZ a p\u0159edm\u011bstsk\u00fdch \u010d\u00e1st\u00ed 1993 \/ (s Janem O. Eli\u00e1\u0161em) \/ investor: MU Uhersk\u00fd Ostroh Textov\u00e1 \u010d\u00e1st sv. I (Obsah \/ \u00davodn\u00ed pozn\u00e1mka \/ P\u0159ehled stavebn\u011b historick\u00e9ho a architektonick\u00e9ho v\u00fdvoje \/ Mapy a pl\u00e1ny \/ Literatura \/ Historick\u00e1 pl\u00e1nov\u00e1 dokumentace (stavebn\u00ed pl\u00e1ny)) Textov\u00e1\u2026","rel":"","context":"Podobn\u00fd p\u0159\u00edsp\u011bvek","block_context":{"text":"Podobn\u00fd p\u0159\u00edsp\u011bvek","link":""},"img":{"alt_text":"","src":"https:\/\/i0.wp.com\/blog.sy-sy.cz\/wp-content\/uploads\/2020\/07\/0008345-300x201.jpg?resize=350%2C200&ssl=1","width":350,"height":200},"classes":[]},{"id":2751,"url":"https:\/\/blog.sy-sy.cz\/index.php\/graficka-uprava-knih\/","url_meta":{"origin":2066,"position":2},"title":"Grafick\u00fd design","author":"Zuzana Syrov\u00e1 An\u00fd\u017eov\u00e1","date":"18\/07\/2021","format":false,"excerpt":"\u0160KABRADA, Ji\u0159\u00ed, Zuzana SYROV\u00c1-AN\u00dd\u017dOV\u00c1, et al. Nejstar\u0161\u00ed venkovsk\u00e9 domy ve v\u00fdchodn\u00edch \u010cech\u00e1ch. Vyd\u00e1n\u00ed prvn\u00ed. Pardubice: Univerzita Pardubice, Fakulta filozofick\u00e1; Brno: Spole\u010dnost pro obnovu vesnice a\u00a0mal\u00e9ho m\u011bsta, z. s., 2018.\u00a0512 stran. ISBN 978-80-7560-126-1 (Univerzita Pardubice), 978-80-907440-0-4 (Spole\u010dnost pro obnovu vesnice a\u00a0mal\u00e9ho m\u011bsta, z. s.). Uk\u00e1zka PDF ke sta\u017een\u00ed \u0160KABRADA, Ji\u0159\u00ed a\u00a0kol.\u2026","rel":"","context":"Podobn\u00fd p\u0159\u00edsp\u011bvek","block_context":{"text":"Podobn\u00fd p\u0159\u00edsp\u011bvek","link":""},"img":{"alt_text":"","src":"","width":0,"height":0},"classes":[]},{"id":370,"url":"https:\/\/blog.sy-sy.cz\/index.php\/o-hline\/publikace\/hlina-ve-stavebne-historickych-a-inventarizacnich-pruzkumech-sovamm\/","url_meta":{"origin":2066,"position":3},"title":"Hl\u00edna ve stavebn\u011b historick\u00fdch a&nbsp;inventariza\u010dn\u00edch pr\u016fzkumech SOVAMM","author":"Zuzana Syrov\u00e1 An\u00fd\u017eov\u00e1","date":"29\/12\/2014","format":false,"excerpt":"Spole\u010dnost pro obnovu vesnice a mal\u00e9ho m\u011bsta (SOVAMM) vznikla v roce 1990 jako z\u00e1jmov\u00e9 sdru\u017een\u00ed odborn\u00edk\u016f a z\u00e1jemc\u016f o venkovsk\u00e9 stavitelstv\u00ed. Vernakul\u00e1rn\u00ed (lidovou i stavitelskou) architekturou se zab\u00fdv\u00e1 i z pohledu konstrukc\u00ed a technologi\u00ed. Dlouhodob\u00fdm projektem SOVAMM je Atlas lidov\u00e9 architektury, jeho\u017e vznik umo\u017enily dva stejnojmenn\u00e9 grantov\u00e9 projekty (Ku\u010da &\u2026","rel":"","context":"Podobn\u00fd p\u0159\u00edsp\u011bvek","block_context":{"text":"Podobn\u00fd p\u0159\u00edsp\u011bvek","link":""},"img":{"alt_text":"","src":"https:\/\/i0.wp.com\/blog.sy-sy.cz\/wp-content\/uploads\/2014\/12\/01-1-e1503569600224.jpg?fit=1038%2C721&ssl=1&resize=350%2C200","width":350,"height":200,"srcset":"https:\/\/i0.wp.com\/blog.sy-sy.cz\/wp-content\/uploads\/2014\/12\/01-1-e1503569600224.jpg?fit=1038%2C721&ssl=1&resize=350%2C200 1x, https:\/\/i0.wp.com\/blog.sy-sy.cz\/wp-content\/uploads\/2014\/12\/01-1-e1503569600224.jpg?fit=1038%2C721&ssl=1&resize=525%2C300 1.5x, https:\/\/i0.wp.com\/blog.sy-sy.cz\/wp-content\/uploads\/2014\/12\/01-1-e1503569600224.jpg?fit=1038%2C721&ssl=1&resize=700%2C400 2x"},"classes":[]},{"id":3218,"url":"https:\/\/blog.sy-sy.cz\/index.php\/o-nas\/ing-arch-zuzana-syrova-anyzova\/","url_meta":{"origin":2066,"position":4},"title":"Ing. arch. Zuzana Syrov\u00e1 An\u00fd\u017eov\u00e1","author":"Zuzana Syrov\u00e1 An\u00fd\u017eov\u00e1","date":"15\/02\/2025","format":false,"excerpt":"Narozena 24.12.1956 v Brn\u011b. Vystudovala v letech 1975-1981 na VUT v Brn\u011b \u2013 obor architektura. V letech 1990 -1991 postgradu\u00e1ln\u00ed studium d\u011bjin architektury na Ecole d\u2019Architecture v Grenoblu (C.E.A.A. 1996). V roce 1992 absolvovala mezin\u00e1rodn\u00ed kurz se zam\u011b\u0159en\u00edm na hlin\u011bnou architekturu CRATerre\/ICCROM. V letech 1998 \u2013 1999 D.E.A. \u2013 Histoire\u2026","rel":"","context":"Podobn\u00fd p\u0159\u00edsp\u011bvek","block_context":{"text":"Podobn\u00fd p\u0159\u00edsp\u011bvek","link":""},"img":{"alt_text":"","src":"","width":0,"height":0},"classes":[]},{"id":2125,"url":"https:\/\/blog.sy-sy.cz\/index.php\/zasady-ochrany-osobnich-udaju\/","url_meta":{"origin":2066,"position":5},"title":"Z\u00e1sady ochrany osobn\u00edch \u00fadaj\u016f","author":"Zuzana Syrov\u00e1 An\u00fd\u017eov\u00e1","date":"08\/06\/2018","format":false,"excerpt":"Kdo jsme Tento web\/blog provozuje: architektonick\u00e1 kancel\u00e1\u0159 Syrov\u00fd a Syrov\u00e1, architekti: Zuzana Syrov\u00e1 - An\u00fd\u017eov\u00e1 a Ji\u0159\u00ed Syrov\u00fd Kur\u0161ova 30, Brno. 63500 Adresa webu\/blogu je: https:\/\/blog.sy-sy.cz. Jak\u00e9 shroma\u017e\u010fujeme osobn\u00ed \u00fadaje a pro\u010d je shroma\u017e\u010fujeme Tento web slou\u017e\u00ed prezentaci \u010dinnosti na\u0161\u00ed architektonick\u00e9 kancel\u00e1\u0159e a souvisej\u00edc\u00edh aktivit.\u00a0 Shroma\u017e\u010fujeme zde pouze \u00fadaje nezbytn\u00e9\u2026","rel":"","context":"Podobn\u00fd p\u0159\u00edsp\u011bvek","block_context":{"text":"Podobn\u00fd p\u0159\u00edsp\u011bvek","link":""},"img":{"alt_text":"","src":"","width":0,"height":0},"classes":[]}],"jetpack_sharing_enabled":true,"_links":{"self":[{"href":"https:\/\/blog.sy-sy.cz\/index.php\/wp-json\/wp\/v2\/pages\/2066","targetHints":{"allow":["GET"]}}],"collection":[{"href":"https:\/\/blog.sy-sy.cz\/index.php\/wp-json\/wp\/v2\/pages"}],"about":[{"href":"https:\/\/blog.sy-sy.cz\/index.php\/wp-json\/wp\/v2\/types\/page"}],"author":[{"embeddable":true,"href":"https:\/\/blog.sy-sy.cz\/index.php\/wp-json\/wp\/v2\/users\/2"}],"replies":[{"embeddable":true,"href":"https:\/\/blog.sy-sy.cz\/index.php\/wp-json\/wp\/v2\/comments?post=2066"}],"version-history":[{"count":3,"href":"https:\/\/blog.sy-sy.cz\/index.php\/wp-json\/wp\/v2\/pages\/2066\/revisions"}],"predecessor-version":[{"id":3314,"href":"https:\/\/blog.sy-sy.cz\/index.php\/wp-json\/wp\/v2\/pages\/2066\/revisions\/3314"}],"up":[{"embeddable":true,"href":"https:\/\/blog.sy-sy.cz\/index.php\/wp-json\/wp\/v2\/pages\/3322"}],"wp:attachment":[{"href":"https:\/\/blog.sy-sy.cz\/index.php\/wp-json\/wp\/v2\/media?parent=2066"}],"curies":[{"name":"wp","href":"https:\/\/api.w.org\/{rel}","templated":true}]}}