{"id":2681,"date":"2020-07-15T22:51:36","date_gmt":"2020-07-15T20:51:36","guid":{"rendered":"https:\/\/blog.sy-sy.cz\/?page_id=2681"},"modified":"2020-07-15T22:51:36","modified_gmt":"2020-07-15T20:51:36","slug":"shp-uhersky-ostroh","status":"publish","type":"page","link":"https:\/\/blog.sy-sy.cz\/index.php\/projekty-a-pruzkumy\/shp-uhersky-ostroh\/","title":{"rendered":"SHP Uhersk\u00fd Ostroh"},"content":{"rendered":"<p><strong>Uhersk\u00fd Ostroh (Uhersk\u00e9 Hradi\u0161t\u011b), s\u00eddeln\u011b historick\u00fd pr\u016fzkum MPZ<br \/>\na&nbsp;p\u0159edm\u011bstsk\u00fdch \u010d\u00e1st\u00ed<\/strong> 1993 \/ (s&nbsp;Janem O. Eli\u00e1\u0161em) \/ investor: MU Uhersk\u00fd Ostroh<\/p>\n<ul>\n<li><a href=\"https:\/\/sovamm.cz\/PDFs\/SySy\/UOstroh\/SHP_UherskyOstroh_01_red.pdf\" target=\"_blank\" rel=\"noopener noreferrer\">Textov\u00e1 \u010d\u00e1st sv.&nbsp;I<\/a> (Obsah \/ \u00davodn\u00ed pozn\u00e1mka \/ P\u0159ehled stavebn\u011b historick\u00e9ho a&nbsp;architektonick\u00e9ho v\u00fdvoje \/ Mapy a&nbsp;pl\u00e1ny \/ Literatura \/ Historick\u00e1 pl\u00e1nov\u00e1 dokumentace (stavebn\u00ed pl\u00e1ny))<\/li>\n<li>Textov\u00e1 \u010d\u00e1st sv.&nbsp;II \/ Katalog objekt\u016f:\n<ul>\n<li><a href=\"https:\/\/sovamm.cz\/PDFs\/SySy\/UOstroh\/SHP_UherskyOstroh_02-1_Ostroh_red.pdf\" target=\"_blank\" rel=\"noopener noreferrer\">Uhersk\u00fd Ostroh: MPZ<\/a><\/li>\n<li><a href=\"https:\/\/sovamm.cz\/PDFs\/SySy\/UOstroh\/SHP_UherskyOstroh_02-2_ZapPredmesti_red.pdf\" target=\"_blank\" rel=\"noopener noreferrer\">Uhersk\u00fd Ostroh: z\u00e1padn\u00ed p\u0159edm\u011bst\u00ed<\/a><\/li>\n<li><a href=\"https:\/\/sovamm.cz\/PDFs\/SySy\/UOstroh\/SHP_UherskyOstroh_02-3_OstPredmesti_red.pdf\" target=\"_blank\" rel=\"noopener noreferrer\">Ostro\u017esk\u00e9 P\u0159edm\u011bst\u00ed<\/a><\/li>\n<li><a href=\"https:\/\/sovamm.cz\/PDFs\/SySy\/UOstroh\/SHP_UherskyOstroh_02-4_Kvacice_red.pdf\" target=\"_blank\" rel=\"noopener noreferrer\">Kva\u010dice<\/a><\/li>\n<\/ul>\n<\/li>\n<\/ul>\n<p><a href=\"https:\/\/i0.wp.com\/blog.sy-sy.cz\/wp-content\/uploads\/2020\/07\/0008345-scaled-e1594839309344.jpg?ssl=1\"><img data-recalc-dims=\"1\" loading=\"lazy\" decoding=\"async\" data-attachment-id=\"2680\" data-permalink=\"https:\/\/blog.sy-sy.cz\/index.php\/projekty-a-pruzkumy\/shp-uhersky-ostroh\/_0008345\/\" data-orig-file=\"https:\/\/i0.wp.com\/blog.sy-sy.cz\/wp-content\/uploads\/2020\/07\/0008345-scaled-e1594839309344.jpg?fit=1038%2C695&amp;ssl=1\" data-orig-size=\"1038,695\" data-comments-opened=\"1\" data-image-meta=\"{&quot;aperture&quot;:&quot;9&quot;,&quot;credit&quot;:&quot;&quot;,&quot;camera&quot;:&quot;NIKON D200&quot;,&quot;caption&quot;:&quot;&quot;,&quot;created_timestamp&quot;:&quot;1590333055&quot;,&quot;copyright&quot;:&quot;&quot;,&quot;focal_length&quot;:&quot;24&quot;,&quot;iso&quot;:&quot;200&quot;,&quot;shutter_speed&quot;:&quot;0.003125&quot;,&quot;title&quot;:&quot;&quot;,&quot;orientation&quot;:&quot;1&quot;}\" data-image-title=\"_0008345\" data-image-description=\"\" data-image-caption=\"\" data-medium-file=\"https:\/\/i0.wp.com\/blog.sy-sy.cz\/wp-content\/uploads\/2020\/07\/0008345-scaled-e1594839309344.jpg?fit=300%2C201&amp;ssl=1\" data-large-file=\"https:\/\/i0.wp.com\/blog.sy-sy.cz\/wp-content\/uploads\/2020\/07\/0008345-scaled-e1594839309344.jpg?fit=625%2C418&amp;ssl=1\" class=\"aligncenter wp-image-2680 size-medium\" src=\"https:\/\/i0.wp.com\/blog.sy-sy.cz\/wp-content\/uploads\/2020\/07\/0008345.jpg?resize=300%2C201&#038;ssl=1\" alt=\"\" width=\"300\" height=\"201\" \/><\/a><a href=\"https:\/\/i0.wp.com\/blog.sy-sy.cz\/wp-content\/uploads\/2020\/07\/G0001145-scaled-e1594839335583.jpg?ssl=1\"><img data-recalc-dims=\"1\" loading=\"lazy\" decoding=\"async\" data-attachment-id=\"2679\" data-permalink=\"https:\/\/blog.sy-sy.cz\/index.php\/projekty-a-pruzkumy\/shp-uhersky-ostroh\/uhersky-ostroh-plan-mista-z-roku-1790\/\" data-orig-file=\"https:\/\/i0.wp.com\/blog.sy-sy.cz\/wp-content\/uploads\/2020\/07\/G0001145-scaled-e1594839335583.jpg?fit=1038%2C765&amp;ssl=1\" data-orig-size=\"1038,765\" data-comments-opened=\"1\" data-image-meta=\"{&quot;aperture&quot;:&quot;0&quot;,&quot;credit&quot;:&quot;&quot;,&quot;camera&quot;:&quot;&quot;,&quot;caption&quot;:&quot;Uhersk\\u00fd Ostroh, pl\\u00e1n m\\u00ecsta z roku 1790.&quot;,&quot;created_timestamp&quot;:&quot;0&quot;,&quot;copyright&quot;:&quot;Soubor poch\\u00e1z\\u00ed z MIS NP\\u00da.; Licence: ochranu d\\u00edla stanovuje obecn\\u00ec autorsk\\u00fd z\\u00e1kon&quot;,&quot;focal_length&quot;:&quot;0&quot;,&quot;iso&quot;:&quot;0&quot;,&quot;shutter_speed&quot;:&quot;0&quot;,&quot;title&quot;:&quot;Uhersk\\u00fd Ostroh, pl\\u00e1n m\\u00ecsta z roku 1790.&quot;,&quot;orientation&quot;:&quot;1&quot;}\" data-image-title=\"Uhersk\u00fd Ostroh, pl\u00e1n m\u00ecsta z roku 1790.\" data-image-description=\"\" data-image-caption=\"&lt;p&gt;Uhersk\u00fd Ostroh, pl\u00e1n m\u00ecsta z roku 1790.&lt;\/p&gt;\n\" data-medium-file=\"https:\/\/i0.wp.com\/blog.sy-sy.cz\/wp-content\/uploads\/2020\/07\/G0001145-scaled-e1594839335583.jpg?fit=300%2C221&amp;ssl=1\" data-large-file=\"https:\/\/i0.wp.com\/blog.sy-sy.cz\/wp-content\/uploads\/2020\/07\/G0001145-scaled-e1594839335583.jpg?fit=625%2C461&amp;ssl=1\" class=\"wp-image-2679 size-medium aligncenter\" src=\"https:\/\/i0.wp.com\/blog.sy-sy.cz\/wp-content\/uploads\/2020\/07\/G0001145.jpg?resize=300%2C221&#038;ssl=1\" alt=\"\" width=\"300\" height=\"221\" \/><\/a><\/p>\n<ul>\n<li>Souvisej\u00edc\u00ed p\u0159\u00edsp\u011bvky:\n<ul>\n<li><a href=\"https:\/\/blog.sy-sy.cz\/index.php\/2018\/03\/02\/obrazky-z-vystavy\/\">Obr\u00e1zky z&nbsp;v\u00fdstavy<\/a><\/li>\n<li><a href=\"https:\/\/blog.sy-sy.cz\/index.php\/vystava-stavitel-josef-suta-1863-1941\/\">V\u00fdstava Stavitel Josef \u0160uta (1863-1941)<\/a><\/li>\n<li><a href=\"https:\/\/blog.sy-sy.cz\/index.php\/2017\/02\/12\/tak-uz-konecne-zname-autora\/\">Neslavn\u00e1 nevila<\/a><\/li>\n<\/ul>\n<\/li>\n<\/ul>\n<p>&nbsp;<\/p>\n<p>&nbsp;<\/p>\n","protected":false},"excerpt":{"rendered":"<p>Uhersk\u00fd Ostroh (Uhersk\u00e9 Hradi\u0161t\u011b), s\u00eddeln\u011b historick\u00fd pr\u016fzkum MPZ a&nbsp;p\u0159edm\u011bstsk\u00fdch \u010d\u00e1st\u00ed 1993 \/ (s&nbsp;Janem O. Eli\u00e1\u0161em) \/ investor: MU Uhersk\u00fd Ostroh Textov\u00e1 \u010d\u00e1st sv.&nbsp;I&nbsp;(Obsah \/ \u00davodn\u00ed pozn\u00e1mka \/ P\u0159ehled stavebn\u011b [&hellip;]<\/p>\n","protected":false},"author":2,"featured_media":0,"parent":40,"menu_order":0,"comment_status":"closed","ping_status":"closed","template":"","meta":{"jetpack_post_was_ever_published":false,"footnotes":""},"class_list":["post-2681","page","type-page","status-publish","hentry"],"jetpack_shortlink":"https:\/\/wp.me\/P91gAT-Hf","jetpack-related-posts":[{"id":2066,"url":"https:\/\/blog.sy-sy.cz\/index.php\/vystavy\/vystava-stavitel-josef-suta-1863-1941\/","url_meta":{"origin":2681,"position":0},"title":"V\u00fdstava Stavitel Josef \u0160uta (1863-1941)","author":"Zuzana Syrov\u00e1 An\u00fd\u017eov\u00e1","date":"01\/03\/2018","format":false,"excerpt":"V\u00fdstava Stavitel Josef \u0160uta (1863-1941), projekty a realizace \u2013 minulost a sou\u010dasnost se konala v Z\u00e1meck\u00e9 galerii v Uhersk\u00e9m Ostrohu ve dnech 16. z\u00e1\u0159\u00ed - 19. listopadu 2017.\u00a0 Prost\u0159ednictv\u00edm pl\u00e1n\u016f z let 1895 \u2013 1933 ze St\u00e1tn\u00edho okresn\u00edho archivu v Uhersk\u00e9m Hradi\u0161ti a osud\u016f realizovan\u00fdch staveb si m\u011bsto p\u0159ipomn\u011blo d\u00edlo\u2026","rel":"","context":"Podobn\u00fd p\u0159\u00edsp\u011bvek","block_context":{"text":"Podobn\u00fd p\u0159\u00edsp\u011bvek","link":""},"img":{"alt_text":"","src":"https:\/\/i0.wp.com\/blog.sy-sy.cz\/wp-content\/uploads\/2018\/03\/credits-212x300.jpg?resize=350%2C200&ssl=1","width":350,"height":200},"classes":[]},{"id":40,"url":"https:\/\/blog.sy-sy.cz\/index.php\/projekty-a-pruzkumy\/","url_meta":{"origin":2681,"position":1},"title":"Projekty a&nbsp;pr\u016fzkumy","author":"Zuzana Syrov\u00e1 An\u00fd\u017eov\u00e1","date":"03\/11\/2014","format":false,"excerpt":"inventariza\u010dn\u00ed pr\u016fzkumy lidov\u00e9 architektury Chr\u00e1n\u011bn\u00e9 krajinn\u00e9 oblasti Jesen\u00edky * N\u00e1rodn\u00edho parku Krkono\u0161e * N\u00e1rodn\u00edho parku Podyj\u00ed a jeho ochrann\u00e9ho p\u00e1sma * Chr\u00e1n\u011bn\u00e9 krajinn\u00e9 oblasti B\u00edl\u00e9 Karpaty pr\u016fzkumy pro projekty obnovy vesnice: MPR \u0160tramberk (NJ) * Sudom\u011b\u0159ice, Dambo\u0159ice, Petrov, N\u011bm\u010di\u010dky a Lipov (HO) * Sedlec a Hlohovec (BV) * Jarom\u011b\u0159ice, Rychnov\u2026","rel":"","context":"Podobn\u00fd p\u0159\u00edsp\u011bvek","block_context":{"text":"Podobn\u00fd p\u0159\u00edsp\u011bvek","link":""},"img":{"alt_text":"","src":"","width":0,"height":0},"classes":[]},{"id":370,"url":"https:\/\/blog.sy-sy.cz\/index.php\/o-hline\/publikace\/hlina-ve-stavebne-historickych-a-inventarizacnich-pruzkumech-sovamm\/","url_meta":{"origin":2681,"position":2},"title":"Hl\u00edna ve stavebn\u011b historick\u00fdch a&nbsp;inventariza\u010dn\u00edch pr\u016fzkumech SOVAMM","author":"Zuzana Syrov\u00e1 An\u00fd\u017eov\u00e1","date":"29\/12\/2014","format":false,"excerpt":"Spole\u010dnost pro obnovu vesnice a mal\u00e9ho m\u011bsta (SOVAMM) vznikla v roce 1990 jako z\u00e1jmov\u00e9 sdru\u017een\u00ed odborn\u00edk\u016f a z\u00e1jemc\u016f o venkovsk\u00e9 stavitelstv\u00ed. Vernakul\u00e1rn\u00ed (lidovou i stavitelskou) architekturou se zab\u00fdv\u00e1 i z pohledu konstrukc\u00ed a technologi\u00ed. Dlouhodob\u00fdm projektem SOVAMM je Atlas lidov\u00e9 architektury, jeho\u017e vznik umo\u017enily dva stejnojmenn\u00e9 grantov\u00e9 projekty (Ku\u010da &\u2026","rel":"","context":"Podobn\u00fd p\u0159\u00edsp\u011bvek","block_context":{"text":"Podobn\u00fd p\u0159\u00edsp\u011bvek","link":""},"img":{"alt_text":"","src":"https:\/\/i0.wp.com\/blog.sy-sy.cz\/wp-content\/uploads\/2014\/12\/01-1-e1503569600224.jpg?fit=1038%2C721&ssl=1&resize=350%2C200","width":350,"height":200,"srcset":"https:\/\/i0.wp.com\/blog.sy-sy.cz\/wp-content\/uploads\/2014\/12\/01-1-e1503569600224.jpg?fit=1038%2C721&ssl=1&resize=350%2C200 1x, https:\/\/i0.wp.com\/blog.sy-sy.cz\/wp-content\/uploads\/2014\/12\/01-1-e1503569600224.jpg?fit=1038%2C721&ssl=1&resize=525%2C300 1.5x, https:\/\/i0.wp.com\/blog.sy-sy.cz\/wp-content\/uploads\/2014\/12\/01-1-e1503569600224.jpg?fit=1038%2C721&ssl=1&resize=700%2C400 2x"},"classes":[]},{"id":807,"url":"https:\/\/blog.sy-sy.cz\/index.php\/projekty-a-pruzkumy\/hnanice-sklepni-ulice\/","url_meta":{"origin":2681,"position":3},"title":"Hnanice &#8211; sklepn\u00ed ulice","author":"Zuzana Syrov\u00e1 An\u00fd\u017eov\u00e1","date":"04\/09\/2016","format":false,"excerpt":"Hnanice (Znojmo), obnova sklepn\u00ed ulice 2000 \/ investor: OU Hnanice Obsah Textov\u00e1 \u010d\u00e1st Katalog objekt\u016f Ji\u017en\u00ed \u010d\u00e1st sklepn\u00ed ulice Severn\u00ed \u010d\u00e1st sklepn\u00ed ulice Legenda Obrazov\u00e1 p\u0159\u00edloha Grafick\u00e1 \u010d\u00e1st * GIS data dostupn\u00e1 na CD N142SYSY2000","rel":"","context":"S 1 koment\u00e1\u0159em","block_context":{"text":"S 1 koment\u00e1\u0159em","link":"https:\/\/blog.sy-sy.cz\/index.php\/projekty-a-pruzkumy\/hnanice-sklepni-ulice\/#comments"},"img":{"alt_text":"hnanice523-27","src":"https:\/\/i0.wp.com\/blog.sy-sy.cz\/wp-content\/uploads\/2016\/09\/hnanice523-27-1-300x200.jpg?resize=350%2C200&ssl=1","width":350,"height":200},"classes":[]},{"id":784,"url":"https:\/\/blog.sy-sy.cz\/index.php\/projekty-a-pruzkumy\/shp-maratice\/","url_meta":{"origin":2681,"position":4},"title":"SHP Ma\u0159atice","author":"Zuzana Syrov\u00e1 An\u00fd\u017eov\u00e1","date":"04\/09\/2016","format":false,"excerpt":"Ma\u0159atice (Uhersk\u00e9 Hradi\u0161t\u011b), s\u00eddeln\u011b historick\u00fd pr\u016fzkum 1994 \/ investor: M\u011bsto Uhersk\u00e9 Hradi\u0161t\u011b * P\u0159eveden\u00ed ti\u0161t\u011bn\u00e9 podoby SHP do dokument\u016f PDF a GIS ArcView \/ ArcExplorer 2000 Textov\u00e1 a grafick\u00e1 \u010d\u00e1st pr\u016fzkumu Mapov\u00fd projekt na str\u00e1nk\u00e1ch m\u011bsta Uhersk\u00e9 Hradi\u0161t\u011b GIS data dostupn\u00e1 na CD N2016SYSY2000","rel":"","context":"Podobn\u00fd p\u0159\u00edsp\u011bvek","block_context":{"text":"Podobn\u00fd p\u0159\u00edsp\u011bvek","link":""},"img":{"alt_text":"maratice_obsah_CD_Str\u00e1nka_1","src":"https:\/\/i0.wp.com\/blog.sy-sy.cz\/wp-content\/uploads\/2016\/09\/maratice_obsah_CD_Str%C3%A1nka_1-1-300x297.jpg?resize=350%2C200&ssl=1","width":350,"height":200},"classes":[]},{"id":795,"url":"https:\/\/blog.sy-sy.cz\/index.php\/projekty-a-pruzkumy\/shp-lysovice\/","url_meta":{"origin":2681,"position":5},"title":"SHP Lysovice","author":"Zuzana Syrov\u00e1 An\u00fd\u017eov\u00e1","date":"04\/09\/2016","format":false,"excerpt":"Lysovice (Vy\u0161kov), s\u00eddeln\u011b historick\u00fd pr\u016fzkum 1997 \/ (s Janem O. Eli\u00e1\u0161em) \/ investor: OkU Vy\u0161kov * P\u0159eveden\u00ed ti\u0161t\u011bn\u00e9 podoby SHP do dokument\u016f PDF a GIS ArcView \/ ArcExplorer 2000 Tituln\u00ed strana Textov\u00e1 \u010d\u00e1st Katalog objekt\u016f Obrazov\u00e9 p\u0159\u00edlohy Grafick\u00e1 \u010d\u00e1st * GIS data dostupn\u00e1 na CD N150SYSY2000 SYROV\u00c1, Zuzana; SYROV\u00dd, Ji\u0159\u00ed:\u2026","rel":"","context":"S 1 koment\u00e1\u0159em","block_context":{"text":"S 1 koment\u00e1\u0159em","link":"https:\/\/blog.sy-sy.cz\/index.php\/projekty-a-pruzkumy\/shp-lysovice\/#comments"},"img":{"alt_text":"LEYD06_","src":"https:\/\/i0.wp.com\/blog.sy-sy.cz\/wp-content\/uploads\/2016\/09\/LEYD06_-1-300x202.jpg?resize=350%2C200&ssl=1","width":350,"height":200},"classes":[]}],"jetpack_sharing_enabled":true,"_links":{"self":[{"href":"https:\/\/blog.sy-sy.cz\/index.php\/wp-json\/wp\/v2\/pages\/2681","targetHints":{"allow":["GET"]}}],"collection":[{"href":"https:\/\/blog.sy-sy.cz\/index.php\/wp-json\/wp\/v2\/pages"}],"about":[{"href":"https:\/\/blog.sy-sy.cz\/index.php\/wp-json\/wp\/v2\/types\/page"}],"author":[{"embeddable":true,"href":"https:\/\/blog.sy-sy.cz\/index.php\/wp-json\/wp\/v2\/users\/2"}],"replies":[{"embeddable":true,"href":"https:\/\/blog.sy-sy.cz\/index.php\/wp-json\/wp\/v2\/comments?post=2681"}],"version-history":[{"count":3,"href":"https:\/\/blog.sy-sy.cz\/index.php\/wp-json\/wp\/v2\/pages\/2681\/revisions"}],"predecessor-version":[{"id":2689,"href":"https:\/\/blog.sy-sy.cz\/index.php\/wp-json\/wp\/v2\/pages\/2681\/revisions\/2689"}],"up":[{"embeddable":true,"href":"https:\/\/blog.sy-sy.cz\/index.php\/wp-json\/wp\/v2\/pages\/40"}],"wp:attachment":[{"href":"https:\/\/blog.sy-sy.cz\/index.php\/wp-json\/wp\/v2\/media?parent=2681"}],"curies":[{"name":"wp","href":"https:\/\/api.w.org\/{rel}","templated":true}]}}