{"id":32,"date":"2014-11-03T19:06:55","date_gmt":"2014-11-03T17:06:55","guid":{"rendered":"http:\/\/sy-sy.synology.me\/wordpress\/?page_id=32"},"modified":"2025-03-15T17:34:57","modified_gmt":"2025-03-15T16:34:57","slug":"o-nas","status":"publish","type":"page","link":"https:\/\/blog.sy-sy.cz\/index.php\/o-nas\/","title":{"rendered":"O n\u00e1s"},"content":{"rendered":"<p>Specializujeme se na \u00fazemn\u00ed a&nbsp;regula\u010dn\u00ed pl\u00e1ny, stavebn\u011b historick\u00e9 pr\u016fzkumy a&nbsp;souvisej\u00edc\u00ed projekty obnovy, stavebn\u011b historick\u00e9 a&nbsp;inventariza\u010dn\u00ed pr\u016fzkumy s\u00eddel a&nbsp;\u00fazem\u00ed, GIS.<\/p>\n<h1 class=\"TXTSubHead\"><b>Syrov\u00fd a&nbsp;Syrov\u00e1, architekti v&nbsp;datech:<\/b><\/h1>\n<ul>\n<li><strong>1980<\/strong> &#8211; za\u010d\u00e1tek spolupr\u00e1ce (sout\u011b\u017ee, pr\u016fzkumy lidov\u00e9 \/ vernakul\u00e1rn\u00ed architektury)<\/li>\n<li><strong>1990<\/strong> &#8211; zalo\u017een\u00ed architektonick\u00e9 kancel\u00e1\u0159e<\/li>\n<li><strong>1994<\/strong> &#8211; za\u010d\u00e1tek v\u00fdvoje GIS pro \u00fa\u010dely prostorov\u00e9 regulace, s\u00eddeln\u011b stavebn\u011b historick\u00fdch pr\u016fzkum\u016f<\/li>\n<li><strong>1996<\/strong> &#8211; zakoupen\u00ed a&nbsp;v&nbsp;n\u00e1sleduj\u00edc\u00edch letech postupn\u00e1 obnova domu \u010dp.&nbsp;171 v&nbsp;\u010cist\u00e9 u\u00a0Litomy\u0161le<\/li>\n<li><strong>2001<\/strong> &#8211; za\u010d\u00e1tek spolupr\u00e1ce s&nbsp;NP\u00da na oborov\u00e9m GIS pam\u00e1tkov\u00e9 p\u00e9\u010de<\/li>\n<li><strong>2006<\/strong> &#8211; za\u010d\u00e1tek spolupr\u00e1ce s&nbsp;NP\u00da na budov\u00e1n\u00ed Integrovan\u00e9ho informa\u010dn\u00edho syst\u00e9mu pam\u00e1tkov\u00e9 p\u00e9\u010de<\/li>\n<\/ul>\n<p>P\u0159ehled projekt\u016f a&nbsp;pr\u016fzkum\u016f je dostupn\u00fd <a title=\"Projekty a pr\u016fzkumy\" href=\"https:\/\/blog.sy-sy.cz\/index.php\/o-nas\/projekty-a-pruzkumy\/\">zde<\/a>.<\/p>\n<ul>\n<li><a href=\"https:\/\/blog.sy-sy.cz\/index.php\/o-nas\/ing-arch-jiri-syrovy\/\">Ing. arch. Ji\u0159\u00ed Syrov\u00fd<\/a><\/li>\n<li><a href=\"https:\/\/blog.sy-sy.cz\/index.php\/o-nas\/ing-arch-zuzana-syrova-anyzova\/\">Ing. arch. Zuzana Syrov\u00e1 An\u00fd\u017eov\u00e1<\/a><\/li>\n<\/ul>\n<p><a href=\"https:\/\/blog.sy-sy.cz\/index.php\/o-nas\/kontakt\/\">Kontakt<\/a>.<\/p>\n<p>&nbsp;<\/p>\n<p>Aktualizov\u00e1no <span class=\"last-modified-timestamp\">15\/03\/2025 17:34<\/span><\/p>\n","protected":false},"excerpt":{"rendered":"<p>Specializujeme se na \u00fazemn\u00ed a&nbsp;regula\u010dn\u00ed pl\u00e1ny, stavebn\u011b historick\u00e9 pr\u016fzkumy a&nbsp;souvisej\u00edc\u00ed projekty obnovy, stavebn\u011b historick\u00e9 a&nbsp;inventariza\u010dn\u00ed pr\u016fzkumy s\u00eddel a&nbsp;\u00fazem\u00ed, GIS. Syrov\u00fd a&nbsp;Syrov\u00e1, architekti v&nbsp;datech: 1980 &#8211; za\u010d\u00e1tek spolupr\u00e1ce (sout\u011b\u017ee, pr\u016fzkumy lidov\u00e9 [&hellip;]<\/p>\n","protected":false},"author":2,"featured_media":2280,"parent":0,"menu_order":2,"comment_status":"closed","ping_status":"closed","template":"","meta":{"jetpack_post_was_ever_published":false,"footnotes":""},"class_list":["post-32","page","type-page","status-publish","has-post-thumbnail","hentry"],"jetpack_shortlink":"https:\/\/wp.me\/P91gAT-w","jetpack-related-posts":[{"id":370,"url":"https:\/\/blog.sy-sy.cz\/index.php\/o-hline\/publikace\/hlina-ve-stavebne-historickych-a-inventarizacnich-pruzkumech-sovamm\/","url_meta":{"origin":32,"position":0},"title":"Hl\u00edna ve stavebn\u011b historick\u00fdch a&nbsp;inventariza\u010dn\u00edch pr\u016fzkumech SOVAMM","author":"Zuzana Syrov\u00e1 An\u00fd\u017eov\u00e1","date":"29\/12\/2014","format":false,"excerpt":"Spole\u010dnost pro obnovu vesnice a mal\u00e9ho m\u011bsta (SOVAMM) vznikla v roce 1990 jako z\u00e1jmov\u00e9 sdru\u017een\u00ed odborn\u00edk\u016f a z\u00e1jemc\u016f o venkovsk\u00e9 stavitelstv\u00ed. Vernakul\u00e1rn\u00ed (lidovou i stavitelskou) architekturou se zab\u00fdv\u00e1 i z pohledu konstrukc\u00ed a technologi\u00ed. Dlouhodob\u00fdm projektem SOVAMM je Atlas lidov\u00e9 architektury, jeho\u017e vznik umo\u017enily dva stejnojmenn\u00e9 grantov\u00e9 projekty (Ku\u010da &\u2026","rel":"","context":"Podobn\u00fd p\u0159\u00edsp\u011bvek","block_context":{"text":"Podobn\u00fd p\u0159\u00edsp\u011bvek","link":""},"img":{"alt_text":"","src":"https:\/\/i0.wp.com\/blog.sy-sy.cz\/wp-content\/uploads\/2014\/12\/01-1-e1503569600224.jpg?fit=1038%2C721&ssl=1&resize=350%2C200","width":350,"height":200,"srcset":"https:\/\/i0.wp.com\/blog.sy-sy.cz\/wp-content\/uploads\/2014\/12\/01-1-e1503569600224.jpg?fit=1038%2C721&ssl=1&resize=350%2C200 1x, https:\/\/i0.wp.com\/blog.sy-sy.cz\/wp-content\/uploads\/2014\/12\/01-1-e1503569600224.jpg?fit=1038%2C721&ssl=1&resize=525%2C300 1.5x, https:\/\/i0.wp.com\/blog.sy-sy.cz\/wp-content\/uploads\/2014\/12\/01-1-e1503569600224.jpg?fit=1038%2C721&ssl=1&resize=700%2C400 2x"},"classes":[]},{"id":795,"url":"https:\/\/blog.sy-sy.cz\/index.php\/projekty-a-pruzkumy\/shp-lysovice\/","url_meta":{"origin":32,"position":1},"title":"SHP Lysovice","author":"Zuzana Syrov\u00e1 An\u00fd\u017eov\u00e1","date":"04\/09\/2016","format":false,"excerpt":"Lysovice (Vy\u0161kov), s\u00eddeln\u011b historick\u00fd pr\u016fzkum 1997 \/ (s Janem O. Eli\u00e1\u0161em) \/ investor: OkU Vy\u0161kov * P\u0159eveden\u00ed ti\u0161t\u011bn\u00e9 podoby SHP do dokument\u016f PDF a GIS ArcView \/ ArcExplorer 2000 Tituln\u00ed strana Textov\u00e1 \u010d\u00e1st Katalog objekt\u016f Obrazov\u00e9 p\u0159\u00edlohy Grafick\u00e1 \u010d\u00e1st * GIS data dostupn\u00e1 na CD N150SYSY2000 SYROV\u00c1, Zuzana; SYROV\u00dd, Ji\u0159\u00ed:\u2026","rel":"","context":"S 1 koment\u00e1\u0159em","block_context":{"text":"S 1 koment\u00e1\u0159em","link":"https:\/\/blog.sy-sy.cz\/index.php\/projekty-a-pruzkumy\/shp-lysovice\/#comments"},"img":{"alt_text":"LEYD06_","src":"https:\/\/i0.wp.com\/blog.sy-sy.cz\/wp-content\/uploads\/2016\/09\/LEYD06_-1-300x202.jpg?resize=350%2C200&ssl=1","width":350,"height":200},"classes":[]},{"id":40,"url":"https:\/\/blog.sy-sy.cz\/index.php\/projekty-a-pruzkumy\/","url_meta":{"origin":32,"position":2},"title":"Projekty a&nbsp;pr\u016fzkumy","author":"Zuzana Syrov\u00e1 An\u00fd\u017eov\u00e1","date":"03\/11\/2014","format":false,"excerpt":"inventariza\u010dn\u00ed pr\u016fzkumy lidov\u00e9 architektury Chr\u00e1n\u011bn\u00e9 krajinn\u00e9 oblasti Jesen\u00edky * N\u00e1rodn\u00edho parku Krkono\u0161e * N\u00e1rodn\u00edho parku Podyj\u00ed a jeho ochrann\u00e9ho p\u00e1sma * Chr\u00e1n\u011bn\u00e9 krajinn\u00e9 oblasti B\u00edl\u00e9 Karpaty pr\u016fzkumy pro projekty obnovy vesnice: MPR \u0160tramberk (NJ) * Sudom\u011b\u0159ice, Dambo\u0159ice, Petrov, N\u011bm\u010di\u010dky a Lipov (HO) * Sedlec a Hlohovec (BV) * Jarom\u011b\u0159ice, Rychnov\u2026","rel":"","context":"Podobn\u00fd p\u0159\u00edsp\u011bvek","block_context":{"text":"Podobn\u00fd p\u0159\u00edsp\u011bvek","link":""},"img":{"alt_text":"","src":"","width":0,"height":0},"classes":[]},{"id":3218,"url":"https:\/\/blog.sy-sy.cz\/index.php\/o-nas\/ing-arch-zuzana-syrova-anyzova\/","url_meta":{"origin":32,"position":3},"title":"Ing. arch. Zuzana Syrov\u00e1 An\u00fd\u017eov\u00e1","author":"Zuzana Syrov\u00e1 An\u00fd\u017eov\u00e1","date":"15\/02\/2025","format":false,"excerpt":"Narozena 24.12.1956 v Brn\u011b. Vystudovala v letech 1975-1981 na VUT v Brn\u011b \u2013 obor architektura. V letech 1990 -1991 postgradu\u00e1ln\u00ed studium d\u011bjin architektury na Ecole d\u2019Architecture v Grenoblu (C.E.A.A. 1996). V roce 1992 absolvovala mezin\u00e1rodn\u00ed kurz se zam\u011b\u0159en\u00edm na hlin\u011bnou architekturu CRATerre\/ICCROM. V letech 1998 \u2013 1999 D.E.A. \u2013 Histoire\u2026","rel":"","context":"Podobn\u00fd p\u0159\u00edsp\u011bvek","block_context":{"text":"Podobn\u00fd p\u0159\u00edsp\u011bvek","link":""},"img":{"alt_text":"","src":"","width":0,"height":0},"classes":[]},{"id":342,"url":"https:\/\/blog.sy-sy.cz\/index.php\/o-gis-a-pagis\/publikace-o-gis-a-pagis\/","url_meta":{"origin":32,"position":4},"title":"Publikace o&nbsp;GIS a&nbsp;PaGIS","author":"Zuzana Syrov\u00e1 An\u00fd\u017eov\u00e1","date":"29\/12\/2014","format":false,"excerpt":"SYROV\u00c1, Zuzana; SYROV\u00dd, Ji\u0159\u00ed: GIS pro SHP: Jedno\u00fa\u010delov\u00e1 po\u010d\u00edta\u010dov\u011b zpracovan\u00e1 dokumentace versus objektov\u011b orientovan\u00fd GIS | GIS f\u00fcr bauhistorische Untersuchungen. Die einem einzigen Zweck dienende computerbearbeitete Dokumentation versus objektorientiertes GIS. Svorn\u00edk, 4\/2006. ISBN 80-86562-07-7 |\u00a0 ISSN 1802-8128. PDF SYROV\u00c1, Zuzana; SYROV\u00dd, Ji\u0159\u00ed: \u00a0Stavebn\u011b - historick\u00fd pr\u016fzkum s\u00eddla a jeho zpracov\u00e1n\u00ed\u2026","rel":"","context":"Podobn\u00fd p\u0159\u00edsp\u011bvek","block_context":{"text":"Podobn\u00fd p\u0159\u00edsp\u011bvek","link":""},"img":{"alt_text":"","src":"","width":0,"height":0},"classes":[]},{"id":3212,"url":"https:\/\/blog.sy-sy.cz\/index.php\/o-nas\/ing-arch-jiri-syrovy\/","url_meta":{"origin":32,"position":5},"title":"Ing. arch. Ji\u0159\u00ed Syrov\u00fd","author":"Zuzana Syrov\u00e1 An\u00fd\u017eov\u00e1","date":"15\/02\/2025","format":false,"excerpt":"Narozen 18. 9. 1955 v Brn\u011b. Vystudoval v letech 1975-1981 na VUT v Brn\u011b \u2013 obor architektura; v roce 1986 tamt\u00e9\u017e postgradu\u00e1ln\u00ed studium v oboru v\u00fdstavnitcv\u00ed. V letech 1990 -1991 postgradu\u00e1ln\u00ed studium d\u011bjin architektury na Ecole d\u2019Architecture v Grenoblu. Specializuje se na pr\u016fzkumy a obnovu pam\u00e1tek a prostorov\u00e9 pl\u00e1nov\u00e1n\u00ed. V\u2026","rel":"","context":"Podobn\u00fd p\u0159\u00edsp\u011bvek","block_context":{"text":"Podobn\u00fd p\u0159\u00edsp\u011bvek","link":""},"img":{"alt_text":"","src":"","width":0,"height":0},"classes":[]}],"jetpack_sharing_enabled":true,"_links":{"self":[{"href":"https:\/\/blog.sy-sy.cz\/index.php\/wp-json\/wp\/v2\/pages\/32","targetHints":{"allow":["GET"]}}],"collection":[{"href":"https:\/\/blog.sy-sy.cz\/index.php\/wp-json\/wp\/v2\/pages"}],"about":[{"href":"https:\/\/blog.sy-sy.cz\/index.php\/wp-json\/wp\/v2\/types\/page"}],"author":[{"embeddable":true,"href":"https:\/\/blog.sy-sy.cz\/index.php\/wp-json\/wp\/v2\/users\/2"}],"replies":[{"embeddable":true,"href":"https:\/\/blog.sy-sy.cz\/index.php\/wp-json\/wp\/v2\/comments?post=32"}],"version-history":[{"count":3,"href":"https:\/\/blog.sy-sy.cz\/index.php\/wp-json\/wp\/v2\/pages\/32\/revisions"}],"predecessor-version":[{"id":3242,"href":"https:\/\/blog.sy-sy.cz\/index.php\/wp-json\/wp\/v2\/pages\/32\/revisions\/3242"}],"wp:featuredmedia":[{"embeddable":true,"href":"https:\/\/blog.sy-sy.cz\/index.php\/wp-json\/wp\/v2\/media\/2280"}],"wp:attachment":[{"href":"https:\/\/blog.sy-sy.cz\/index.php\/wp-json\/wp\/v2\/media?parent=32"}],"curies":[{"name":"wp","href":"https:\/\/api.w.org\/{rel}","templated":true}]}}