{"id":3315,"date":"2025-03-15T18:09:30","date_gmt":"2025-03-15T17:09:30","guid":{"rendered":"https:\/\/blog.sy-sy.cz\/?page_id=3315"},"modified":"2025-03-15T18:09:30","modified_gmt":"2025-03-15T17:09:30","slug":"mapa-stranek","status":"publish","type":"page","link":"https:\/\/blog.sy-sy.cz\/index.php\/mapa-stranek\/","title":{"rendered":"Mapa str\u00e1nek"},"content":{"rendered":"<ul class=\"jetpack-sitemap-shortcode\"><li class=\"pagenav\"><b><a href=\"\/\">Syrov\u00fd a Syrov\u00e1, architekti<\/a><\/b><ul><li class=\"page_item page-item-228 current_page_parent\"><a href=\"https:\/\/blog.sy-sy.cz\/index.php\/blok\/\">Blok<\/a><\/li>\n<li class=\"page_item page-item-32 page_item_has_children\"><a href=\"https:\/\/blog.sy-sy.cz\/index.php\/o-nas\/\">O n\u00e1s<\/a>\n<ul class='children'>\n\t<li class=\"page_item page-item-3212\"><a href=\"https:\/\/blog.sy-sy.cz\/index.php\/o-nas\/ing-arch-jiri-syrovy\/\">Ing. arch. Ji\u0159\u00ed Syrov\u00fd<\/a><\/li>\n\t<li class=\"page_item page-item-3218\"><a href=\"https:\/\/blog.sy-sy.cz\/index.php\/o-nas\/ing-arch-zuzana-syrova-anyzova\/\">Ing. arch. Zuzana Syrov\u00e1 An\u00fd\u017eov\u00e1<\/a><\/li>\n<\/ul>\n<\/li>\n<li class=\"page_item page-item-40 page_item_has_children\"><a href=\"https:\/\/blog.sy-sy.cz\/index.php\/projekty-a-pruzkumy\/\">Projekty a&nbsp;pr\u016fzkumy<\/a>\n<ul class='children'>\n\t<li class=\"page_item page-item-807\"><a href=\"https:\/\/blog.sy-sy.cz\/index.php\/projekty-a-pruzkumy\/hnanice-sklepni-ulice\/\">Hnanice &#8211; sklepn\u00ed ulice<\/a><\/li>\n\t<li class=\"page_item page-item-795\"><a href=\"https:\/\/blog.sy-sy.cz\/index.php\/projekty-a-pruzkumy\/shp-lysovice\/\">SHP Lysovice<\/a><\/li>\n\t<li class=\"page_item page-item-784\"><a href=\"https:\/\/blog.sy-sy.cz\/index.php\/projekty-a-pruzkumy\/shp-maratice\/\">SHP Ma\u0159atice<\/a><\/li>\n\t<li class=\"page_item page-item-2681\"><a href=\"https:\/\/blog.sy-sy.cz\/index.php\/projekty-a-pruzkumy\/shp-uhersky-ostroh\/\">SHP Uhersk\u00fd Ostroh<\/a><\/li>\n\t<li class=\"page_item page-item-451\"><a href=\"https:\/\/blog.sy-sy.cz\/index.php\/projekty-a-pruzkumy\/stavebne-historicky-a-urbanisticko-historicky-vyzkum-np-podyji-a-jeho-op\/\">Stavebn\u011b historick\u00fd a&nbsp;urbanisticko historick\u00fd v\u00fdzkum NP Podyj\u00ed a&nbsp;jeho OP<\/a><\/li>\n<\/ul>\n<\/li>\n<li class=\"page_item page-item-2751\"><a href=\"https:\/\/blog.sy-sy.cz\/index.php\/graficka-uprava-knih\/\">Grafick\u00fd design<\/a><\/li>\n<li class=\"page_item page-item-338\"><a href=\"https:\/\/blog.sy-sy.cz\/index.php\/publikace\/\">Publikace<\/a><\/li>\n<li class=\"page_item page-item-127 page_item_has_children\"><a href=\"https:\/\/blog.sy-sy.cz\/index.php\/o-gis-a-pagis\/\">O GIS a&nbsp;PaGIS<\/a>\n<ul class='children'>\n\t<li class=\"page_item page-item-342\"><a href=\"https:\/\/blog.sy-sy.cz\/index.php\/o-gis-a-pagis\/publikace-o-gis-a-pagis\/\">Publikace o&nbsp;GIS a&nbsp;PaGIS<\/a><\/li>\n<\/ul>\n<\/li>\n<li class=\"page_item page-item-53 page_item_has_children\"><a href=\"https:\/\/blog.sy-sy.cz\/index.php\/o-hline\/\">O hl\u00edn\u011b<\/a>\n<ul class='children'>\n\t<li class=\"page_item page-item-44 page_item_has_children\"><a href=\"https:\/\/blog.sy-sy.cz\/index.php\/o-hline\/publikace\/\">Publikace o&nbsp;hl\u00edn\u011b<\/a>\n\t<ul class='children'>\n\t\t<li class=\"page_item page-item-370\"><a href=\"https:\/\/blog.sy-sy.cz\/index.php\/o-hline\/publikace\/hlina-ve-stavebne-historickych-a-inventarizacnich-pruzkumech-sovamm\/\">Hl\u00edna ve stavebn\u011b historick\u00fdch a&nbsp;inventariza\u010dn\u00edch pr\u016fzkumech SOVAMM<\/a><\/li>\n\t\t<li class=\"page_item page-item-2850\"><a href=\"https:\/\/blog.sy-sy.cz\/index.php\/o-hline\/publikace\/les-acteurs-de-larchitecture-en-terre-crue\/\">Les acteurs de l\u2019architecture en terre crue<\/a><\/li>\n\t<\/ul>\n<\/li>\n<\/ul>\n<\/li>\n<li class=\"page_item page-item-73 page_item_has_children\"><a href=\"https:\/\/blog.sy-sy.cz\/index.php\/o-nasich-pamatkach\/\">O na\u0161ich pam\u00e1tk\u00e1ch<\/a>\n<ul class='children'>\n\t<li class=\"page_item page-item-3362\"><a href=\"https:\/\/blog.sy-sy.cz\/index.php\/o-nasich-pamatkach\/terra-incognita-award-2011\/\">Terra Incognita Award 2011<\/a><\/li>\n<\/ul>\n<\/li>\n<li class=\"page_item page-item-38 page_item_has_children\"><a href=\"https:\/\/blog.sy-sy.cz\/index.php\/o-nasich-postolkach\/\">O &#8222;na\u0161ich&#8220; po\u0161tolk\u00e1ch<\/a>\n<ul class='children'>\n\t<li class=\"page_item page-item-3107 page_item_has_children\"><a href=\"https:\/\/blog.sy-sy.cz\/index.php\/o-nasich-postolkach\/youtube-zive-vysilani\/\">&#8222;Na\u0161e&#8220; po\u0161tolky &#8211; YouTube \u017eiv\u00e9 vys\u00edl\u00e1n\u00ed<\/a>\n\t<ul class='children'>\n\t\t<li class=\"page_item page-item-3826\"><a href=\"https:\/\/blog.sy-sy.cz\/index.php\/o-nasich-postolkach\/youtube-zive-vysilani\/falco-tinnunculus-brunensis-1\/\">Falco tinnunculus brunensis 1<\/a><\/li>\n\t\t<li class=\"page_item page-item-3828\"><a href=\"https:\/\/blog.sy-sy.cz\/index.php\/o-nasich-postolkach\/youtube-zive-vysilani\/falco-tinnunculus-brunensis-2\/\">Falco tinnunculus brunensis 2<\/a><\/li>\n\t\t<li class=\"page_item page-item-3830\"><a href=\"https:\/\/blog.sy-sy.cz\/index.php\/o-nasich-postolkach\/youtube-zive-vysilani\/apus-apus-brunensis\/\">Apus apus brunensis<\/a><\/li>\n\t<\/ul>\n<\/li>\n<\/ul>\n<\/li>\n<li class=\"page_item page-item-2155\"><a href=\"https:\/\/blog.sy-sy.cz\/index.php\/o-nasich-medvedech\/\">O na\u0161ich medv\u011bdech<\/a><\/li>\n<li class=\"page_item page-item-388\"><a href=\"https:\/\/blog.sy-sy.cz\/index.php\/kontakt\/\">Kontakt<\/a><\/li>\n<li class=\"page_item page-item-2125 page_item_has_children\"><a href=\"https:\/\/blog.sy-sy.cz\/index.php\/zasady-ochrany-osobnich-udaju\/\">Z\u00e1sady ochrany osobn\u00edch \u00fadaj\u016f<\/a>\n<ul class='children'>\n\t<li class=\"page_item page-item-2831\"><a href=\"https:\/\/blog.sy-sy.cz\/index.php\/zasady-ochrany-osobnich-udaju\/zasady-cookies-eu\/\">Z\u00e1sady cookies (EU)<\/a><\/li>\n<\/ul>\n<\/li>\n<li class=\"page_item page-item-3315\"><a href=\"https:\/\/blog.sy-sy.cz\/index.php\/mapa-stranek\/\">Mapa str\u00e1nek<\/a><\/li>\n<\/ul><\/li><\/ul>\n","protected":false},"excerpt":{"rendered":"","protected":false},"author":2,"featured_media":0,"parent":0,"menu_order":100,"comment_status":"closed","ping_status":"closed","template":"","meta":{"jetpack_post_was_ever_published":false,"footnotes":""},"class_list":["post-3315","page","type-page","status-publish","hentry"],"jetpack_shortlink":"https:\/\/wp.me\/P91gAT-Rt","jetpack-related-posts":[{"id":2125,"url":"https:\/\/blog.sy-sy.cz\/index.php\/zasady-ochrany-osobnich-udaju\/","url_meta":{"origin":3315,"position":0},"title":"Z\u00e1sady ochrany osobn\u00edch \u00fadaj\u016f","author":"Zuzana Syrov\u00e1 An\u00fd\u017eov\u00e1","date":"08\/06\/2018","format":false,"excerpt":"Kdo jsme Tento web\/blog provozuje: architektonick\u00e1 kancel\u00e1\u0159 Syrov\u00fd a Syrov\u00e1, architekti: Zuzana Syrov\u00e1 - An\u00fd\u017eov\u00e1 a Ji\u0159\u00ed Syrov\u00fd Kur\u0161ova 30, Brno. 63500 Adresa webu\/blogu je: https:\/\/blog.sy-sy.cz. Jak\u00e9 shroma\u017e\u010fujeme osobn\u00ed \u00fadaje a pro\u010d je shroma\u017e\u010fujeme Tento web slou\u017e\u00ed prezentaci \u010dinnosti na\u0161\u00ed architektonick\u00e9 kancel\u00e1\u0159e a souvisej\u00edc\u00edh aktivit.\u00a0 Shroma\u017e\u010fujeme zde pouze \u00fadaje nezbytn\u00e9\u2026","rel":"","context":"Podobn\u00fd p\u0159\u00edsp\u011bvek","block_context":{"text":"Podobn\u00fd p\u0159\u00edsp\u011bvek","link":""},"img":{"alt_text":"","src":"","width":0,"height":0},"classes":[]}],"jetpack_sharing_enabled":true,"_links":{"self":[{"href":"https:\/\/blog.sy-sy.cz\/index.php\/wp-json\/wp\/v2\/pages\/3315","targetHints":{"allow":["GET"]}}],"collection":[{"href":"https:\/\/blog.sy-sy.cz\/index.php\/wp-json\/wp\/v2\/pages"}],"about":[{"href":"https:\/\/blog.sy-sy.cz\/index.php\/wp-json\/wp\/v2\/types\/page"}],"author":[{"embeddable":true,"href":"https:\/\/blog.sy-sy.cz\/index.php\/wp-json\/wp\/v2\/users\/2"}],"replies":[{"embeddable":true,"href":"https:\/\/blog.sy-sy.cz\/index.php\/wp-json\/wp\/v2\/comments?post=3315"}],"version-history":[{"count":1,"href":"https:\/\/blog.sy-sy.cz\/index.php\/wp-json\/wp\/v2\/pages\/3315\/revisions"}],"predecessor-version":[{"id":3316,"href":"https:\/\/blog.sy-sy.cz\/index.php\/wp-json\/wp\/v2\/pages\/3315\/revisions\/3316"}],"wp:attachment":[{"href":"https:\/\/blog.sy-sy.cz\/index.php\/wp-json\/wp\/v2\/media?parent=3315"}],"curies":[{"name":"wp","href":"https:\/\/api.w.org\/{rel}","templated":true}]}}