{"id":3318,"date":"2025-03-15T17:45:16","date_gmt":"2025-03-15T16:45:16","guid":{"rendered":"https:\/\/blog.sy-sy.cz\/?page_id=3318"},"modified":"2025-03-15T20:01:45","modified_gmt":"2025-03-15T19:01:45","slug":"prezentace","status":"publish","type":"page","link":"https:\/\/blog.sy-sy.cz\/index.php\/prezentace\/","title":{"rendered":"Prezentace"},"content":{"rendered":"<div class=\"members-access-error\">\n<h1><img data-recalc-dims=\"1\" class=\"alignnone wp-image-3331 size-full\" src=\"https:\/\/i0.wp.com\/blog.sy-sy.cz\/wp-content\/uploads\/2025\/03\/0001184u-scaled-e1742064945727.jpg?resize=625%2C469&#038;ssl=1\" alt=\"\" width=\"625\" height=\"469\" \/><\/h1>\n<h1>Str\u00e1nku p\u0159ipravujeme.<\/h1>\n<p>Omlouv\u00e1me se, na t\u00e9to str\u00e1nce aktu\u00e1ln\u011b pracujeme.<\/p><\/div>\n","protected":false},"excerpt":{"rendered":"<div class=\"members-access-error\">\n<h1><img class=\"alignnone wp-image-3331 size-full\" src=\"https:\/\/blog.sy-sy.cz\/wp-content\/uploads\/2025\/03\/0001184u-scaled-e1742064945727.jpg\" alt=\"\" width=\"650\" height=\"488\" \/><\/h1>\n<h1>Str\u00e1nku p\u0159ipravujeme.<\/h1>\n<p>Omlouv\u00e1me se, na t\u00e9to str\u00e1nce aktu\u00e1ln\u011b pracujeme.<\/p><\/div>\n","protected":false},"author":2,"featured_media":0,"parent":0,"menu_order":8,"comment_status":"closed","ping_status":"closed","template":"","meta":{"jetpack_post_was_ever_published":false,"footnotes":""},"class_list":["post-3318","page","type-page","status-publish","hentry"],"jetpack_shortlink":"https:\/\/wp.me\/P91gAT-Rw","jetpack-related-posts":[{"id":3212,"url":"https:\/\/blog.sy-sy.cz\/index.php\/o-nas\/ing-arch-jiri-syrovy\/","url_meta":{"origin":3318,"position":0},"title":"Ing. arch. Ji\u0159\u00ed Syrov\u00fd","author":"Zuzana Syrov\u00e1 An\u00fd\u017eov\u00e1","date":"15\/02\/2025","format":false,"excerpt":"Narozen 18. 9. 1955 v Brn\u011b. Vystudoval v letech 1975-1981 na VUT v Brn\u011b \u2013 obor architektura; v roce 1986 tamt\u00e9\u017e postgradu\u00e1ln\u00ed studium v oboru v\u00fdstavnitcv\u00ed. V letech 1990 -1991 postgradu\u00e1ln\u00ed studium d\u011bjin architektury na Ecole d\u2019Architecture v Grenoblu. Specializuje se na pr\u016fzkumy a obnovu pam\u00e1tek a prostorov\u00e9 pl\u00e1nov\u00e1n\u00ed. V\u2026","rel":"","context":"Podobn\u00fd p\u0159\u00edsp\u011bvek","block_context":{"text":"Podobn\u00fd p\u0159\u00edsp\u011bvek","link":""},"img":{"alt_text":"","src":"","width":0,"height":0},"classes":[]},{"id":2066,"url":"https:\/\/blog.sy-sy.cz\/index.php\/vystavy\/vystava-stavitel-josef-suta-1863-1941\/","url_meta":{"origin":3318,"position":1},"title":"V\u00fdstava Stavitel Josef \u0160uta (1863-1941)","author":"Zuzana Syrov\u00e1 An\u00fd\u017eov\u00e1","date":"01\/03\/2018","format":false,"excerpt":"V\u00fdstava Stavitel Josef \u0160uta (1863-1941), projekty a realizace \u2013 minulost a sou\u010dasnost se konala v Z\u00e1meck\u00e9 galerii v Uhersk\u00e9m Ostrohu ve dnech 16. z\u00e1\u0159\u00ed - 19. listopadu 2017.\u00a0 Prost\u0159ednictv\u00edm pl\u00e1n\u016f z let 1895 \u2013 1933 ze St\u00e1tn\u00edho okresn\u00edho archivu v Uhersk\u00e9m Hradi\u0161ti a osud\u016f realizovan\u00fdch staveb si m\u011bsto p\u0159ipomn\u011blo d\u00edlo\u2026","rel":"","context":"Podobn\u00fd p\u0159\u00edsp\u011bvek","block_context":{"text":"Podobn\u00fd p\u0159\u00edsp\u011bvek","link":""},"img":{"alt_text":"","src":"https:\/\/i0.wp.com\/blog.sy-sy.cz\/wp-content\/uploads\/2018\/03\/credits-212x300.jpg?resize=350%2C200&ssl=1","width":350,"height":200},"classes":[]},{"id":2210,"url":"https:\/\/blog.sy-sy.cz\/index.php\/prezentace\/vinohradnicke-stavby-v-kulturni-krajine-jizni-moravy\/","url_meta":{"origin":3318,"position":2},"title":"Vinohradnick\u00e9 stavby v&nbsp;kulturn\u00ed krajin\u011b ji\u017en\u00ed Moravy","author":"Zuzana Syrov\u00e1 An\u00fd\u017eov\u00e1","date":"29\/10\/2018","format":false,"excerpt":"\u00a0 P\u0159\u00edsp\u011bvek p\u0159ednesen\u00fd na symposiu Kellergassen Kulturlandschaft Weinviertel, kter\u00e9 uspo\u0159\u00e1dal v r\u00e1mci evropsk\u00e9ho roku kulturn\u00edho d\u011bdictv\u00ed dolnorakousk\u00fd zemsk\u00fd pam\u00e1tkov\u00fd \u00fa\u0159ad a obec Poysdorf ve dnech 26.-.28.10.2018 v Poysdorfu.","rel":"","context":"Podobn\u00fd p\u0159\u00edsp\u011bvek","block_context":{"text":"Podobn\u00fd p\u0159\u00edsp\u011bvek","link":""},"img":{"alt_text":"","src":"","width":0,"height":0},"classes":[]},{"id":3218,"url":"https:\/\/blog.sy-sy.cz\/index.php\/o-nas\/ing-arch-zuzana-syrova-anyzova\/","url_meta":{"origin":3318,"position":3},"title":"Ing. arch. Zuzana Syrov\u00e1 An\u00fd\u017eov\u00e1","author":"Zuzana Syrov\u00e1 An\u00fd\u017eov\u00e1","date":"15\/02\/2025","format":false,"excerpt":"Narozena 24.12.1956 v Brn\u011b. Vystudovala v letech 1975-1981 na VUT v Brn\u011b \u2013 obor architektura. V letech 1990 -1991 postgradu\u00e1ln\u00ed studium d\u011bjin architektury na Ecole d\u2019Architecture v Grenoblu (C.E.A.A. 1996). V roce 1992 absolvovala mezin\u00e1rodn\u00ed kurz se zam\u011b\u0159en\u00edm na hlin\u011bnou architekturu CRATerre\/ICCROM. V letech 1998 \u2013 1999 D.E.A. \u2013 Histoire\u2026","rel":"","context":"Podobn\u00fd p\u0159\u00edsp\u011bvek","block_context":{"text":"Podobn\u00fd p\u0159\u00edsp\u011bvek","link":""},"img":{"alt_text":"","src":"","width":0,"height":0},"classes":[]},{"id":3362,"url":"https:\/\/blog.sy-sy.cz\/index.php\/o-nasich-pamatkach\/terra-incognita-award-2011\/","url_meta":{"origin":3318,"position":4},"title":"Terra Incognita Award 2011","author":"Zuzana Syrov\u00e1 An\u00fd\u017eov\u00e1","date":"17\/06\/2025","format":false,"excerpt":"V roce 2011 se na\u0161\u00ed usedlosti \u010dp. 171 v \u010cist\u00e9 dostalo d\u00edky dochovan\u00fdm hlin\u011bn\u00fdm omaz\u00e1vk\u00e1m dymn\u00e9 jizby ocen\u011bn\u00ed Outstanding Earthen Architecture in Europe (V\u00fdjime\u010dn\u00e1 hlin\u011bn\u00e1 architektura v Evrop\u011b) v r\u00e1mci projektu Terra Inkognita, kulturn\u00edho programu Evropsk\u00e9 unie, jeho\u017e c\u00edlem bylo uchov\u00e1n\u00ed, propagace a rozvoj hlin\u011bn\u00e9 architektury v Evrop\u011b. Download","rel":"","context":"Podobn\u00fd p\u0159\u00edsp\u011bvek","block_context":{"text":"Podobn\u00fd p\u0159\u00edsp\u011bvek","link":""},"img":{"alt_text":"","src":"https:\/\/i0.wp.com\/blog.sy-sy.cz\/wp-content\/uploads\/2025\/06\/Terra_Incognita_Award_2011-2.jpg?fit=1200%2C600&ssl=1&resize=350%2C200","width":350,"height":200,"srcset":"https:\/\/i0.wp.com\/blog.sy-sy.cz\/wp-content\/uploads\/2025\/06\/Terra_Incognita_Award_2011-2.jpg?fit=1200%2C600&ssl=1&resize=350%2C200 1x, https:\/\/i0.wp.com\/blog.sy-sy.cz\/wp-content\/uploads\/2025\/06\/Terra_Incognita_Award_2011-2.jpg?fit=1200%2C600&ssl=1&resize=525%2C300 1.5x, https:\/\/i0.wp.com\/blog.sy-sy.cz\/wp-content\/uploads\/2025\/06\/Terra_Incognita_Award_2011-2.jpg?fit=1200%2C600&ssl=1&resize=700%2C400 2x, https:\/\/i0.wp.com\/blog.sy-sy.cz\/wp-content\/uploads\/2025\/06\/Terra_Incognita_Award_2011-2.jpg?fit=1200%2C600&ssl=1&resize=1050%2C600 3x"},"classes":[]},{"id":370,"url":"https:\/\/blog.sy-sy.cz\/index.php\/o-hline\/publikace\/hlina-ve-stavebne-historickych-a-inventarizacnich-pruzkumech-sovamm\/","url_meta":{"origin":3318,"position":5},"title":"Hl\u00edna ve stavebn\u011b historick\u00fdch a&nbsp;inventariza\u010dn\u00edch pr\u016fzkumech SOVAMM","author":"Zuzana Syrov\u00e1 An\u00fd\u017eov\u00e1","date":"29\/12\/2014","format":false,"excerpt":"Spole\u010dnost pro obnovu vesnice a mal\u00e9ho m\u011bsta (SOVAMM) vznikla v roce 1990 jako z\u00e1jmov\u00e9 sdru\u017een\u00ed odborn\u00edk\u016f a z\u00e1jemc\u016f o venkovsk\u00e9 stavitelstv\u00ed. Vernakul\u00e1rn\u00ed (lidovou i stavitelskou) architekturou se zab\u00fdv\u00e1 i z pohledu konstrukc\u00ed a technologi\u00ed. Dlouhodob\u00fdm projektem SOVAMM je Atlas lidov\u00e9 architektury, jeho\u017e vznik umo\u017enily dva stejnojmenn\u00e9 grantov\u00e9 projekty (Ku\u010da &\u2026","rel":"","context":"Podobn\u00fd p\u0159\u00edsp\u011bvek","block_context":{"text":"Podobn\u00fd p\u0159\u00edsp\u011bvek","link":""},"img":{"alt_text":"","src":"https:\/\/i0.wp.com\/blog.sy-sy.cz\/wp-content\/uploads\/2014\/12\/01-1-e1503569600224.jpg?fit=1038%2C721&ssl=1&resize=350%2C200","width":350,"height":200,"srcset":"https:\/\/i0.wp.com\/blog.sy-sy.cz\/wp-content\/uploads\/2014\/12\/01-1-e1503569600224.jpg?fit=1038%2C721&ssl=1&resize=350%2C200 1x, https:\/\/i0.wp.com\/blog.sy-sy.cz\/wp-content\/uploads\/2014\/12\/01-1-e1503569600224.jpg?fit=1038%2C721&ssl=1&resize=525%2C300 1.5x, https:\/\/i0.wp.com\/blog.sy-sy.cz\/wp-content\/uploads\/2014\/12\/01-1-e1503569600224.jpg?fit=1038%2C721&ssl=1&resize=700%2C400 2x"},"classes":[]}],"jetpack_sharing_enabled":true,"_links":{"self":[{"href":"https:\/\/blog.sy-sy.cz\/index.php\/wp-json\/wp\/v2\/pages\/3318","targetHints":{"allow":["GET"]}}],"collection":[{"href":"https:\/\/blog.sy-sy.cz\/index.php\/wp-json\/wp\/v2\/pages"}],"about":[{"href":"https:\/\/blog.sy-sy.cz\/index.php\/wp-json\/wp\/v2\/types\/page"}],"author":[{"embeddable":true,"href":"https:\/\/blog.sy-sy.cz\/index.php\/wp-json\/wp\/v2\/users\/2"}],"replies":[{"embeddable":true,"href":"https:\/\/blog.sy-sy.cz\/index.php\/wp-json\/wp\/v2\/comments?post=3318"}],"version-history":[{"count":3,"href":"https:\/\/blog.sy-sy.cz\/index.php\/wp-json\/wp\/v2\/pages\/3318\/revisions"}],"predecessor-version":[{"id":3321,"href":"https:\/\/blog.sy-sy.cz\/index.php\/wp-json\/wp\/v2\/pages\/3318\/revisions\/3321"}],"wp:attachment":[{"href":"https:\/\/blog.sy-sy.cz\/index.php\/wp-json\/wp\/v2\/media?parent=3318"}],"curies":[{"name":"wp","href":"https:\/\/api.w.org\/{rel}","templated":true}]}}