{"id":3322,"date":"2025-03-15T17:58:48","date_gmt":"2025-03-15T16:58:48","guid":{"rendered":"https:\/\/blog.sy-sy.cz\/?page_id=3322"},"modified":"2025-03-15T19:59:29","modified_gmt":"2025-03-15T18:59:29","slug":"vystavy","status":"publish","type":"page","link":"https:\/\/blog.sy-sy.cz\/index.php\/vystavy\/","title":{"rendered":"V\u00fdstavy"},"content":{"rendered":"<div class=\"members-access-error\"><img data-recalc-dims=\"1\" class=\"alignnone wp-image-3331 size-full\" src=\"https:\/\/i0.wp.com\/blog.sy-sy.cz\/wp-content\/uploads\/2025\/03\/0001184u-scaled-e1742064945727.jpg?resize=625%2C469&#038;ssl=1\" alt=\"\" width=\"625\" height=\"469\" \/><\/p>\n<h1>Str\u00e1nku p\u0159ipravujeme.<\/h1>\n<p>Omlouv\u00e1me se, na t\u00e9to str\u00e1nce aktu\u00e1ln\u011b pracujeme.<\/p><\/div>\n","protected":false},"excerpt":{"rendered":"<div class=\"members-access-error\"><img class=\"alignnone wp-image-3331 size-full\" src=\"https:\/\/blog.sy-sy.cz\/wp-content\/uploads\/2025\/03\/0001184u-scaled-e1742064945727.jpg\" alt=\"\" width=\"650\" height=\"488\" \/><\/p>\n<h1>Str\u00e1nku p\u0159ipravujeme.<\/h1>\n<p>Omlouv\u00e1me se, na t\u00e9to str\u00e1nce aktu\u00e1ln\u011b pracujeme.<\/p><\/div>\n","protected":false},"author":2,"featured_media":0,"parent":0,"menu_order":9,"comment_status":"closed","ping_status":"closed","template":"","meta":{"jetpack_post_was_ever_published":false,"footnotes":""},"class_list":["post-3322","page","type-page","status-publish","hentry"],"jetpack_shortlink":"https:\/\/wp.me\/P91gAT-RA","jetpack-related-posts":[{"id":2066,"url":"https:\/\/blog.sy-sy.cz\/index.php\/vystavy\/vystava-stavitel-josef-suta-1863-1941\/","url_meta":{"origin":3322,"position":0},"title":"V\u00fdstava Stavitel Josef \u0160uta (1863-1941)","author":"Zuzana Syrov\u00e1 An\u00fd\u017eov\u00e1","date":"01\/03\/2018","format":false,"excerpt":"V\u00fdstava Stavitel Josef \u0160uta (1863-1941), projekty a realizace \u2013 minulost a sou\u010dasnost se konala v Z\u00e1meck\u00e9 galerii v Uhersk\u00e9m Ostrohu ve dnech 16. z\u00e1\u0159\u00ed - 19. listopadu 2017.\u00a0 Prost\u0159ednictv\u00edm pl\u00e1n\u016f z let 1895 \u2013 1933 ze St\u00e1tn\u00edho okresn\u00edho archivu v Uhersk\u00e9m Hradi\u0161ti a osud\u016f realizovan\u00fdch staveb si m\u011bsto p\u0159ipomn\u011blo d\u00edlo\u2026","rel":"","context":"Podobn\u00fd p\u0159\u00edsp\u011bvek","block_context":{"text":"Podobn\u00fd p\u0159\u00edsp\u011bvek","link":""},"img":{"alt_text":"","src":"https:\/\/i0.wp.com\/blog.sy-sy.cz\/wp-content\/uploads\/2018\/03\/credits-212x300.jpg?resize=350%2C200&ssl=1","width":350,"height":200},"classes":[]},{"id":2681,"url":"https:\/\/blog.sy-sy.cz\/index.php\/projekty-a-pruzkumy\/shp-uhersky-ostroh\/","url_meta":{"origin":3322,"position":1},"title":"SHP Uhersk\u00fd Ostroh","author":"Zuzana Syrov\u00e1 An\u00fd\u017eov\u00e1","date":"15\/07\/2020","format":false,"excerpt":"Uhersk\u00fd Ostroh (Uhersk\u00e9 Hradi\u0161t\u011b), s\u00eddeln\u011b historick\u00fd pr\u016fzkum MPZ a p\u0159edm\u011bstsk\u00fdch \u010d\u00e1st\u00ed 1993 \/ (s Janem O. Eli\u00e1\u0161em) \/ investor: MU Uhersk\u00fd Ostroh Textov\u00e1 \u010d\u00e1st sv. I (Obsah \/ \u00davodn\u00ed pozn\u00e1mka \/ P\u0159ehled stavebn\u011b historick\u00e9ho a architektonick\u00e9ho v\u00fdvoje \/ Mapy a pl\u00e1ny \/ Literatura \/ Historick\u00e1 pl\u00e1nov\u00e1 dokumentace (stavebn\u00ed pl\u00e1ny)) Textov\u00e1\u2026","rel":"","context":"Podobn\u00fd p\u0159\u00edsp\u011bvek","block_context":{"text":"Podobn\u00fd p\u0159\u00edsp\u011bvek","link":""},"img":{"alt_text":"","src":"https:\/\/i0.wp.com\/blog.sy-sy.cz\/wp-content\/uploads\/2020\/07\/0008345-300x201.jpg?resize=350%2C200&ssl=1","width":350,"height":200},"classes":[]},{"id":2751,"url":"https:\/\/blog.sy-sy.cz\/index.php\/graficka-uprava-knih\/","url_meta":{"origin":3322,"position":2},"title":"Grafick\u00fd design","author":"Zuzana Syrov\u00e1 An\u00fd\u017eov\u00e1","date":"18\/07\/2021","format":false,"excerpt":"\u0160KABRADA, Ji\u0159\u00ed, Zuzana SYROV\u00c1-AN\u00dd\u017dOV\u00c1, et al. Nejstar\u0161\u00ed venkovsk\u00e9 domy ve v\u00fdchodn\u00edch \u010cech\u00e1ch. Vyd\u00e1n\u00ed prvn\u00ed. Pardubice: Univerzita Pardubice, Fakulta filozofick\u00e1; Brno: Spole\u010dnost pro obnovu vesnice a\u00a0mal\u00e9ho m\u011bsta, z. s., 2018.\u00a0512 stran. ISBN 978-80-7560-126-1 (Univerzita Pardubice), 978-80-907440-0-4 (Spole\u010dnost pro obnovu vesnice a\u00a0mal\u00e9ho m\u011bsta, z. s.). Uk\u00e1zka PDF ke sta\u017een\u00ed \u0160KABRADA, Ji\u0159\u00ed a\u00a0kol.\u2026","rel":"","context":"Podobn\u00fd p\u0159\u00edsp\u011bvek","block_context":{"text":"Podobn\u00fd p\u0159\u00edsp\u011bvek","link":""},"img":{"alt_text":"","src":"","width":0,"height":0},"classes":[]}],"jetpack_sharing_enabled":true,"_links":{"self":[{"href":"https:\/\/blog.sy-sy.cz\/index.php\/wp-json\/wp\/v2\/pages\/3322","targetHints":{"allow":["GET"]}}],"collection":[{"href":"https:\/\/blog.sy-sy.cz\/index.php\/wp-json\/wp\/v2\/pages"}],"about":[{"href":"https:\/\/blog.sy-sy.cz\/index.php\/wp-json\/wp\/v2\/types\/page"}],"author":[{"embeddable":true,"href":"https:\/\/blog.sy-sy.cz\/index.php\/wp-json\/wp\/v2\/users\/2"}],"replies":[{"embeddable":true,"href":"https:\/\/blog.sy-sy.cz\/index.php\/wp-json\/wp\/v2\/comments?post=3322"}],"version-history":[{"count":1,"href":"https:\/\/blog.sy-sy.cz\/index.php\/wp-json\/wp\/v2\/pages\/3322\/revisions"}],"predecessor-version":[{"id":3323,"href":"https:\/\/blog.sy-sy.cz\/index.php\/wp-json\/wp\/v2\/pages\/3322\/revisions\/3323"}],"wp:attachment":[{"href":"https:\/\/blog.sy-sy.cz\/index.php\/wp-json\/wp\/v2\/media?parent=3322"}],"curies":[{"name":"wp","href":"https:\/\/api.w.org\/{rel}","templated":true}]}}