{"id":3329,"date":"2025-03-15T19:21:35","date_gmt":"2025-03-15T18:21:35","guid":{"rendered":"https:\/\/blog.sy-sy.cz\/?page_id=3329"},"modified":"2025-03-15T20:03:09","modified_gmt":"2025-03-15T19:03:09","slug":"down-to-earth","status":"publish","type":"page","link":"https:\/\/blog.sy-sy.cz\/index.php\/o-hline\/down-to-earth\/","title":{"rendered":"Down to Earth"},"content":{"rendered":"<div class=\"members-access-error\">\n<h1><img data-recalc-dims=\"1\" class=\"alignnone wp-image-3331 size-full\" src=\"https:\/\/i0.wp.com\/blog.sy-sy.cz\/wp-content\/uploads\/2025\/03\/0001184u-scaled-e1742064945727.jpg?resize=625%2C469&#038;ssl=1\" alt=\"\" width=\"625\" height=\"469\" \/><\/h1>\n<h1>Str\u00e1nku p\u0159ipravujeme.<\/h1>\n<p>Omlouv\u00e1me se, na t\u00e9to str\u00e1nce aktu\u00e1ln\u011b pracujeme.<\/p><\/div>\n","protected":false},"excerpt":{"rendered":"<div class=\"members-access-error\">\n<h1><img class=\"alignnone wp-image-3331 size-full\" src=\"https:\/\/blog.sy-sy.cz\/wp-content\/uploads\/2025\/03\/0001184u-scaled-e1742064945727.jpg\" alt=\"\" width=\"650\" height=\"488\" \/><\/h1>\n<h1>Str\u00e1nku p\u0159ipravujeme.<\/h1>\n<p>Omlouv\u00e1me se, na t\u00e9to str\u00e1nce aktu\u00e1ln\u011b pracujeme.<\/p><\/div>\n","protected":false},"author":2,"featured_media":0,"parent":53,"menu_order":20,"comment_status":"closed","ping_status":"closed","template":"","meta":{"jetpack_post_was_ever_published":false,"footnotes":""},"class_list":["post-3329","page","type-page","status-publish","hentry"],"jetpack_shortlink":"https:\/\/wp.me\/P91gAT-RH","jetpack-related-posts":[{"id":44,"url":"https:\/\/blog.sy-sy.cz\/index.php\/o-hline\/publikace\/","url_meta":{"origin":3329,"position":0},"title":"Publikace o&nbsp;hl\u00edn\u011b","author":"Zuzana Syrov\u00e1 An\u00fd\u017eov\u00e1","date":"03\/11\/2014","format":false,"excerpt":"Syrov\u00e1, Z. & Syrov\u00fd, J. 1992. Hlin\u011bn\u00e1 architektura ve Francii. In Zpr\u00e1vy pam\u00e1tkov\u00e9 p\u00e9\u010de 1992\/52, 7: 4\u2013\u201315. Syrov\u00e1 Z., 1993, Renouveau des villages en terre en Moravie, in Comunica\u00e7\u00f5es - 7a confer\u00eancia internacional sobre o estudo e conserva\u00e7\u00e3o da architectura de terra, Lisboa, DGEMN, 237\u2013\u2013243 (PDF) Syrov\u00e1 Z. & Syrov\u00fd\u2026","rel":"","context":"Podobn\u00fd p\u0159\u00edsp\u011bvek","block_context":{"text":"Podobn\u00fd p\u0159\u00edsp\u011bvek","link":""},"img":{"alt_text":"","src":"","width":0,"height":0},"classes":[]},{"id":370,"url":"https:\/\/blog.sy-sy.cz\/index.php\/o-hline\/publikace\/hlina-ve-stavebne-historickych-a-inventarizacnich-pruzkumech-sovamm\/","url_meta":{"origin":3329,"position":1},"title":"Hl\u00edna ve stavebn\u011b historick\u00fdch a&nbsp;inventariza\u010dn\u00edch pr\u016fzkumech SOVAMM","author":"Zuzana Syrov\u00e1 An\u00fd\u017eov\u00e1","date":"29\/12\/2014","format":false,"excerpt":"Spole\u010dnost pro obnovu vesnice a mal\u00e9ho m\u011bsta (SOVAMM) vznikla v roce 1990 jako z\u00e1jmov\u00e9 sdru\u017een\u00ed odborn\u00edk\u016f a z\u00e1jemc\u016f o venkovsk\u00e9 stavitelstv\u00ed. Vernakul\u00e1rn\u00ed (lidovou i stavitelskou) architekturou se zab\u00fdv\u00e1 i z pohledu konstrukc\u00ed a technologi\u00ed. Dlouhodob\u00fdm projektem SOVAMM je Atlas lidov\u00e9 architektury, jeho\u017e vznik umo\u017enily dva stejnojmenn\u00e9 grantov\u00e9 projekty (Ku\u010da &\u2026","rel":"","context":"Podobn\u00fd p\u0159\u00edsp\u011bvek","block_context":{"text":"Podobn\u00fd p\u0159\u00edsp\u011bvek","link":""},"img":{"alt_text":"","src":"https:\/\/i0.wp.com\/blog.sy-sy.cz\/wp-content\/uploads\/2014\/12\/01-1-e1503569600224.jpg?fit=1038%2C721&ssl=1&resize=350%2C200","width":350,"height":200,"srcset":"https:\/\/i0.wp.com\/blog.sy-sy.cz\/wp-content\/uploads\/2014\/12\/01-1-e1503569600224.jpg?fit=1038%2C721&ssl=1&resize=350%2C200 1x, https:\/\/i0.wp.com\/blog.sy-sy.cz\/wp-content\/uploads\/2014\/12\/01-1-e1503569600224.jpg?fit=1038%2C721&ssl=1&resize=525%2C300 1.5x, https:\/\/i0.wp.com\/blog.sy-sy.cz\/wp-content\/uploads\/2014\/12\/01-1-e1503569600224.jpg?fit=1038%2C721&ssl=1&resize=700%2C400 2x"},"classes":[]}],"jetpack_sharing_enabled":true,"_links":{"self":[{"href":"https:\/\/blog.sy-sy.cz\/index.php\/wp-json\/wp\/v2\/pages\/3329","targetHints":{"allow":["GET"]}}],"collection":[{"href":"https:\/\/blog.sy-sy.cz\/index.php\/wp-json\/wp\/v2\/pages"}],"about":[{"href":"https:\/\/blog.sy-sy.cz\/index.php\/wp-json\/wp\/v2\/types\/page"}],"author":[{"embeddable":true,"href":"https:\/\/blog.sy-sy.cz\/index.php\/wp-json\/wp\/v2\/users\/2"}],"replies":[{"embeddable":true,"href":"https:\/\/blog.sy-sy.cz\/index.php\/wp-json\/wp\/v2\/comments?post=3329"}],"version-history":[{"count":1,"href":"https:\/\/blog.sy-sy.cz\/index.php\/wp-json\/wp\/v2\/pages\/3329\/revisions"}],"predecessor-version":[{"id":3330,"href":"https:\/\/blog.sy-sy.cz\/index.php\/wp-json\/wp\/v2\/pages\/3329\/revisions\/3330"}],"up":[{"embeddable":true,"href":"https:\/\/blog.sy-sy.cz\/index.php\/wp-json\/wp\/v2\/pages\/53"}],"wp:attachment":[{"href":"https:\/\/blog.sy-sy.cz\/index.php\/wp-json\/wp\/v2\/media?parent=3329"}],"curies":[{"name":"wp","href":"https:\/\/api.w.org\/{rel}","templated":true}]}}