{"id":338,"date":"2014-12-29T15:42:50","date_gmt":"2014-12-29T13:42:50","guid":{"rendered":"http:\/\/sy-sy.synology.me\/?page_id=338"},"modified":"2026-03-11T16:42:34","modified_gmt":"2026-03-11T15:42:34","slug":"publikace","status":"publish","type":"page","link":"https:\/\/blog.sy-sy.cz\/index.php\/publikace\/","title":{"rendered":"Publikace"},"content":{"rendered":"<ul>\n<li>\u0160KABRADA, Ji\u0159\u00ed a\u00a0SYROV\u00c1, Zuzana.\u00a0<span data-syno-attrs=\"{&quot;value&quot;:&quot;Ubuntu&quot;,&quot;eastAsia&quot;:&quot;Ubuntu&quot;,&quot;complexScript&quot;:&quot;Ubuntu&quot;,&quot;hint&quot;:&quot;default&quot;}\">D\u016fm \u010dp.\u00a0171 v\u00a0\u010cist\u00e9 u\u00a0Litomy\u0161le. In:\u00a0<\/span><span data-syno-attrs=\"{&quot;value&quot;:&quot;Ubuntu&quot;,&quot;eastAsia&quot;:&quot;Ubuntu&quot;,&quot;complexScript&quot;:&quot;Ubuntu&quot;,&quot;hint&quot;:&quot;default&quot;}\">Archaeologia historica\u00a0<\/span><span data-syno-attrs=\"{&quot;value&quot;:&quot;Ubuntu&quot;,&quot;eastAsia&quot;:&quot;Ubuntu&quot;,&quot;complexScript&quot;:&quot;Ubuntu&quot;,&quot;hint&quot;:&quot;default&quot;}\">14, 1989, s. 325\u2014336.\u00a0<a href=\"https:\/\/sovamm.cz\/wordpress\/wp-content\/uploads\/2026\/02\/AH_14_1989_28.pdf\" target=\"_blank\" rel=\"noopener\">PDF<\/a><\/span><\/li>\n<li>EDEL Tom\u00e1\u0161, SYROV\u00c1 Zuzana, \u0160KABRADA Ji\u0159\u00ed, Strop jizby domu \u010dp.&nbsp;33 v&nbsp;Kun\u011bjov\u011b (okres Jind\u0159ich\u016fv Hradec). Pam\u00e1tky a&nbsp;p\u0159\u00edroda 16, 1991, \u010d.&nbsp;3, s. 153<span data-syno-attrs=\"{&quot;value&quot;:&quot;Ubuntu&quot;,&quot;eastAsia&quot;:&quot;Ubuntu&quot;,&quot;complexScript&quot;:&quot;Ubuntu&quot;,&quot;hint&quot;:&quot;default&quot;}\">\u2014<\/span>156. <a href=\"http:\/\/sovamm.cz\/PDFs\/Biblio\/Kunejov33.pdf#pagemode=bookmarks&amp;page=1\" target=\"_blank\" rel=\"noopener noreferrer\">PDF<\/a><\/li>\n<li>SYROV\u00c1, Zuzana; SYROV\u00dd, Ji\u0159\u00ed: Od posledn\u00ed (?) jizby k&nbsp;prvn\u00ed (?) sv\u011btnici (na Vyso\u010din\u011b), in Vesnick\u00fd d\u016fm v&nbsp;16.&nbsp;a&nbsp;17.&nbsp;stolet\u00ed, Praha 1992, s. 111<span data-syno-attrs=\"{&quot;value&quot;:&quot;Ubuntu&quot;,&quot;eastAsia&quot;:&quot;Ubuntu&quot;,&quot;complexScript&quot;:&quot;Ubuntu&quot;,&quot;hint&quot;:&quot;default&quot;}\">\u2014<\/span>131.<\/li>\n<li><span class=\"\">SYROV\u00c1, Zuzana; SYROV\u00dd, Ji\u0159\u00ed: Ma\u0159atick\u00e9 vinohrady. P\u016fvodn\u00ed architektura versus modernizace. <\/span>In: <span class=\"sourceDocument\">Um\u011bn\u00ed a&nbsp;\u0159emesla. \u010ctvrtletn\u00edk pro kulturu prost\u0159ed\u00ed.<\/span> Praha : Sdru\u017een\u00ed Um\u011bn\u00ed a&nbsp;\u0159emesla 38, \u010d.&nbsp;2, (1996,) s. 74-79.<\/li>\n<li>SYROV\u00c1, Zuzana; SYROV\u00dd, Ji\u0159\u00ed: Construction en bois dans les Alpes. Alpes, Alpi. Grenoble, Torino, 1997, EAG\/Polytechnica Torino. Celid, s. 529-535, ISBN 88-7661-274-2.<\/li>\n<li>SYROV\u00c1, Zuzana; SYROV\u00dd, Ji\u0159\u00ed: <span class=\"\">Pam\u00e1tkov\u00e1 z\u00f3na Lysovice &#8211; poznatky stavebn\u011b historick\u00e9ho pr\u016fzkumu. <\/span>In: <span class=\"sourceDocument\">Pam\u00e1tkov\u00e1 p\u00e9\u010de na Morav\u011b. = Monumentorum Moraviae tutela: lidov\u00e9 stavitelstv\u00ed \/<\/span> Brno : N\u00e1rodn\u00ed pam\u00e1tkov\u00fd \u00fastav 7, 2003, s. 41-56. <a href=\"https:\/\/sovamm.cz\/PDFs\/SySy\/lysovice\/Lysovice_2003r.pdf#pagemode=bookmarks&amp;page=2\" target=\"_blank\" rel=\"noopener noreferrer\">PDF<\/a><\/li>\n<li>SYROV\u00c1, Zuzana; SYROV\u00dd, Ji\u0159\u00ed: Okna a&nbsp;dve\u0159e star\u00fdch vesnick\u00fdch staveb na Vyso\u010din\u011b &#8211; Fenster und T\u00fcren in alten l\u00e4ndlichen Bauwerken im H\u00fcgelland B\u00f6hmisch- M\u00e4hriseche H\u00f6he \u2026 . Svorn\u00edk 2\/2004, str.&nbsp;153-162, ISBN: 80-86562-03-4 | ISSN 1802-8128. <a href=\"https:\/\/sovamm.cz\/PDFs\/Svornik\/02-2004-153-162_.pdf#pagemode=bookmarks&amp;page=1\" target=\"_blank\" rel=\"noopener noreferrer\">PDF<\/a><\/li>\n<li>SYROV\u00c1, Zuzana; SYROV\u00dd, Ji\u0159\u00ed: Krovy jako sou\u010d\u00e1st konstrukce domu ve vernakul\u00e1rn\u00ed architektu\u0159e: p\u0159\u00edklady z&nbsp;Alp\u00a0 \u2013 Dachwerke als Bestandteil der Konstruktion des Hauses in der Vernakulararchitektur: Beispiele aus den Alpen. Svorn\u00edk 3\/2005, str.&nbsp;291-306, ISBN: 80-86562-06-9 | ISSN 1802-8128. <a href=\"https:\/\/sovamm.cz\/PDFs\/Svornik\/03-2005-291-306_.pdf#pagemode=bookmarks&amp;page=1\" target=\"_blank\" rel=\"noopener noreferrer\">PDF<\/a><\/li>\n<li>SYROV\u00c1, Zuzana; SYROV\u00dd, Ji\u0159\u00ed: Le relev\u00e9 comme source documentaire : l\u2018exemple de l\u2018architecture rurale dans les Alpes. fabricA &#8211; num\u00e9ro 1, 2007, str.&nbsp;83-96. <a href=\"https:\/\/sovamm.cz\/PDFs\/SySy\/fabricA%201.pdf#pagemode=bookmarks&amp;page=83\" target=\"_blank\" rel=\"noopener noreferrer\">PDF<\/a><\/li>\n<li>SYROV\u00c1, Zuzana; SYROV\u00dd, Ji\u0159\u00ed: \u00daskal\u00ed typologick\u00e9 klasifikace vernakul\u00e1rn\u00edch staveb. Svorn\u00edk 6\/2008.&nbsp;str.&nbsp;157-168, ISBN 978-80-86562-11-7 | ISSN 1802-8128. <a href=\"https:\/\/sovamm.cz\/PDFs\/Svornik\/06-2008-157-168_.pdf#pagemode=bookmarks&amp;page=1\" target=\"_blank\" rel=\"noopener noreferrer\">PDF<\/a><\/li>\n<li>SYROV\u00c1, Zuzana; SYROV\u00dd, Ji\u0159\u00ed: D\u016fm s&nbsp;rohovou s\u00edn\u00ed \u2013 opom\u00edjen\u00e1 typologick\u00e1 varianta trojd\u00edln\u00e9ho domu. Svorn\u00edk 6\/2008.&nbsp;str.&nbsp;169-176, ISBN 978-80-86562-11-7 | ISSN 1802-8128. <a href=\"https:\/\/sovamm.cz\/PDFs\/Svornik\/06-2008-169-176_.pdf#pagemode=bookmarks&amp;page=1\" target=\"_blank\" rel=\"noopener noreferrer\">PDF<\/a><\/li>\n<li>\u0160KABRADA, Ji\u0159\u00ed; SYROV\u00c1, Zuzana; SYROV\u00dd, Ji\u0159\u00ed: Die \u00e4ltesten Bauernh\u00e4user im b\u00f6hmisch-m\u00e4hrischen Grenzgebiet. Wandel im Wohnbau zwischen Gotik und Barock : Die sa\u0308chsisch-bo\u0308hmische Entwicklung im u\u0308berregionalen Vergleich : [Tagung in Pirna vom 18 bis 21 September 2002]; Jahrbuch fu\u0308r Hausforschung, Band 53. Marburg : Jonas Verlag fu\u0308r Kunst, 2012.&nbsp;str.&nbsp;233-242,\u00a0 ISBN\u00a0 9783894453909<\/li>\n<li>SYROV\u00c1, Zuzana; SYROV\u00dd, Ji\u0159\u00ed; \u0160TURC, Libor: Architektura. In PROK\u016ePEK, Bohum\u00edr. <i>N\u00e1rodn\u00ed park Podyj\u00ed<\/i>. V&nbsp;Praze: Spr\u00e1va n\u00e1rodn\u00edho parku Podyj\u00ed, Znojmo v&nbsp;nakl. ASCO, 2012.&nbsp;str.&nbsp;181\u2013184. ISBN 978-80-85377-22-4.<\/li>\n<li>\u0160KABRADA, Ji\u0159\u00ed, SYROV\u00c1-AN\u00dd\u017dOV\u00c1, Zuzana, eds. <em>Nejstar\u0161\u00ed venkovsk\u00e9 domy ve v\u00fdchodn\u00edch \u010cech\u00e1ch<\/em>. Pardubice, Brno: Univerzita Pardubice, SOVAMM, 2018.\u00a0512 s.<br \/>\nISBN 978-80-7560-126-1 (Univerzita Pardubice), ISBN 978-80-907440-0-4 (Spole\u010dnost pro obnovu vesnice a\u00a0mal\u00e9ho m\u011bsta, z.s.). <a href=\"https:\/\/blog.sy-sy.cz\/wp-content\/uploads\/2019\/01\/NVD_201812_vyber_W1rz.pdf#pagemode=bookmarks&amp;page=1\" target=\"_blank\" rel=\"noopener noreferrer\">Uk\u00e1zka PDF<\/a><\/li>\n<li>SYROV\u00c1, Zuzana; SYROV\u00dd, Ji\u0159\u00ed: Analysis of Rural Settlement in the Czech Republic: A&nbsp;Case Study of Doln\u00ed Kounice . In C. Mileto, F. Vegas, A. Hueto-Escobar,, &amp; S. Manzano-Fern\u00e1ndez (eds)\u00a0 Historic Settlements. Conservation, regeneration and management, Valencia, edUPVm, 2025, str.&nbsp;907-914 (<a href=\"https:\/\/blog.sy-sy.cz\/wp-content\/uploads\/2025\/10\/19340-61855-1-PB.pdf\" target=\"_blank\" rel=\"noopener\">PDF<\/a>)<\/li>\n<\/ul>\n<address>Dal\u0161\u00ed najdete v&nbsp;odd\u00edle: <a href=\"https:\/\/blog.sy-sy.cz\/index.php\/o-hline\/publikace\/\">Publikace o&nbsp;hl\u00edn\u011b<\/a> a&nbsp;<a href=\"https:\/\/blog.sy-sy.cz\/index.php\/o-gis-a-pagis\/publikace-o-gis-a-pagis\/\">Publikace o&nbsp;GIS a&nbsp;PaGIS<\/a><\/address>\n<address>\u00a0<\/address>\n<p>Aktualizov\u00e1no <span class=\"last-modified-timestamp\">11\/03\/2026 16:42<\/span><\/p>\n","protected":false},"excerpt":{"rendered":"<p>\u0160KABRADA, Ji\u0159\u00ed a\u00a0SYROV\u00c1, Zuzana.\u00a0D\u016fm \u010dp.\u00a0171 v\u00a0\u010cist\u00e9 u\u00a0Litomy\u0161le. In:\u00a0Archaeologia historica\u00a014, 1989, s. 325\u2014336.\u00a0PDF EDEL Tom\u00e1\u0161, SYROV\u00c1 Zuzana, \u0160KABRADA Ji\u0159\u00ed, Strop jizby domu \u010dp.&nbsp;33 v&nbsp;Kun\u011bjov\u011b (okres Jind\u0159ich\u016fv Hradec). Pam\u00e1tky a&nbsp;p\u0159\u00edroda 16, 1991, [&hellip;]<\/p>\n","protected":false},"author":2,"featured_media":0,"parent":0,"menu_order":7,"comment_status":"closed","ping_status":"closed","template":"","meta":{"jetpack_post_was_ever_published":false,"footnotes":""},"class_list":["post-338","page","type-page","status-publish","hentry"],"jetpack_shortlink":"https:\/\/wp.me\/P91gAT-5s","jetpack-related-posts":[{"id":2751,"url":"https:\/\/blog.sy-sy.cz\/index.php\/graficka-uprava-knih\/","url_meta":{"origin":338,"position":0},"title":"Grafick\u00fd design","author":"Zuzana Syrov\u00e1 An\u00fd\u017eov\u00e1","date":"18\/07\/2021","format":false,"excerpt":"\u0160KABRADA, Ji\u0159\u00ed, Zuzana SYROV\u00c1-AN\u00dd\u017dOV\u00c1, et al. Nejstar\u0161\u00ed venkovsk\u00e9 domy ve v\u00fdchodn\u00edch \u010cech\u00e1ch. Vyd\u00e1n\u00ed prvn\u00ed. Pardubice: Univerzita Pardubice, Fakulta filozofick\u00e1; Brno: Spole\u010dnost pro obnovu vesnice a\u00a0mal\u00e9ho m\u011bsta, z. s., 2018.\u00a0512 stran. ISBN 978-80-7560-126-1 (Univerzita Pardubice), 978-80-907440-0-4 (Spole\u010dnost pro obnovu vesnice a\u00a0mal\u00e9ho m\u011bsta, z. s.). Uk\u00e1zka PDF ke sta\u017een\u00ed \u0160KABRADA, Ji\u0159\u00ed a\u00a0kol.\u2026","rel":"","context":"Podobn\u00fd p\u0159\u00edsp\u011bvek","block_context":{"text":"Podobn\u00fd p\u0159\u00edsp\u011bvek","link":""},"img":{"alt_text":"","src":"","width":0,"height":0},"classes":[]},{"id":32,"url":"https:\/\/blog.sy-sy.cz\/index.php\/o-nas\/","url_meta":{"origin":338,"position":1},"title":"O n\u00e1s","author":"Zuzana Syrov\u00e1 An\u00fd\u017eov\u00e1","date":"03\/11\/2014","format":false,"excerpt":"Specializujeme se na \u00fazemn\u00ed a regula\u010dn\u00ed pl\u00e1ny, stavebn\u011b historick\u00e9 pr\u016fzkumy a souvisej\u00edc\u00ed projekty obnovy, stavebn\u011b historick\u00e9 a inventariza\u010dn\u00ed pr\u016fzkumy s\u00eddel a \u00fazem\u00ed, GIS. Syrov\u00fd a Syrov\u00e1, architekti v datech: 1980 - za\u010d\u00e1tek spolupr\u00e1ce (sout\u011b\u017ee, pr\u016fzkumy lidov\u00e9 \/ vernakul\u00e1rn\u00ed architektury) 1990 - zalo\u017een\u00ed architektonick\u00e9 kancel\u00e1\u0159e 1994 - za\u010d\u00e1tek v\u00fdvoje GIS pro\u2026","rel":"","context":"Podobn\u00fd p\u0159\u00edsp\u011bvek","block_context":{"text":"Podobn\u00fd p\u0159\u00edsp\u011bvek","link":""},"img":{"alt_text":"","src":"https:\/\/i0.wp.com\/blog.sy-sy.cz\/wp-content\/uploads\/2019\/01\/Addiss_19910411_02oBW-e1546423847515.jpg?fit=1038%2C766&ssl=1&resize=350%2C200","width":350,"height":200,"srcset":"https:\/\/i0.wp.com\/blog.sy-sy.cz\/wp-content\/uploads\/2019\/01\/Addiss_19910411_02oBW-e1546423847515.jpg?fit=1038%2C766&ssl=1&resize=350%2C200 1x, https:\/\/i0.wp.com\/blog.sy-sy.cz\/wp-content\/uploads\/2019\/01\/Addiss_19910411_02oBW-e1546423847515.jpg?fit=1038%2C766&ssl=1&resize=525%2C300 1.5x, https:\/\/i0.wp.com\/blog.sy-sy.cz\/wp-content\/uploads\/2019\/01\/Addiss_19910411_02oBW-e1546423847515.jpg?fit=1038%2C766&ssl=1&resize=700%2C400 2x"},"classes":[]},{"id":342,"url":"https:\/\/blog.sy-sy.cz\/index.php\/o-gis-a-pagis\/publikace-o-gis-a-pagis\/","url_meta":{"origin":338,"position":2},"title":"Publikace o&nbsp;GIS a&nbsp;PaGIS","author":"Zuzana Syrov\u00e1 An\u00fd\u017eov\u00e1","date":"29\/12\/2014","format":false,"excerpt":"SYROV\u00c1, Zuzana; SYROV\u00dd, Ji\u0159\u00ed: GIS pro SHP: Jedno\u00fa\u010delov\u00e1 po\u010d\u00edta\u010dov\u011b zpracovan\u00e1 dokumentace versus objektov\u011b orientovan\u00fd GIS | GIS f\u00fcr bauhistorische Untersuchungen. Die einem einzigen Zweck dienende computerbearbeitete Dokumentation versus objektorientiertes GIS. Svorn\u00edk, 4\/2006. ISBN 80-86562-07-7 |\u00a0 ISSN 1802-8128. PDF SYROV\u00c1, Zuzana; SYROV\u00dd, Ji\u0159\u00ed: \u00a0Stavebn\u011b - historick\u00fd pr\u016fzkum s\u00eddla a jeho zpracov\u00e1n\u00ed\u2026","rel":"","context":"Podobn\u00fd p\u0159\u00edsp\u011bvek","block_context":{"text":"Podobn\u00fd p\u0159\u00edsp\u011bvek","link":""},"img":{"alt_text":"","src":"","width":0,"height":0},"classes":[]},{"id":370,"url":"https:\/\/blog.sy-sy.cz\/index.php\/o-hline\/publikace\/hlina-ve-stavebne-historickych-a-inventarizacnich-pruzkumech-sovamm\/","url_meta":{"origin":338,"position":3},"title":"Hl\u00edna ve stavebn\u011b historick\u00fdch a&nbsp;inventariza\u010dn\u00edch pr\u016fzkumech SOVAMM","author":"Zuzana Syrov\u00e1 An\u00fd\u017eov\u00e1","date":"29\/12\/2014","format":false,"excerpt":"Spole\u010dnost pro obnovu vesnice a mal\u00e9ho m\u011bsta (SOVAMM) vznikla v roce 1990 jako z\u00e1jmov\u00e9 sdru\u017een\u00ed odborn\u00edk\u016f a z\u00e1jemc\u016f o venkovsk\u00e9 stavitelstv\u00ed. Vernakul\u00e1rn\u00ed (lidovou i stavitelskou) architekturou se zab\u00fdv\u00e1 i z pohledu konstrukc\u00ed a technologi\u00ed. Dlouhodob\u00fdm projektem SOVAMM je Atlas lidov\u00e9 architektury, jeho\u017e vznik umo\u017enily dva stejnojmenn\u00e9 grantov\u00e9 projekty (Ku\u010da &\u2026","rel":"","context":"Podobn\u00fd p\u0159\u00edsp\u011bvek","block_context":{"text":"Podobn\u00fd p\u0159\u00edsp\u011bvek","link":""},"img":{"alt_text":"","src":"https:\/\/i0.wp.com\/blog.sy-sy.cz\/wp-content\/uploads\/2014\/12\/01-1-e1503569600224.jpg?fit=1038%2C721&ssl=1&resize=350%2C200","width":350,"height":200,"srcset":"https:\/\/i0.wp.com\/blog.sy-sy.cz\/wp-content\/uploads\/2014\/12\/01-1-e1503569600224.jpg?fit=1038%2C721&ssl=1&resize=350%2C200 1x, https:\/\/i0.wp.com\/blog.sy-sy.cz\/wp-content\/uploads\/2014\/12\/01-1-e1503569600224.jpg?fit=1038%2C721&ssl=1&resize=525%2C300 1.5x, https:\/\/i0.wp.com\/blog.sy-sy.cz\/wp-content\/uploads\/2014\/12\/01-1-e1503569600224.jpg?fit=1038%2C721&ssl=1&resize=700%2C400 2x"},"classes":[]},{"id":3212,"url":"https:\/\/blog.sy-sy.cz\/index.php\/o-nas\/ing-arch-jiri-syrovy\/","url_meta":{"origin":338,"position":4},"title":"Ing. arch. Ji\u0159\u00ed Syrov\u00fd","author":"Zuzana Syrov\u00e1 An\u00fd\u017eov\u00e1","date":"15\/02\/2025","format":false,"excerpt":"Narozen 18. 9. 1955 v Brn\u011b. Vystudoval v letech 1975-1981 na VUT v Brn\u011b \u2013 obor architektura; v roce 1986 tamt\u00e9\u017e postgradu\u00e1ln\u00ed studium v oboru v\u00fdstavnitcv\u00ed. V letech 1990 -1991 postgradu\u00e1ln\u00ed studium d\u011bjin architektury na Ecole d\u2019Architecture v Grenoblu. Specializuje se na pr\u016fzkumy a obnovu pam\u00e1tek a prostorov\u00e9 pl\u00e1nov\u00e1n\u00ed. V\u2026","rel":"","context":"Podobn\u00fd p\u0159\u00edsp\u011bvek","block_context":{"text":"Podobn\u00fd p\u0159\u00edsp\u011bvek","link":""},"img":{"alt_text":"","src":"","width":0,"height":0},"classes":[]},{"id":795,"url":"https:\/\/blog.sy-sy.cz\/index.php\/projekty-a-pruzkumy\/shp-lysovice\/","url_meta":{"origin":338,"position":5},"title":"SHP Lysovice","author":"Zuzana Syrov\u00e1 An\u00fd\u017eov\u00e1","date":"04\/09\/2016","format":false,"excerpt":"Lysovice (Vy\u0161kov), s\u00eddeln\u011b historick\u00fd pr\u016fzkum 1997 \/ (s Janem O. Eli\u00e1\u0161em) \/ investor: OkU Vy\u0161kov * P\u0159eveden\u00ed ti\u0161t\u011bn\u00e9 podoby SHP do dokument\u016f PDF a GIS ArcView \/ ArcExplorer 2000 Tituln\u00ed strana Textov\u00e1 \u010d\u00e1st Katalog objekt\u016f Obrazov\u00e9 p\u0159\u00edlohy Grafick\u00e1 \u010d\u00e1st * GIS data dostupn\u00e1 na CD N150SYSY2000 SYROV\u00c1, Zuzana; SYROV\u00dd, Ji\u0159\u00ed:\u2026","rel":"","context":"S 1 koment\u00e1\u0159em","block_context":{"text":"S 1 koment\u00e1\u0159em","link":"https:\/\/blog.sy-sy.cz\/index.php\/projekty-a-pruzkumy\/shp-lysovice\/#comments"},"img":{"alt_text":"LEYD06_","src":"https:\/\/i0.wp.com\/blog.sy-sy.cz\/wp-content\/uploads\/2016\/09\/LEYD06_-1-300x202.jpg?resize=350%2C200&ssl=1","width":350,"height":200},"classes":[]}],"jetpack_sharing_enabled":true,"_links":{"self":[{"href":"https:\/\/blog.sy-sy.cz\/index.php\/wp-json\/wp\/v2\/pages\/338","targetHints":{"allow":["GET"]}}],"collection":[{"href":"https:\/\/blog.sy-sy.cz\/index.php\/wp-json\/wp\/v2\/pages"}],"about":[{"href":"https:\/\/blog.sy-sy.cz\/index.php\/wp-json\/wp\/v2\/types\/page"}],"author":[{"embeddable":true,"href":"https:\/\/blog.sy-sy.cz\/index.php\/wp-json\/wp\/v2\/users\/2"}],"replies":[{"embeddable":true,"href":"https:\/\/blog.sy-sy.cz\/index.php\/wp-json\/wp\/v2\/comments?post=338"}],"version-history":[{"count":7,"href":"https:\/\/blog.sy-sy.cz\/index.php\/wp-json\/wp\/v2\/pages\/338\/revisions"}],"predecessor-version":[{"id":3771,"href":"https:\/\/blog.sy-sy.cz\/index.php\/wp-json\/wp\/v2\/pages\/338\/revisions\/3771"}],"wp:attachment":[{"href":"https:\/\/blog.sy-sy.cz\/index.php\/wp-json\/wp\/v2\/media?parent=338"}],"curies":[{"name":"wp","href":"https:\/\/api.w.org\/{rel}","templated":true}]}}