{"id":342,"date":"2014-12-29T15:42:28","date_gmt":"2014-12-29T13:42:28","guid":{"rendered":"http:\/\/sy-sy.synology.me\/?page_id=342"},"modified":"2025-11-08T14:31:07","modified_gmt":"2025-11-08T13:31:07","slug":"publikace-o-gis-a-pagis","status":"publish","type":"page","link":"https:\/\/blog.sy-sy.cz\/index.php\/o-gis-a-pagis\/publikace-o-gis-a-pagis\/","title":{"rendered":"Publikace o&nbsp;GIS a&nbsp;PaGIS"},"content":{"rendered":"<ul>\n<li>SYROV\u00c1, Zuzana; SYROV\u00dd, Ji\u0159\u00ed: GIS pro SHP: Jedno\u00fa\u010delov\u00e1 po\u010d\u00edta\u010dov\u011b zpracovan\u00e1 dokumentace versus objektov\u011b orientovan\u00fd GIS | GIS f\u00fcr bauhistorische Untersuchungen. Die einem einzigen Zweck dienende computerbearbeitete Dokumentation versus objektorientiertes GIS. Svorn\u00edk, 4\/2006. ISBN 80-86562-07-7 |\u00a0 ISSN 1802-8128. <a href=\"http:\/\/sovamm.cz\/PDFs\/Svornik\/04-2006-035-044_.pdf#pagemode=bookmarks&amp;page=1\" target=\"_blank\" rel=\"noopener noreferrer\">PDF<\/a><\/li>\n<li>SYROV\u00c1, Zuzana; SYROV\u00dd, Ji\u0159\u00ed: \u00a0Stavebn\u011b &#8211; historick\u00fd pr\u016fzkum s\u00eddla a&nbsp;jeho zpracov\u00e1n\u00ed v&nbsp;Geografick\u00e9m informa\u010dn\u00edm syst\u00e9mu; Zpr\u00e1vy pam\u00e1tkov\u00e9 p\u00e9\u010de, sv 70, 2, s.137-140. IISSN 1210-5538, <a href=\"https:\/\/blog.sy-sy.cz\/wp-content\/uploads\/2018\/03\/zpp1002077156_137-140.pdf\" target=\"_blank\" rel=\"noopener noreferrer\">PDF<\/a><\/li>\n<li>SYROV\u00c1, Zuzana; SYROV\u00dd, Ji\u0159\u00ed. GIS as a&nbsp;part of Czech Heritage Integrated Information System. XXIIrd Symposium CIPA, September, 12th-16th, 2011, Prague, Faculty of Civil Engeneering, Czech technical University in Prague; ISBN 978-80-01-04885-6. <a href=\"https:\/\/blog.sy-sy.cz\/wp-content\/uploads\/2018\/03\/cipa117123998.pdf\" target=\"_blank\" rel=\"noopener noreferrer\">PDF<\/a>\u00a0\u00a6 <a href=\"https:\/\/sovamm.cz\/PDFs\/SySy\/poster_201112_black52#pagemode=bookmarks&amp;page=112\" target=\"_blank\" rel=\"noopener noreferrer\">poster<\/a><\/li>\n<li>SYROV\u00c1, Zuzana, EISMANN, \u0160imon. Geografick\u00e9 informa\u010dn\u00ed syst\u00e9my v\u00a0N\u00e1rodn\u00edm pam\u00e1tkov\u00e9m \u00fastavu. <em>ArcRevue<\/em>. 2013, \u010d.2, s. 10 \u2013 16. <a href=\"https:\/\/blog.sy-sy.cz\/wp-content\/uploads\/2018\/03\/PAGIS_2013.pdf\" target=\"_blank\" rel=\"noopener noreferrer\">PDF<\/a><\/li>\n<li>SYROV\u00c1, Zuzana; SYROV\u00dd, Ji\u0159\u00ed: Zpracov\u00e1n\u00ed odborn\u00fdch GIS dat v&nbsp;podrobnostech zam\u011b\u0159en\u00ed jednotliv\u00fdch objekt\u016f 1:200 \u2013 1:25; Zpr\u00e1vy pam\u00e1tkov\u00e9 p\u00e9\u010de, sv 74, 5, s. 407-410. IISSN 1210-5538. <a href=\"https:\/\/sovamm.cz\/PDFs\/ZPP\/ZPP_05_2014_07.pdf#pagemode=bookmarks&amp;page=1\" target=\"_blank\" rel=\"noopener noreferrer\">PDF<\/a><\/li>\n<li>SYROV\u00c1, Zuzana, SYROV\u00dd, Ji\u0159\u00ed, \u0160\u0164OV\u00cd\u010cKOV\u00c1, Alena: Oborov\u00fd informa\u010dn\u00ed syst\u00e9m pam\u00e1tkov\u00e9 p\u00e9\u010de v&nbsp;kontextu n\u00e1rodn\u00edch a&nbsp;mezin\u00e1rodn\u00edch snah o&nbsp;zaji\u0161t\u011bn\u00ed interoperabilty; Zpr\u00e1vy pam\u00e1tkov\u00e9 p\u00e9\u010de, sv 74, 5, s. 411-416. IISSN 1210-5538. <a href=\"https:\/\/sovamm.cz\/PDFs\/ZPP\/ZPP_05_2014_08.pdf#pagemode=bookmarks&amp;page=1\" target=\"_blank\" rel=\"noopener noreferrer\">PDF<\/a><\/li>\n<li>Syrov\u00e1, Z. &amp; Syrov\u00fd, J. 2018.\u00a0 Constructions en terre dans le syst\u00e8me d\u2019information du patrimoine in JOFFROY, T., GUILLAUD, H., SADOZA\u00cf, C. (dir.). Terra Lyon 2016: Articles s\u00e9lectionn\u00e9s pour publication en ligne \/ articles selected for on-line publication \/ art\u00edculos seleccionados para publicaci\u00f3n en l\u00ednea. Villefontaine : CRAterre. ISBN 979-10-96446-12-4. Disponible en ligne sur &lt; <a href=\"https:\/\/craterre.hypotheses.org\/1827\" target=\"_blank\" rel=\"noopener noreferrer\">https:\/\/craterre.hypotheses.org\/1827<\/a> &gt; <a href=\"https:\/\/blog.sy-sy.cz\/wp-content\/uploads\/2020\/09\/TERRA-2016_Th-1_Art-049_Syrova_bis.pdf\" target=\"_blank\" rel=\"noopener noreferrer\">PDF<\/a> \u00a6 <a href=\"https:\/\/blog.sy-sy.cz\/wp-content\/uploads\/2020\/09\/TERRA2016_049_PPT.pdf\">presetation (ENG)<\/a><\/li>\n<\/ul>\n<p>&nbsp;<\/p>\n<p>Aktualizov\u00e1no <span class=\"last-modified-timestamp\">08\/11\/2025 14:31<\/span><\/p>\n","protected":false},"excerpt":{"rendered":"<p>SYROV\u00c1, Zuzana; SYROV\u00dd, Ji\u0159\u00ed: GIS pro SHP: Jedno\u00fa\u010delov\u00e1 po\u010d\u00edta\u010dov\u011b zpracovan\u00e1 dokumentace versus objektov\u011b orientovan\u00fd GIS | GIS f\u00fcr bauhistorische Untersuchungen. Die einem einzigen Zweck dienende computerbearbeitete Dokumentation versus objektorientiertes GIS. [&hellip;]<\/p>\n","protected":false},"author":2,"featured_media":0,"parent":127,"menu_order":0,"comment_status":"closed","ping_status":"closed","template":"","meta":{"jetpack_post_was_ever_published":false,"footnotes":""},"class_list":["post-342","page","type-page","status-publish","hentry"],"jetpack_shortlink":"https:\/\/wp.me\/P91gAT-5w","jetpack-related-posts":[{"id":338,"url":"https:\/\/blog.sy-sy.cz\/index.php\/publikace\/","url_meta":{"origin":342,"position":0},"title":"Publikace","author":"Zuzana Syrov\u00e1 An\u00fd\u017eov\u00e1","date":"29\/12\/2014","format":false,"excerpt":"\u0160KABRADA, Ji\u0159\u00ed a\u00a0SYROV\u00c1, Zuzana.\u00a0D\u016fm \u010dp.\u00a0171 v\u00a0\u010cist\u00e9 u\u00a0Litomy\u0161le. In:\u00a0Archaeologia historica\u00a014, 1989, s. 325\u2014336.\u00a0PDF EDEL Tom\u00e1\u0161, SYROV\u00c1 Zuzana, \u0160KABRADA Ji\u0159\u00ed, Strop jizby domu \u010dp. 33 v Kun\u011bjov\u011b (okres Jind\u0159ich\u016fv Hradec). Pam\u00e1tky a p\u0159\u00edroda 16, 1991, \u010d. 3, s. 153\u2014156. PDF SYROV\u00c1, Zuzana; SYROV\u00dd, Ji\u0159\u00ed: Od posledn\u00ed (?) jizby k prvn\u00ed (?) sv\u011btnici\u2026","rel":"","context":"Podobn\u00fd p\u0159\u00edsp\u011bvek","block_context":{"text":"Podobn\u00fd p\u0159\u00edsp\u011bvek","link":""},"img":{"alt_text":"","src":"","width":0,"height":0},"classes":[]},{"id":795,"url":"https:\/\/blog.sy-sy.cz\/index.php\/projekty-a-pruzkumy\/shp-lysovice\/","url_meta":{"origin":342,"position":1},"title":"SHP Lysovice","author":"Zuzana Syrov\u00e1 An\u00fd\u017eov\u00e1","date":"04\/09\/2016","format":false,"excerpt":"Lysovice (Vy\u0161kov), s\u00eddeln\u011b historick\u00fd pr\u016fzkum 1997 \/ (s Janem O. Eli\u00e1\u0161em) \/ investor: OkU Vy\u0161kov * P\u0159eveden\u00ed ti\u0161t\u011bn\u00e9 podoby SHP do dokument\u016f PDF a GIS ArcView \/ ArcExplorer 2000 Tituln\u00ed strana Textov\u00e1 \u010d\u00e1st Katalog objekt\u016f Obrazov\u00e9 p\u0159\u00edlohy Grafick\u00e1 \u010d\u00e1st * GIS data dostupn\u00e1 na CD N150SYSY2000 SYROV\u00c1, Zuzana; SYROV\u00dd, Ji\u0159\u00ed:\u2026","rel":"","context":"S 1 koment\u00e1\u0159em","block_context":{"text":"S 1 koment\u00e1\u0159em","link":"https:\/\/blog.sy-sy.cz\/index.php\/projekty-a-pruzkumy\/shp-lysovice\/#comments"},"img":{"alt_text":"LEYD06_","src":"https:\/\/i0.wp.com\/blog.sy-sy.cz\/wp-content\/uploads\/2016\/09\/LEYD06_-1-300x202.jpg?resize=350%2C200&ssl=1","width":350,"height":200},"classes":[]},{"id":32,"url":"https:\/\/blog.sy-sy.cz\/index.php\/o-nas\/","url_meta":{"origin":342,"position":2},"title":"O n\u00e1s","author":"Zuzana Syrov\u00e1 An\u00fd\u017eov\u00e1","date":"03\/11\/2014","format":false,"excerpt":"Specializujeme se na \u00fazemn\u00ed a regula\u010dn\u00ed pl\u00e1ny, stavebn\u011b historick\u00e9 pr\u016fzkumy a souvisej\u00edc\u00ed projekty obnovy, stavebn\u011b historick\u00e9 a inventariza\u010dn\u00ed pr\u016fzkumy s\u00eddel a \u00fazem\u00ed, GIS. Syrov\u00fd a Syrov\u00e1, architekti v datech: 1980 - za\u010d\u00e1tek spolupr\u00e1ce (sout\u011b\u017ee, pr\u016fzkumy lidov\u00e9 \/ vernakul\u00e1rn\u00ed architektury) 1990 - zalo\u017een\u00ed architektonick\u00e9 kancel\u00e1\u0159e 1994 - za\u010d\u00e1tek v\u00fdvoje GIS pro\u2026","rel":"","context":"Podobn\u00fd p\u0159\u00edsp\u011bvek","block_context":{"text":"Podobn\u00fd p\u0159\u00edsp\u011bvek","link":""},"img":{"alt_text":"","src":"https:\/\/i0.wp.com\/blog.sy-sy.cz\/wp-content\/uploads\/2019\/01\/Addiss_19910411_02oBW-e1546423847515.jpg?fit=1038%2C766&ssl=1&resize=350%2C200","width":350,"height":200,"srcset":"https:\/\/i0.wp.com\/blog.sy-sy.cz\/wp-content\/uploads\/2019\/01\/Addiss_19910411_02oBW-e1546423847515.jpg?fit=1038%2C766&ssl=1&resize=350%2C200 1x, https:\/\/i0.wp.com\/blog.sy-sy.cz\/wp-content\/uploads\/2019\/01\/Addiss_19910411_02oBW-e1546423847515.jpg?fit=1038%2C766&ssl=1&resize=525%2C300 1.5x, https:\/\/i0.wp.com\/blog.sy-sy.cz\/wp-content\/uploads\/2019\/01\/Addiss_19910411_02oBW-e1546423847515.jpg?fit=1038%2C766&ssl=1&resize=700%2C400 2x"},"classes":[]},{"id":3212,"url":"https:\/\/blog.sy-sy.cz\/index.php\/o-nas\/ing-arch-jiri-syrovy\/","url_meta":{"origin":342,"position":3},"title":"Ing. arch. Ji\u0159\u00ed Syrov\u00fd","author":"Zuzana Syrov\u00e1 An\u00fd\u017eov\u00e1","date":"15\/02\/2025","format":false,"excerpt":"Narozen 18. 9. 1955 v Brn\u011b. Vystudoval v letech 1975-1981 na VUT v Brn\u011b \u2013 obor architektura; v roce 1986 tamt\u00e9\u017e postgradu\u00e1ln\u00ed studium v oboru v\u00fdstavnitcv\u00ed. V letech 1990 -1991 postgradu\u00e1ln\u00ed studium d\u011bjin architektury na Ecole d\u2019Architecture v Grenoblu. Specializuje se na pr\u016fzkumy a obnovu pam\u00e1tek a prostorov\u00e9 pl\u00e1nov\u00e1n\u00ed. V\u2026","rel":"","context":"Podobn\u00fd p\u0159\u00edsp\u011bvek","block_context":{"text":"Podobn\u00fd p\u0159\u00edsp\u011bvek","link":""},"img":{"alt_text":"","src":"","width":0,"height":0},"classes":[]},{"id":127,"url":"https:\/\/blog.sy-sy.cz\/index.php\/o-gis-a-pagis\/","url_meta":{"origin":342,"position":4},"title":"O GIS a&nbsp;PaGIS","author":"Zuzana Syrov\u00e1 An\u00fd\u017eov\u00e1","date":"06\/11\/2014","format":false,"excerpt":"Pokud netu\u0161\u00edte, co je GIS nebo PaGIS, nezoufejte, str\u00e1nka bude d\u0159\u00edve \u010di pozd\u011bji aktualizov\u00e1na. A je\u0161t\u011b je tu blog\/blok p\u0159\u00edmo GIS a p\u0159edev\u0161\u00edm PaGIS v\u011bnovan\u00fd: Pro(Pa)GIS. V\u00fdb\u011br z toho, co jsme na toto t\u00e9ma publikovali najdete zde. \u00a0 Aktualizov\u00e1no","rel":"","context":"Podobn\u00fd p\u0159\u00edsp\u011bvek","block_context":{"text":"Podobn\u00fd p\u0159\u00edsp\u011bvek","link":""},"img":{"alt_text":"Stavebn\u011b historick\u00fd pr\u016fzkum NP Podyj\u00ed a jeho ochrann\u00e9ho p\u00e1sma \u00a9 ing.arch.Ji\u00f8\u00ed Syrov\u00fd & ing.arch.Zuzana Syrov\u00e1, ing.arch.Petr Dost\u00e1l 1996-97","src":"https:\/\/i0.wp.com\/blog.sy-sy.cz\/wp-content\/uploads\/2014\/11\/Popice_cb_150-1-e1503569435238.jpg?fit=1038%2C774&ssl=1&resize=350%2C200","width":350,"height":200,"srcset":"https:\/\/i0.wp.com\/blog.sy-sy.cz\/wp-content\/uploads\/2014\/11\/Popice_cb_150-1-e1503569435238.jpg?fit=1038%2C774&ssl=1&resize=350%2C200 1x, https:\/\/i0.wp.com\/blog.sy-sy.cz\/wp-content\/uploads\/2014\/11\/Popice_cb_150-1-e1503569435238.jpg?fit=1038%2C774&ssl=1&resize=525%2C300 1.5x, https:\/\/i0.wp.com\/blog.sy-sy.cz\/wp-content\/uploads\/2014\/11\/Popice_cb_150-1-e1503569435238.jpg?fit=1038%2C774&ssl=1&resize=700%2C400 2x"},"classes":[]},{"id":739,"url":"https:\/\/blog.sy-sy.cz\/","url_meta":{"origin":342,"position":5},"title":"\u00davod","author":"Zuzana Syrov\u00e1 An\u00fd\u017eov\u00e1","date":"03\/11\/2014","format":false,"excerpt":"Tyto str\u00e1nky jsou v\u011bnovan\u00e9 \u010dinnosti architektonick\u00e9 kancel\u00e1\u0159e Syrov\u00fd a Syrov\u00e1, architekti + souvisej\u00edc\u00edm aktivit\u00e1m: p\u0159edev\u0161\u00edm vernakul\u00e1rn\u00ed architektu\u0159e, hlin\u011bn\u00fdm konstrukc\u00edm, GIS, tedy temat\u016fm odborn\u00fdm, jim\u017e se v\u011bnujeme po v\u011bt\u0161inou ji\u017e od 80. let stolet\u00ed minul\u00e9ho a\u00a0nearchitektonick\u00e9mu tematu po\u0161tolek obecn\u00fdch, kter\u00e9\u017eto se n\u00e1m p\u0159ipletly do \u017eivota t\u00edm, \u017ee se us\u00eddlily v na\u0161\u00ed\u2026","rel":"","context":"Podobn\u00fd p\u0159\u00edsp\u011bvek","block_context":{"text":"Podobn\u00fd p\u0159\u00edsp\u011bvek","link":""},"img":{"alt_text":"","src":"https:\/\/i0.wp.com\/blog.sy-sy.cz\/wp-content\/uploads\/2014\/11\/DSC_9551-1-e1503569460360.jpg?fit=1038%2C690&ssl=1&resize=350%2C200","width":350,"height":200,"srcset":"https:\/\/i0.wp.com\/blog.sy-sy.cz\/wp-content\/uploads\/2014\/11\/DSC_9551-1-e1503569460360.jpg?fit=1038%2C690&ssl=1&resize=350%2C200 1x, https:\/\/i0.wp.com\/blog.sy-sy.cz\/wp-content\/uploads\/2014\/11\/DSC_9551-1-e1503569460360.jpg?fit=1038%2C690&ssl=1&resize=525%2C300 1.5x, https:\/\/i0.wp.com\/blog.sy-sy.cz\/wp-content\/uploads\/2014\/11\/DSC_9551-1-e1503569460360.jpg?fit=1038%2C690&ssl=1&resize=700%2C400 2x"},"classes":[]}],"jetpack_sharing_enabled":true,"_links":{"self":[{"href":"https:\/\/blog.sy-sy.cz\/index.php\/wp-json\/wp\/v2\/pages\/342","targetHints":{"allow":["GET"]}}],"collection":[{"href":"https:\/\/blog.sy-sy.cz\/index.php\/wp-json\/wp\/v2\/pages"}],"about":[{"href":"https:\/\/blog.sy-sy.cz\/index.php\/wp-json\/wp\/v2\/types\/page"}],"author":[{"embeddable":true,"href":"https:\/\/blog.sy-sy.cz\/index.php\/wp-json\/wp\/v2\/users\/2"}],"replies":[{"embeddable":true,"href":"https:\/\/blog.sy-sy.cz\/index.php\/wp-json\/wp\/v2\/comments?post=342"}],"version-history":[{"count":3,"href":"https:\/\/blog.sy-sy.cz\/index.php\/wp-json\/wp\/v2\/pages\/342\/revisions"}],"predecessor-version":[{"id":3478,"href":"https:\/\/blog.sy-sy.cz\/index.php\/wp-json\/wp\/v2\/pages\/342\/revisions\/3478"}],"up":[{"embeddable":true,"href":"https:\/\/blog.sy-sy.cz\/index.php\/wp-json\/wp\/v2\/pages\/127"}],"wp:attachment":[{"href":"https:\/\/blog.sy-sy.cz\/index.php\/wp-json\/wp\/v2\/media?parent=342"}],"curies":[{"name":"wp","href":"https:\/\/api.w.org\/{rel}","templated":true}]}}