{"id":370,"date":"2014-12-29T18:02:49","date_gmt":"2014-12-29T16:02:49","guid":{"rendered":"http:\/\/sy-sy.synology.me\/?page_id=370"},"modified":"2025-11-13T20:13:51","modified_gmt":"2025-11-13T19:13:51","slug":"hlina-ve-stavebne-historickych-a-inventarizacnich-pruzkumech-sovamm","status":"publish","type":"page","link":"https:\/\/blog.sy-sy.cz\/index.php\/o-hline\/publikace\/hlina-ve-stavebne-historickych-a-inventarizacnich-pruzkumech-sovamm\/","title":{"rendered":"Hl\u00edna ve stavebn\u011b historick\u00fdch a&nbsp;inventariza\u010dn\u00edch pr\u016fzkumech SOVAMM"},"content":{"rendered":"<p>Spole\u010dnost pro obnovu vesnice a&nbsp;mal\u00e9ho m\u011bsta (SOVAMM) vznikla v&nbsp;roce 1990 jako z\u00e1jmov\u00e9 sdru\u017een\u00ed odborn\u00edk\u016f a&nbsp;z\u00e1jemc\u016f o&nbsp;venkovsk\u00e9 stavitelstv\u00ed. Vernakul\u00e1rn\u00ed (lidovou i&nbsp;stavitelskou) architekturou se zab\u00fdv\u00e1 i&nbsp;z&nbsp;pohledu konstrukc\u00ed a&nbsp;technologi\u00ed.<!--more--><\/p>\n<p>Dlouhodob\u00fdm projektem SOVAMM je Atlas lidov\u00e9 architektury, jeho\u017e vznik umo\u017enily dva stejnojmenn\u00e9 grantov\u00e9 projekty (Ku\u010da &amp; \u0160kabrada 1997). V&nbsp;Atlasu jsou prim\u00e1rn\u011b zpracov\u00e1v\u00e1na data shrom\u00e1\u017ed\u011bn\u00e1 soupisovou, pr\u016fzkumovou a&nbsp;dokumenta\u010dn\u00ed \u010dinnost\u00ed \u010dlen\u016f SOVAMM od r. 1964. Soub\u011b\u017en\u011b je prov\u00e1d\u011bn ter\u00e9nn\u00ed pr\u016fzkum oblast\u00ed, kter\u00e9 vy\u017eaduj\u00ed dopln\u011bn\u00ed.<\/p>\n<p>Navazuj\u00edc\u00ed projekt SOVPIS by m\u011bl vytvo\u0159it digit\u00e1ln\u00ed archiv SOVAMM a&nbsp;p\u0159ev\u00e9st Atlas do podoby prostorov\u00e9ho informa\u010dn\u00edho syst\u00e9mu. Je nav\u00e1z\u00e1n na Integrovan\u00fd informa\u010dn\u00ed syst\u00e9m pam\u00e1tkov\u00e9 p\u00e9\u010de (IISPP) NP\u00da\u00b9.<\/p>\n<p>Z projekt\u016f SOVAMM p\u0159inesly nov\u00e9 poznatky v&nbsp;oblasti historick\u00fdch hlin\u011bn\u00fdch konstrukc\u00ed p\u0159edev\u0161\u00edm stavebn\u011bhistorick\u00e9 pr\u016fzkumy (SHP) NP Podyj\u00ed a&nbsp;jeho OP (Dost\u00e1l et al. 1997) a\u00a0Litomy\u0161lska a&nbsp;Vysokom\u00fdtska (Ebel et al. 2002). Pr\u016fzkumy byly provedeny ve t\u0159ech stupn\u00edch podrobnosti od inventarizace \u0159e\u0161en\u00fdch \u00fazem\u00ed v&nbsp;m\u011b\u0159\u00edtku 1:5000, p\u0159es pr\u016fzkumy s\u00eddel 1:2880-1:1000 po&nbsp;SHP jednotliv\u00fdch objekt\u016f v&nbsp;podrobnostech zam\u011b\u0159en\u00ed 1:100-1:50.<\/p>\n<p>SOVAMM spolupracoval vytipov\u00e1n\u00edm objekt\u016f i&nbsp;na projektu Restaurov\u00e1n\u00ed, sanace, rekonstrukce pam\u00e1tkov\u00fdch objekt\u016f &#8211; stavby, konstrukce, artefakty z&nbsp;nep\u00e1len\u00e9 hl\u00edny, stavebn\u011b &#8211; technologick\u00e9 p\u0159edpisy a&nbsp;konstruk\u010dn\u00ed detaily (K\u0159\u00ed\u017e &amp; Vorel 1998). V&nbsp;projektu byly provedeny rozbory materi\u00e1l\u016f hlin\u011bn\u00fdch konstrukc\u00ed vyskytuj\u00edc\u00edch se v&nbsp;\u010cesk\u00e9 republice: vrstven\u00e9 nakl\u00e1dan\u00e9 hl\u00edny, v\u00e1lk\u016f vrstven\u00fdch i&nbsp;kladen\u00fdch do bedn\u011bn\u00ed, hl\u00edny dusan\u00e9 do posuvn\u00e9ho bedn\u011bn\u00ed, nep\u00e1len\u00fdch cihel, omaz\u00e1vek srubu a&nbsp;hlin\u011bn\u00fdch om\u00edtek v\u010detn\u011b dekorativn\u00edch.<\/p>\n<p>Pr\u016fzkumy SOVAMM a&nbsp;jeho \u010dlen\u016f se poda\u0159ilo identifikovat \u0159adu hlin\u011bn\u00fdch konstrukc\u00ed n\u00e1le\u017eej\u00edc\u00edch k&nbsp;nejstar\u0161\u00ed dochovan\u00e9 vrstv\u011b na\u0161ich vesnick\u00fdch staveb.<\/p>\n<p>Z konstrukc\u00ed z&nbsp;masivn\u00ed hl\u00edny je to komora domu se \u017eudrem \u010dp.&nbsp;115 v&nbsp;Pouzd\u0159anech (okr. B\u0159eclav) z&nbsp;r. 1596 (Syrov\u00e1 &amp; Syrov\u00fd 2007, 2012). Patrov\u00e1 komora s&nbsp;obvodov\u00fdmi st\u011bnami z\u00a0masivn\u00ed nep\u00e1len\u00e9 hl\u00edny je integr\u00e1ln\u00ed \u010d\u00e1st\u00ed j\u00e1dra domu \u00fahlov\u00e9 dispozice s&nbsp;rohovou s\u00edn\u00ed. Nebylo mo\u017eno ur\u010dit, zda jde o&nbsp;konstrukci z&nbsp;vlhk\u00e9 sypk\u00e9 hl\u00edny dusan\u00e9 do posuvn\u00e9ho bedn\u011bn\u00ed (nab\u00edjenou) nebo z&nbsp;hl\u00edny plastick\u00e9 vrstven\u00e9 bez pou\u017eit\u00ed bedn\u011bn\u00ed (nakl\u00e1danou). K&nbsp;objasn\u011bn\u00ed by mohla napomoci anal\u00fdza p\u0159\u00edtomnosti vody ve sm\u011bsi v&nbsp;dob\u011b stavby. D\u016fm je zaj\u00edmav\u00fd i\u00a0mater\u00e1lovou skladbou. S&nbsp;obdobn\u00fdm \u0159e\u0161en\u00edm, kdy v&nbsp;dom\u011b zd\u011bn\u00e9m ji\u017e z&nbsp;tvrd\u00e9ho materi\u00e1lu je i&nbsp;rouben\u00e1 obytn\u00e1 m\u00edstnost s&nbsp;masivn\u00ed hlin\u011bnou omaz\u00e1vkou, se pro toto obdob\u00ed setk\u00e1v\u00e1me nap\u0159.&nbsp;v&nbsp;\u017dele\u0161ic\u00edch \u010dp.&nbsp;76 (okr. Brno &#8211; venkov).<\/p>\n<p>Vn\u011bj\u0161\u00ed hlin\u011bn\u00e9 omaz\u00e1vky jsou neodd\u011blitelnou sou\u010d\u00e1st\u00ed starobyl\u00fdch obytn\u00fdch m\u00edstnost\u00ed rozpoznan\u00fdch v&nbsp;r\u00e1mci SHP i&nbsp;na Litomy\u0161lsku a&nbsp;Vyskom\u00fdtsku. Nejstar\u0161\u00ed jsou dymn\u00e9 jizby domu usedlosti \u010dp.&nbsp;2 ve Vra\u010dovic\u00edch (okr. \u00dast\u00ed n. Orlic\u00ed) z&nbsp;r. 1538, \u010dp.&nbsp;11 v&nbsp;Cerekvici nad Lou\u010dnou (okr. Svitavy) z&nbsp;r. 1550, \u010dp.&nbsp;171 v&nbsp;\u010cist\u00e9 (okr. Svitavy) z&nbsp;r. 1583 a&nbsp;sv\u011btnice v\u00fdm\u011bnku usedlosti \u010dp.&nbsp;97 v&nbsp;\u010cist\u00e9 (okr, Svitavy) z&nbsp;r. 1617\u00b2. Rozbor rostlinn\u00fdch p\u0159\u00edm\u011bs\u00ed omaz\u00e1vek jizby \u010dp.&nbsp;171 v&nbsp;\u010cist\u00e9 uk\u00e1zal, \u017ee vn\u011bj\u0161\u00ed omaz\u00e1vka dochovan\u00e1 nad \u00farovn\u00ed m\u011bn\u011bn\u00fdch doln\u00edch tr\u00e1m\u016f, poch\u00e1z\u00ed z&nbsp;doby v\u00fdstavby na konci 16.&nbsp;stolet\u00ed. Vnit\u0159n\u00ed byla provedena a\u017e po&nbsp;opu\u0161t\u011bn\u00ed dymn\u00e9ho provozu.<\/p>\n<p>I pro nep\u00e1lenou cihlu nach\u00e1z\u00edme v&nbsp;pr\u016fzkumech doklady z&nbsp;obdob\u00ed p\u0159ed t\u0159icetiletou v\u00e1lkou. Je j\u00edm s\u00fdpka usedlosti \u010dp.&nbsp;4 v&nbsp;D\u011bdibabech (okr. M\u011bln\u00edk) (Pe\u0161ta 2004). Podle v\u00fdsledk\u016f dendrochronologick\u00e9ho pr\u016fzkumu tr\u00e1mk\u016f port\u00e1lku v&nbsp;pat\u0159e, vznikla mezi l\u00e9ty 1570 &#8211; 1582. D\u00edky organick\u00e9mu prov\u00e1z\u00e1n\u00ed ost\u011bn\u00ed port\u00e1lku z&nbsp;p\u00e1len\u00fdch cihel je masivn\u00ed obvodov\u00e9 zdivo jej\u00edho patra z&nbsp;nep\u00e1len\u00fdch cihel prokazateln\u011b sou\u010dasn\u00e9 se zbytkem stavby. Unik\u00e1tn\u011b jsou zde dochov\u00e1ny i&nbsp;zbytky vn\u011bj\u0161\u00ed om\u00edtky s&nbsp;geometrickou v\u00fdzdobou.<\/p>\n<p>Bez zaj\u00edmavosti nejsou ani poznatky z&nbsp;obdob\u00ed mezi koncem t\u0159icetilet\u00e9 v\u00e1lky a&nbsp;masivn\u00edm n\u00e1stupem hlin\u011bn\u00fdch konstrukc\u00ed na sklonku 18.stolet\u00ed.<\/p>\n<p>Na Litomy\u0161lsku a&nbsp;Vysokom\u00fdtsku byly zkoum\u00e1ny i&nbsp;rouben\u00e9 omazan\u00e9 obytn\u00e9 m\u00edstnosti z&nbsp;tohoto obdob\u00ed, postaven\u00e9 ji\u017e jako sv\u011btnice: Vraclav (okr. \u00dast\u00ed n. Orlic\u00ed) \u010dp.&nbsp;49 z&nbsp;r. 1657, Trst\u011bnice (okr. Svitavy) \u010dp.&nbsp;61 z&nbsp;r. 1664, Ben\u00e1tky \u010dp.&nbsp;28 (okr. Svitavy) z&nbsp;r. 1669, \u010cist\u00e1 (okr. Svitavy) \u010dp.&nbsp;186 z&nbsp;r. 1672 a&nbsp;\u010dp.&nbsp;33 z&nbsp;r. 1702\u00b3.<\/p>\n<p>Nab\u00edjen\u00fdm stavb\u00e1m z&nbsp;obdob\u00ed p\u0159ed koncem 18.&nbsp;stolet\u00ed se v\u011bnovaly s\u00eddeln\u00ed pr\u016fzkumy Ma\u0159atic (okr. Uher. Hradi\u0161t\u011b), Uhersk\u00e9ho Ostrohu (okr. Uher. Hradi\u0161t\u011b), Jankovic (okr. Uher. Hradi\u0161t\u011b) a\u00a0inventariza\u010dn\u00ed pr\u016fzkum CHKO B\u00edl\u00e9 Karpaty. Zm\u00ednku zasluhuj\u00ed alespo\u0148 dusan\u00e9 konstrukce dochovan\u00e9 pod pozdn\u011b klasicistn\u00edmi a&nbsp;historizuj\u00edc\u00edmi fas\u00e1dami dom\u016f na n\u00e1m\u011bst\u00ed Uhersk\u00e9ho Ostrohu (Eli\u00e1\u0161 et al.1993, Syrov\u00e1 &amp; Syrov\u00fd 2012).<\/p>\n<p>Pr\u016fzkum obc\u00ed NP Podyj\u00ed a&nbsp;jeho OP, s\u00eddeln\u00ed pr\u016fzkumy \u0160atova (okr. Znojmo), Slupi (okr. Znojmo), Modr\u00e9 (okr. Uher. Hradi\u0161t\u011b) nebo Hru\u0161ky (okr. Prost\u011bjov) identifikovaly \u0159adu konstrukc\u00ed z\u00a0vrstven\u00e9 hl\u00edny (Syrov\u00e1 &amp; Syrov\u00fd 2007), p\u0159edev\u0161\u00edm z&nbsp;v\u00e1lk\u016f, vrstven\u00fdch i&nbsp;kladen\u00fdch do bedn\u011bn\u00ed. Vedle hospod\u00e1\u0159sk\u00fdch staveb (lisoven a&nbsp;stodol) se je poda\u0159ilo dokumentovat i&nbsp;u&nbsp;staveb obytn\u00fdch a&nbsp;to i&nbsp;v&nbsp;m\u011bstsk\u00e9m prost\u0159ed\u00ed, nap\u0159.&nbsp;v&nbsp;Mikulov\u011b. Ani varianta vrstven\u00ed hlinoslam\u011bn\u00e9 sm\u011bsi vidlemi postupem, jak\u00fd zn\u00e1me z&nbsp;Menclova popisu a&nbsp;fotografi\u00ed ze \u017ditn\u00e9ho ostrova (Mencl 1980:10-11), nebyla z\u0159ejm\u011b na na\u0161em \u00fazem\u00ed nezn\u00e1m\u00e1. Dokl\u00e1d\u00e1 to n\u00e1lez dnes ji\u017e bohu\u017eel zanikl\u00fdch pozdn\u011b barokn\u00edch lisoven situovan\u00fdch na humn\u011b za radnic\u00ed m\u011bste\u010dka \u0160atov (okr. Znojmo). Poda\u0159ilo se je zastihnout s&nbsp;\u010derstv\u011b opadan\u00fdmi kusy om\u00edtky, pod n\u00ed\u017e byly z\u0159eteln\u00e9 charakteristick\u00e9 znaky t\u00e9to konstrukce: vrstvy nakl\u00e1d\u00e1n\u00ed, osek\u00e1n\u00ed povrchu st\u011bn a\u00a0zaoblen\u00e1 n\u00e1ro\u017e\u00ed (Syrov\u00e1 &amp; Syrov\u00fd 2007).<\/p>\n<p>Hlavn\u00ed objem hlin\u011bn\u00fdch konstrukc\u00ed podchycen\u00fdch datab\u00e1zemi a&nbsp;pr\u016fzkumy SOVAMM tvo\u0159\u00ed konstrukce 19.&nbsp;a&nbsp;1.&nbsp;pol. 20.&nbsp;stolet\u00ed, z&nbsp;obdob\u00ed, pro n\u011b\u017e m\u00e1me ji\u017e k&nbsp;dispozici i&nbsp;stavebn\u00ed pl\u00e1ny. Vyt\u011b\u017een\u00ed informac\u00ed z&nbsp;fond\u016f stavebn\u00edch archiv\u016f je ned\u00edlnou sou\u010d\u00e1st\u00ed pr\u016fzkum\u016f. V\u00fdjime\u010dn\u011b jsme p\u0159itom narazili i&nbsp;na pl\u00e1ny vernakul\u00e1rn\u00edch staveb z&nbsp;obdob\u00ed p\u0159ed r. 1850 (Ostro\u017esk\u00e9 P\u0159edm\u011bst\u00ed (Eli\u00e1\u0161 et al. 1993)). Na opa\u010dn\u00e9m konci jsou mnohdy architektonicky p\u016fsobiv\u00e9 stavitelsk\u00e9 pl\u00e1ny 1.&nbsp;pol. 20.&nbsp;stolet\u00ed.<\/p>\n<p>Pro zpracov\u00e1n\u00ed velk\u00e9ho objemu dat se u&nbsp;pr\u016fzkum\u016f od 90.&nbsp;let osv\u011bd\u010dilo vyu\u017eit\u00ed n\u00e1stroj\u016f GIS a\u00a0v n\u011bm prov\u00e1d\u011bn\u00fdch tematick\u00fdch anal\u00fdz. Ty umo\u017e\u0148uj\u00ed zp\u0159esn\u011bn\u00ed v\u00fdskytu hlin\u011bn\u00fdch konstrukc\u00ed v&nbsp;\u010dasov\u00e9m a&nbsp;prostorov\u00e9m kontextu.<\/p>\n<p>Informace soust\u0159ed\u011bn\u00e9 v&nbsp;soupisov\u00fdch a&nbsp;dokumenta\u010dn\u00edch datab\u00e1z\u00edch i&nbsp;v&nbsp;dosud nedigitalizovan\u00e9 dokumentaci pr\u016fzkum\u016f SOVAMM a&nbsp;jeho \u010dlen\u016f p\u0159edstavuj\u00ed d\u016fle\u017eit\u00fd pramen pro odbornou i&nbsp;\u0161irokou ve\u0159ejnost. Do doby ne\u017e se poda\u0159\u00ed nal\u00e9zt finan\u010dn\u00ed podporu pro projekt SOVPISu jsou data p\u0159ev\u00e1d\u011bna do IISPP a&nbsp;zp\u0159\u00edstup\u0148ov\u00e1na jeho prost\u0159ednictv\u00edm. P\u0159i&nbsp;absenci vy\u010derp\u00e1vaj\u00edc\u00ed dokumentace na pracovi\u0161t\u00edch pam\u00e1tkov\u00e9 p\u00e9\u010de jsou tak i&nbsp;pro n\u011b dostupn\u00fdm podkladem pro ochranu lidov\u00fdch staveb, a\u0165 ji\u017e k&nbsp;dopln\u011bn\u00ed informac\u00ed o&nbsp;chr\u00e1n\u011bn\u00fdch pam\u00e1tk\u00e1ch a&nbsp;\u00fazem\u00edch, v\u00fdb\u011bru objekt\u016f a&nbsp;celk\u016f vhodn\u00fdch k&nbsp;ochran\u011b nebo poskytov\u00e1n\u00ed podklad\u016f pro \u00fazemn\u00ed pl\u00e1nov\u00e1n\u00ed.<\/p>\n<h3>Pozn\u00e1mky:<\/h3>\n<ol>\n<li>Dostupn\u00fd na <a href=\"https:\/\/iispp.npu.cz\" target=\"_blank\" rel=\"noopener\">https:\/\/iispp.npu.cz<\/a>. SOVAMM se od po\u010d\u00e1tku na v\u00fdvoji IISPP pod\u00edl\u00ed. S\u00a0NP\u00da testuje v\u00a0projektu LoCloud (http:\/\/www.locloud.eu\/) i&nbsp;publikov\u00e1n\u00ed dat do European.<\/li>\n<li>Dendrochronologick\u00e1 datov\u00e1n\u00ed.<\/li>\n<li>Uveden\u00e1 data se op\u00edraj\u00ed o&nbsp;dendrochronologick\u00e9 datov\u00e1n\u00ed, u&nbsp;\u010dp.&nbsp;49 ve Vraclavi i&nbsp;o&nbsp;vro\u010den\u00ed na stropn\u00edm pr\u016fvlaku.<\/li>\n<\/ol>\n<h3>Pou\u017eit\u00e9 zkratky:<\/h3>\n<ul>\n<li>GIS &#8211; geografick\u00fd informa\u010dn\u00ed syst\u00e9m<\/li>\n<li>CHKO &#8211; chr\u00e1n\u011bn\u00e1 krajinn\u00e1 oblast<\/li>\n<li>IISPP &#8211; Integrovan\u00fd informa\u010dn\u00ed syst\u00e9m pam\u00e1tkov\u00e9 p\u00e9\u010de NP\u00da<\/li>\n<li>NP &#8211; n\u00e1rodn\u00ed park<\/li>\n<li>NP\u00da &#8211; N\u00e1rodn\u00ed pam\u00e1tkov\u00fd \u00fastav<\/li>\n<li>OP &#8211; ochrann\u00e9 p\u00e1smo<\/li>\n<li>SHP &#8211; stavebn\u011b historick\u00fd pr\u016fzkum<\/li>\n<li>SOVAMM &#8211; Spole\u010dnost pro obnovu vesnice a&nbsp;mal\u00e9ho m\u011bsta<\/li>\n<li>SOVPIS &#8211; Prostorov\u00fd informa\u010dn\u00ed syst\u00e9m SOVAMM<\/li>\n<\/ul>\n<h3>Literatura a&nbsp;prameny:<\/h3>\n<ul>\n<li>Dost\u00e1l, P., Syrov\u00e1, Z. &amp; Syrov\u00fd, J. 1997. Stavebn\u011b historick\u00fd a&nbsp;urbanisticko historick\u00fd v\u00fdzkum NP Podyj\u00ed a&nbsp;jeho OP &#8211; modelov\u00fd p\u0159\u00edklad GIS a&nbsp;syst\u00e9mu urbanistick\u00e9 stability. Brno: nepublikovan\u00fd pr\u016fzkum dostupn\u00fd v&nbsp;NP\u00da, Praha.<\/li>\n<li>Ebel, M., Syrov\u00e1, Z., Syrov\u00fd, J. &amp; \u0160kabrada, J. 2002. Litomy\u0161lsko, Vysokom\u00fdtsko, soupis st\u00e1vaj\u00edc\u00edch architektonick\u00fdch a&nbsp;urbanistick\u00fdch hodnot, ve\u0161ker\u00e9 dokumentace a&nbsp;pramen\u016f, prezentace formou GIS. Brno: nepublikovan\u00fd pr\u016fzkum dostupn\u00fd v&nbsp;NP\u00da, Praha.<\/li>\n<li>Eli\u00e1\u0161, J.O., Syrov\u00e1, Z. &amp; Syrov\u00fd, J. 1993. Stavebn\u011b historick\u00fd pr\u016fzkum MPZ Uhersk\u00fd Ostroh. Brno: nepublikovan\u00fd pr\u016fzkum dostupn\u00fd v&nbsp;NP\u00da, Praha.<\/li>\n<li>K\u0159\u00ed\u017e, J. &amp; Vorel, J. 1998. Restaurov\u00e1n\u00ed, sanace, rekonstrukce pam\u00e1tkov\u00fdch objekt\u016f stavby, konstrukce, artefakty z&nbsp;nep\u00e1len\u00e9 hl\u00edny, stavebn\u011b technologick\u00e9 p\u0159edpisy. Brno, Ro\u017e\u010falovice: nepublikovan\u00fd dokument dostupn\u00fd v&nbsp;NP\u00da, Praha.<\/li>\n<li>Ku\u010da, K. &amp; \u0160kabrada, J. 1997. Atlas lidov\u00e9 architektury. Informace o&nbsp;grantov\u00e9m projektu. Pam\u00e1tkov\u00e9 listy, 12, 7-12.<\/li>\n<li>Mencl, V. 1980. Lidov\u00e1 architektura v&nbsp;\u010ceskoslovensku. Praha: Academia.<\/li>\n<li>Pe\u0161ta, J., 2004. D\u011bdibaby, okres M\u011bln\u00edk, s\u00fdpka v&nbsp;usedlosti \u010dp.4. In D\u011bjiny staveb 2003, sborn\u00edk p\u0159\u00edsp\u011bvk\u016f z&nbsp;konference v&nbsp;Ne\u010dtinech. 192-197. Plze\u0148: Petr Mikota.<\/li>\n<li>Syrov\u00e1, Z. &amp; Syrov\u00fd, J. 2007. La bauge en Moravie dans le contexte des constructions historiques en terre crue de la r\u00e9gion danubienne. In Patte, E. &amp; Streiff, F. (eds) L\u2019architecture en bauge en Europe, Actes du colloque Colloque europ\u00e9en organis\u00e9 \u00e0 Isigny-sur-Mer du 12 au 14 octobre 2006, Les Veys: 117-131. Les Veys: Parc naturel r\u00e9gional des Marais du Cotentin et du Bessin.<\/li>\n<li>Syrov\u00e1, Z. &amp; Syrov\u00fd, J. 2011. La brique crue moul\u00e9e dans les pays historiques tch\u00e8ques (Boh\u00eame et Moravie \u2013 Sil\u00e9sie). In Chazelle, C.A., Klein, A. &amp; Pousthomis, N. (eds) Les cultures constructives de la brique crue: Echanges transdisciplinaires sur les constructions en terre crue; vol.3: 248-260. Gap: Editions de l&#8217;Esp\u00e9rou.<\/li>\n<li>Syrov\u00e1, Z. &amp; Syrov\u00fd, J. 2012. Rammed earth in Moravia (Czech Republic) in the context of neighboring lands. In Mileto, C., Vegas L\u00f3pez-Manzanares &amp; F., Cristini, V&nbsp;(eds) Rammed Earth Conservation. 229-235. Leiden: CRC Press\/Balkema.<\/li>\n<li>Syrov\u00e1, Z. &amp; Syrov\u00fd, J. 2013. Historic daubed corner-timbered constructions in Czech Republic. In Correia, M., Carlos, G.. &amp; Rocha, S. (eds) Vernacular Heritage and Earthen Architecture: Contributions for Sustainable Development. 29-34. Leiden: CRC Press\/Balkema.<\/li>\n<\/ul>\n<address>\u00a0<\/address>\n<address>Text \u010dl\u00e1nku: Syrov\u00e1, Z. &amp; Syrov\u00fd, J. 2014. Lehm in historischer Bauforschung und Inventarisation der SOVAMM (\u201eGesellschaft f\u00fcr die Erneuerung des Dorfes und der Kleinstadt\u201c) \/ Hl\u00edna ve stavebn\u011b historick\u00fdch a&nbsp;inventariza\u010dn\u00edch pr\u016fzkumech SOVAMM. In Pl\u00f6ckinger-Walenta, V. &amp; Novotn\u00fd, M. (eds) Lehmbau: Tradition un Moderne \/ Hlin\u011bn\u00e1 stavba: tradice a&nbsp;sou\u010dasnost. 145-154. Atzenbrugg: Wienviertler Museumsdorf Niedersulz. (<a href=\"https:\/\/blog.sy-sy.cz\/wp-content\/uploads\/2020\/10\/Lehmbauten_Symposium_2014.pdf\" target=\"_blank\" rel=\"noopener noreferrer\">PDF<\/a>)<\/address>\n","protected":false},"excerpt":{"rendered":"<p>Spole\u010dnost pro obnovu vesnice a&nbsp;mal\u00e9ho m\u011bsta (SOVAMM) vznikla v&nbsp;roce 1990 jako z\u00e1jmov\u00e9 sdru\u017een\u00ed odborn\u00edk\u016f a&nbsp;z\u00e1jemc\u016f o&nbsp;venkovsk\u00e9 stavitelstv\u00ed. Vernakul\u00e1rn\u00ed (lidovou i&nbsp;stavitelskou) architekturou se zab\u00fdv\u00e1 i&nbsp;z&nbsp;pohledu konstrukc\u00ed a&nbsp;technologi\u00ed.<\/p>\n","protected":false},"author":2,"featured_media":372,"parent":44,"menu_order":0,"comment_status":"closed","ping_status":"closed","template":"","meta":{"jetpack_post_was_ever_published":false,"footnotes":""},"class_list":["post-370","page","type-page","status-publish","has-post-thumbnail","hentry"],"jetpack_shortlink":"https:\/\/wp.me\/P91gAT-5Y","jetpack-related-posts":[{"id":40,"url":"https:\/\/blog.sy-sy.cz\/index.php\/projekty-a-pruzkumy\/","url_meta":{"origin":370,"position":0},"title":"Projekty a&nbsp;pr\u016fzkumy","author":"Zuzana Syrov\u00e1 An\u00fd\u017eov\u00e1","date":"03\/11\/2014","format":false,"excerpt":"inventariza\u010dn\u00ed pr\u016fzkumy lidov\u00e9 architektury Chr\u00e1n\u011bn\u00e9 krajinn\u00e9 oblasti Jesen\u00edky * N\u00e1rodn\u00edho parku Krkono\u0161e * N\u00e1rodn\u00edho parku Podyj\u00ed a jeho ochrann\u00e9ho p\u00e1sma * Chr\u00e1n\u011bn\u00e9 krajinn\u00e9 oblasti B\u00edl\u00e9 Karpaty pr\u016fzkumy pro projekty obnovy vesnice: MPR \u0160tramberk (NJ) * Sudom\u011b\u0159ice, Dambo\u0159ice, Petrov, N\u011bm\u010di\u010dky a Lipov (HO) * Sedlec a Hlohovec (BV) * Jarom\u011b\u0159ice, Rychnov\u2026","rel":"","context":"Podobn\u00fd p\u0159\u00edsp\u011bvek","block_context":{"text":"Podobn\u00fd p\u0159\u00edsp\u011bvek","link":""},"img":{"alt_text":"","src":"","width":0,"height":0},"classes":[]},{"id":3212,"url":"https:\/\/blog.sy-sy.cz\/index.php\/o-nas\/ing-arch-jiri-syrovy\/","url_meta":{"origin":370,"position":1},"title":"Ing. arch. Ji\u0159\u00ed Syrov\u00fd","author":"Zuzana Syrov\u00e1 An\u00fd\u017eov\u00e1","date":"15\/02\/2025","format":false,"excerpt":"Narozen 18. 9. 1955 v Brn\u011b. Vystudoval v letech 1975-1981 na VUT v Brn\u011b \u2013 obor architektura; v roce 1986 tamt\u00e9\u017e postgradu\u00e1ln\u00ed studium v oboru v\u00fdstavnitcv\u00ed. V letech 1990 -1991 postgradu\u00e1ln\u00ed studium d\u011bjin architektury na Ecole d\u2019Architecture v Grenoblu. Specializuje se na pr\u016fzkumy a obnovu pam\u00e1tek a prostorov\u00e9 pl\u00e1nov\u00e1n\u00ed. V\u2026","rel":"","context":"Podobn\u00fd p\u0159\u00edsp\u011bvek","block_context":{"text":"Podobn\u00fd p\u0159\u00edsp\u011bvek","link":""},"img":{"alt_text":"","src":"","width":0,"height":0},"classes":[]},{"id":451,"url":"https:\/\/blog.sy-sy.cz\/index.php\/projekty-a-pruzkumy\/stavebne-historicky-a-urbanisticko-historicky-vyzkum-np-podyji-a-jeho-op\/","url_meta":{"origin":370,"position":2},"title":"Stavebn\u011b historick\u00fd a&nbsp;urbanisticko historick\u00fd v\u00fdzkum NP Podyj\u00ed a&nbsp;jeho OP","author":"Zuzana Syrov\u00e1 An\u00fd\u017eov\u00e1","date":"08\/02\/2015","format":false,"excerpt":"Projekt SOVAMM Stavebn\u011b historick\u00fd a urbanisticko historick\u00fd v\u00fdzkum NP Podyj\u00ed a jeho OP \u2013 modelov\u00fd p\u0159\u00edklad GIS a syst\u00e9mu urbanistick\u00e9 stability (1996-1997, MK0\/PK): Prezentace projektu - zpracov\u00e1n\u00ed s\u00eddla (p\u0159\u00edklad Popice)\u00a0 (version FR) Popice - katalog objekt\u016f Prezentace projektu - zpracov\u00e1n\u00ed SHP objektu (p\u0159\u00edklad Lusthaus, \u010c\u00ed\u017eov)","rel":"","context":"Podobn\u00fd p\u0159\u00edsp\u011bvek","block_context":{"text":"Podobn\u00fd p\u0159\u00edsp\u011bvek","link":""},"img":{"alt_text":"","src":"https:\/\/i0.wp.com\/blog.sy-sy.cz\/wp-content\/uploads\/2015\/02\/POPICE19-1.jpg?fit=672%2C408&ssl=1&resize=350%2C200","width":350,"height":200,"srcset":"https:\/\/i0.wp.com\/blog.sy-sy.cz\/wp-content\/uploads\/2015\/02\/POPICE19-1.jpg?fit=672%2C408&ssl=1&resize=350%2C200 1x, https:\/\/i0.wp.com\/blog.sy-sy.cz\/wp-content\/uploads\/2015\/02\/POPICE19-1.jpg?fit=672%2C408&ssl=1&resize=525%2C300 1.5x"},"classes":[]},{"id":3218,"url":"https:\/\/blog.sy-sy.cz\/index.php\/o-nas\/ing-arch-zuzana-syrova-anyzova\/","url_meta":{"origin":370,"position":3},"title":"Ing. arch. Zuzana Syrov\u00e1 An\u00fd\u017eov\u00e1","author":"Zuzana Syrov\u00e1 An\u00fd\u017eov\u00e1","date":"15\/02\/2025","format":false,"excerpt":"Narozena 24.12.1956 v Brn\u011b. Vystudovala v letech 1975-1981 na VUT v Brn\u011b \u2013 obor architektura. V letech 1990 -1991 postgradu\u00e1ln\u00ed studium d\u011bjin architektury na Ecole d\u2019Architecture v Grenoblu (C.E.A.A. 1996). V roce 1992 absolvovala mezin\u00e1rodn\u00ed kurz se zam\u011b\u0159en\u00edm na hlin\u011bnou architekturu CRATerre\/ICCROM. V letech 1998 \u2013 1999 D.E.A. \u2013 Histoire\u2026","rel":"","context":"Podobn\u00fd p\u0159\u00edsp\u011bvek","block_context":{"text":"Podobn\u00fd p\u0159\u00edsp\u011bvek","link":""},"img":{"alt_text":"","src":"","width":0,"height":0},"classes":[]},{"id":44,"url":"https:\/\/blog.sy-sy.cz\/index.php\/o-hline\/publikace\/","url_meta":{"origin":370,"position":4},"title":"Publikace o&nbsp;hl\u00edn\u011b","author":"Zuzana Syrov\u00e1 An\u00fd\u017eov\u00e1","date":"03\/11\/2014","format":false,"excerpt":"Syrov\u00e1, Z. & Syrov\u00fd, J. 1992. Hlin\u011bn\u00e1 architektura ve Francii. In Zpr\u00e1vy pam\u00e1tkov\u00e9 p\u00e9\u010de 1992\/52, 7: 4\u2013\u201315. Syrov\u00e1 Z., 1993, Renouveau des villages en terre en Moravie, in Comunica\u00e7\u00f5es - 7a confer\u00eancia internacional sobre o estudo e conserva\u00e7\u00e3o da architectura de terra, Lisboa, DGEMN, 237\u2013\u2013243 (PDF) Syrov\u00e1 Z. & Syrov\u00fd\u2026","rel":"","context":"Podobn\u00fd p\u0159\u00edsp\u011bvek","block_context":{"text":"Podobn\u00fd p\u0159\u00edsp\u011bvek","link":""},"img":{"alt_text":"","src":"","width":0,"height":0},"classes":[]},{"id":338,"url":"https:\/\/blog.sy-sy.cz\/index.php\/publikace\/","url_meta":{"origin":370,"position":5},"title":"Publikace","author":"Zuzana Syrov\u00e1 An\u00fd\u017eov\u00e1","date":"29\/12\/2014","format":false,"excerpt":"\u0160KABRADA, Ji\u0159\u00ed a\u00a0SYROV\u00c1, Zuzana.\u00a0D\u016fm \u010dp.\u00a0171 v\u00a0\u010cist\u00e9 u\u00a0Litomy\u0161le. In:\u00a0Archaeologia historica\u00a014, 1989, s. 325\u2014336.\u00a0PDF EDEL Tom\u00e1\u0161, SYROV\u00c1 Zuzana, \u0160KABRADA Ji\u0159\u00ed, Strop jizby domu \u010dp. 33 v Kun\u011bjov\u011b (okres Jind\u0159ich\u016fv Hradec). Pam\u00e1tky a p\u0159\u00edroda 16, 1991, \u010d. 3, s. 153\u2014156. PDF SYROV\u00c1, Zuzana; SYROV\u00dd, Ji\u0159\u00ed: Od posledn\u00ed (?) jizby k prvn\u00ed (?) sv\u011btnici\u2026","rel":"","context":"Podobn\u00fd p\u0159\u00edsp\u011bvek","block_context":{"text":"Podobn\u00fd p\u0159\u00edsp\u011bvek","link":""},"img":{"alt_text":"","src":"","width":0,"height":0},"classes":[]}],"jetpack_sharing_enabled":true,"_links":{"self":[{"href":"https:\/\/blog.sy-sy.cz\/index.php\/wp-json\/wp\/v2\/pages\/370","targetHints":{"allow":["GET"]}}],"collection":[{"href":"https:\/\/blog.sy-sy.cz\/index.php\/wp-json\/wp\/v2\/pages"}],"about":[{"href":"https:\/\/blog.sy-sy.cz\/index.php\/wp-json\/wp\/v2\/types\/page"}],"author":[{"embeddable":true,"href":"https:\/\/blog.sy-sy.cz\/index.php\/wp-json\/wp\/v2\/users\/2"}],"replies":[{"embeddable":true,"href":"https:\/\/blog.sy-sy.cz\/index.php\/wp-json\/wp\/v2\/comments?post=370"}],"version-history":[{"count":3,"href":"https:\/\/blog.sy-sy.cz\/index.php\/wp-json\/wp\/v2\/pages\/370\/revisions"}],"predecessor-version":[{"id":3570,"href":"https:\/\/blog.sy-sy.cz\/index.php\/wp-json\/wp\/v2\/pages\/370\/revisions\/3570"}],"up":[{"embeddable":true,"href":"https:\/\/blog.sy-sy.cz\/index.php\/wp-json\/wp\/v2\/pages\/44"}],"wp:featuredmedia":[{"embeddable":true,"href":"https:\/\/blog.sy-sy.cz\/index.php\/wp-json\/wp\/v2\/media\/372"}],"wp:attachment":[{"href":"https:\/\/blog.sy-sy.cz\/index.php\/wp-json\/wp\/v2\/media?parent=370"}],"curies":[{"name":"wp","href":"https:\/\/api.w.org\/{rel}","templated":true}]}}