{"id":3828,"date":"2026-05-04T17:31:59","date_gmt":"2026-05-04T15:31:59","guid":{"rendered":"https:\/\/blog.sy-sy.cz\/?page_id=3828"},"modified":"2026-05-04T17:38:23","modified_gmt":"2026-05-04T15:38:23","slug":"falco-tinnunculus-brunensis-2","status":"publish","type":"page","link":"https:\/\/blog.sy-sy.cz\/index.php\/o-nasich-postolkach\/youtube-zive-vysilani\/falco-tinnunculus-brunensis-2\/","title":{"rendered":"Falco tinnunculus brunensis 2"},"content":{"rendered":"<p><iframe style=\"border: none; overflow: hidden; width: 560px; height: 315px;\" src=\"https:\/\/camstreamer.com\/embed\/YprDdaZ6MpC5b4EHoLae835OrfMqeQbmimRKSspC\" allowfullscreen=\"allowfullscreen\" data-mce-fragment=\"1\"><\/iframe><\/p>\n<h5>Aktu\u00e1ln\u00ed \u017eiv\u00e9 p\u0159enosy:<\/h5>\n<ul>\n<li><a href=\"https:\/\/blog.sy-sy.cz\/index.php\/o-nasich-postolkach\/youtube-zive-vysilani\/falco-tinnunculus-brunensis-1\/\">Falco tinnunculus brunensis 1 \u2192<\/a><\/li>\n<li><a href=\"https:\/\/blog.sy-sy.cz\/index.php\/o-nasich-postolkach\/youtube-zive-vysilani\/falco-tinnunculus-brunensis-2\/\" target=\"_blank\" rel=\"noopener\">Falco tinnunculus brunensis 2 \u2192<\/a><\/li>\n<li><a href=\"https:\/\/blog.sy-sy.cz\/index.php\/o-nasich-postolkach\/youtube-zive-vysilani\/apus-apus-brunensis\/\">Apus apus brunensis \u2192<\/a><\/li>\n<\/ul>\n","protected":false},"excerpt":{"rendered":"<p>Aktu\u00e1ln\u00ed \u017eiv\u00e9 p\u0159enosy: Falco tinnunculus brunensis 1 \u2192 Falco tinnunculus brunensis 2 \u2192 Apus apus brunensis \u2192<\/p>\n","protected":false},"author":2,"featured_media":0,"parent":3107,"menu_order":2,"comment_status":"closed","ping_status":"closed","template":"","meta":{"jetpack_post_was_ever_published":false,"footnotes":""},"class_list":["post-3828","page","type-page","status-publish","hentry"],"jetpack_shortlink":"https:\/\/wp.me\/P91gAT-ZK","jetpack-related-posts":[{"id":3826,"url":"https:\/\/blog.sy-sy.cz\/index.php\/o-nasich-postolkach\/youtube-zive-vysilani\/falco-tinnunculus-brunensis-1\/","url_meta":{"origin":3828,"position":0},"title":"Falco tinnunculus brunensis 1","author":"Zuzana Syrov\u00e1 An\u00fd\u017eov\u00e1","date":"04\/05\/2026","format":false,"excerpt":"Aktu\u00e1ln\u00ed \u017eiv\u00e9 p\u0159enosy: Falco tinnunculus brunensis 1 \u2192 Falco tinnunculus brunensis 2 \u2192 Apus apus brunensis \u2192","rel":"","context":"Podobn\u00fd p\u0159\u00edsp\u011bvek","block_context":{"text":"Podobn\u00fd p\u0159\u00edsp\u011bvek","link":""},"img":{"alt_text":"","src":"","width":0,"height":0},"classes":[]},{"id":3830,"url":"https:\/\/blog.sy-sy.cz\/index.php\/o-nasich-postolkach\/youtube-zive-vysilani\/apus-apus-brunensis\/","url_meta":{"origin":3828,"position":1},"title":"Apus apus brunensis","author":"Zuzana Syrov\u00e1 An\u00fd\u017eov\u00e1","date":"04\/05\/2026","format":false,"excerpt":"Aktu\u00e1ln\u00ed \u017eiv\u00e9 p\u0159enosy: Falco tinnunculus brunensis 1 \u2192 Falco tinnunculus brunensis 2 \u2192 Apus apus brunensis \u2192","rel":"","context":"Podobn\u00fd p\u0159\u00edsp\u011bvek","block_context":{"text":"Podobn\u00fd p\u0159\u00edsp\u011bvek","link":""},"img":{"alt_text":"","src":"","width":0,"height":0},"classes":[]},{"id":3107,"url":"https:\/\/blog.sy-sy.cz\/index.php\/o-nasich-postolkach\/youtube-zive-vysilani\/","url_meta":{"origin":3828,"position":2},"title":"&#8222;Na\u0161e&#8220; po\u0161tolky &#8211; YouTube \u017eiv\u00e9 vys\u00edl\u00e1n\u00ed","author":"Zuzana Syrov\u00e1 An\u00fd\u017eov\u00e1","date":"04\/11\/2024","format":false,"excerpt":"Aktu\u00e1ln\u00ed \u017eiv\u00e9 p\u0159enosy: Falco tinnunculus brunensis 1 \u2192 Falco tinnunculus brunensis 2 \u2192 Apus apus brunensis \u2192 Permalinks: https:\/\/camstreamer.com\/redirect\/A7NqLLFPJXtvFYnNq0lyj4NzktH1FZof7pI4eqpY https:\/\/camstreamer.com\/redirect\/5VlgU1vAmpgM7ORmXjOdcmdzxzEbkX7sJ2IhxQRB https:\/\/camstreamer.com\/redirect\/qp2VoL6U8vNXAWmqPu8ETq3oaYV6YzYztbu34cMx https:\/\/camstreamer.com\/redirect\/XAP6hVk7bKHeT8TQs5rBZb5jV78QywJIVkQS5Lqy https:\/\/camstreamer.com\/redirect\/aQ5q2ii4Y7Fnl8YL00vOwCnqJTWmITdUXETNJJ4J https:\/\/camstreamer.com\/redirect\/86o0gPUVvKlp0Z1n2hrui3NHx2D9RVGzrbFYqPHE https:\/\/camstreamer.com\/redirect\/YprDdaZ6MpC5b4EHoLae835OrfMqeQbmimRKSspC https:\/\/youtube.com\/channel\/UCx1tb6S-HFz_XUyk2bGxavw\/live https:\/\/youtube.com\/channel\/UCn2Pab5nlUR3-bwZhUKdDSw\/live FALCO TINNUNCULUS BRUNENSIS \u2194 APUS APUS BRUNENSIS","rel":"","context":"Podobn\u00fd p\u0159\u00edsp\u011bvek","block_context":{"text":"Podobn\u00fd p\u0159\u00edsp\u011bvek","link":""},"img":{"alt_text":"","src":"","width":0,"height":0},"classes":[]},{"id":38,"url":"https:\/\/blog.sy-sy.cz\/index.php\/o-nasich-postolkach\/","url_meta":{"origin":3828,"position":3},"title":"O &#8222;na\u0161ich&#8220; po\u0161tolk\u00e1ch","author":"Zuzana Syrov\u00e1 An\u00fd\u017eov\u00e1","date":"03\/11\/2014","format":false,"excerpt":"Od roku 2007 hn\u00edzd\u00ed v na\u0161\u00ed lod\u017eii, hned za okny pracovny, po\u0161tolky. V\u0161emu s nimi spojen\u00e9mu (i na\u0161im dal\u0161\u00edm zv\u00ed\u0159ec\u00edm n\u00e1jemn\u00edk\u016fm a n\u00e1v\u0161t\u011bvn\u00edk\u016fm) je v\u011bnov\u00e1n blog: O my\u0161\u00edch a po\u0161tolk\u00e1ch. Jeho zjednodu\u0161enou z\u00e1lohu v p\u0159\u00edpad\u011b v\u00fdpadku najdete zde. \u017div\u00fd p\u0159enos spolu s aktu\u00e1ln\u00edmi informacemi o pr\u016fb\u011bhu sez\u00f3ny najdete zde. Testujeme\u2026","rel":"","context":"Podobn\u00fd p\u0159\u00edsp\u011bvek","block_context":{"text":"Podobn\u00fd p\u0159\u00edsp\u011bvek","link":""},"img":{"alt_text":"","src":"https:\/\/i0.wp.com\/blog.sy-sy.cz\/wp-content\/uploads\/2014\/11\/Falco_tinnunculus_brunensis_cb-1.jpg?fit=960%2C639&ssl=1&resize=350%2C200","width":350,"height":200,"srcset":"https:\/\/i0.wp.com\/blog.sy-sy.cz\/wp-content\/uploads\/2014\/11\/Falco_tinnunculus_brunensis_cb-1.jpg?fit=960%2C639&ssl=1&resize=350%2C200 1x, https:\/\/i0.wp.com\/blog.sy-sy.cz\/wp-content\/uploads\/2014\/11\/Falco_tinnunculus_brunensis_cb-1.jpg?fit=960%2C639&ssl=1&resize=525%2C300 1.5x, https:\/\/i0.wp.com\/blog.sy-sy.cz\/wp-content\/uploads\/2014\/11\/Falco_tinnunculus_brunensis_cb-1.jpg?fit=960%2C639&ssl=1&resize=700%2C400 2x"},"classes":[]}],"jetpack_sharing_enabled":true,"_links":{"self":[{"href":"https:\/\/blog.sy-sy.cz\/index.php\/wp-json\/wp\/v2\/pages\/3828","targetHints":{"allow":["GET"]}}],"collection":[{"href":"https:\/\/blog.sy-sy.cz\/index.php\/wp-json\/wp\/v2\/pages"}],"about":[{"href":"https:\/\/blog.sy-sy.cz\/index.php\/wp-json\/wp\/v2\/types\/page"}],"author":[{"embeddable":true,"href":"https:\/\/blog.sy-sy.cz\/index.php\/wp-json\/wp\/v2\/users\/2"}],"replies":[{"embeddable":true,"href":"https:\/\/blog.sy-sy.cz\/index.php\/wp-json\/wp\/v2\/comments?post=3828"}],"version-history":[{"count":2,"href":"https:\/\/blog.sy-sy.cz\/index.php\/wp-json\/wp\/v2\/pages\/3828\/revisions"}],"predecessor-version":[{"id":3834,"href":"https:\/\/blog.sy-sy.cz\/index.php\/wp-json\/wp\/v2\/pages\/3828\/revisions\/3834"}],"up":[{"embeddable":true,"href":"https:\/\/blog.sy-sy.cz\/index.php\/wp-json\/wp\/v2\/pages\/3107"}],"wp:attachment":[{"href":"https:\/\/blog.sy-sy.cz\/index.php\/wp-json\/wp\/v2\/media?parent=3828"}],"curies":[{"name":"wp","href":"https:\/\/api.w.org\/{rel}","templated":true}]}}