{"id":388,"date":"2015-01-01T08:27:42","date_gmt":"2015-01-01T06:27:42","guid":{"rendered":"http:\/\/sy-sy.synology.me\/?page_id=388"},"modified":"2025-03-15T17:39:19","modified_gmt":"2025-03-15T16:39:19","slug":"kontakt","status":"publish","type":"page","link":"https:\/\/blog.sy-sy.cz\/index.php\/kontakt\/","title":{"rendered":"Kontakt"},"content":{"rendered":"<p><img data-recalc-dims=\"1\" loading=\"lazy\" decoding=\"async\" data-attachment-id=\"392\" data-permalink=\"https:\/\/blog.sy-sy.cz\/index.php\/kontakt\/sysy_logo-2\/\" data-orig-file=\"https:\/\/i0.wp.com\/blog.sy-sy.cz\/wp-content\/uploads\/2015\/01\/SYSY_logo-1.png?fit=142%2C98&amp;ssl=1\" data-orig-size=\"142,98\" data-comments-opened=\"1\" data-image-meta=\"{&quot;aperture&quot;:&quot;0&quot;,&quot;credit&quot;:&quot;&quot;,&quot;camera&quot;:&quot;&quot;,&quot;caption&quot;:&quot;&quot;,&quot;created_timestamp&quot;:&quot;0&quot;,&quot;copyright&quot;:&quot;&quot;,&quot;focal_length&quot;:&quot;0&quot;,&quot;iso&quot;:&quot;0&quot;,&quot;shutter_speed&quot;:&quot;0&quot;,&quot;title&quot;:&quot;&quot;,&quot;orientation&quot;:&quot;0&quot;}\" data-image-title=\"SYSY_logo\" data-image-description=\"\" data-image-caption=\"\" data-large-file=\"https:\/\/i0.wp.com\/blog.sy-sy.cz\/wp-content\/uploads\/2015\/01\/SYSY_logo-1.png?fit=142%2C98&amp;ssl=1\" class=\"alignnone wp-image-392 size-full\" src=\"https:\/\/i0.wp.com\/blog.sy-sy.cz\/wp-content\/uploads\/2015\/01\/SYSY_logo-1.png?resize=142%2C98&#038;ssl=1\" alt=\"SYSY_logo\" width=\"142\" height=\"98\" \/><\/p>\n<p>Syrov\u00fd a&nbsp;Syrov\u00e1, architekti<br \/>\nKur\u0161ova 995\/30<br \/>\n63500 Brno &#8211; Bystrc<\/p>\n<p><em>tel.: (+420) 736657048<\/em><br \/>\n<em>e-po\u0161ta: syrovy.syrova@worldonline.cz<\/em><\/p>\n","protected":false},"excerpt":{"rendered":"<p>Syrov\u00fd a&nbsp;Syrov\u00e1, architekti Kur\u0161ova 995\/30&nbsp;63500 Brno &#8211; Bystrc tel.: (+420) 736657048 e-po\u0161ta: syrovy.syrova@worldonline.cz<\/p>\n","protected":false},"author":2,"featured_media":0,"parent":0,"menu_order":50,"comment_status":"closed","ping_status":"closed","template":"","meta":{"jetpack_post_was_ever_published":false,"footnotes":""},"class_list":["post-388","page","type-page","status-publish","hentry"],"jetpack_shortlink":"https:\/\/wp.me\/P91gAT-6g","jetpack-related-posts":[{"id":2125,"url":"https:\/\/blog.sy-sy.cz\/index.php\/zasady-ochrany-osobnich-udaju\/","url_meta":{"origin":388,"position":0},"title":"Z\u00e1sady ochrany osobn\u00edch \u00fadaj\u016f","author":"Zuzana Syrov\u00e1 An\u00fd\u017eov\u00e1","date":"08\/06\/2018","format":false,"excerpt":"Kdo jsme Tento web\/blog provozuje: architektonick\u00e1 kancel\u00e1\u0159 Syrov\u00fd a Syrov\u00e1, architekti: Zuzana Syrov\u00e1 - An\u00fd\u017eov\u00e1 a Ji\u0159\u00ed Syrov\u00fd Kur\u0161ova 30, Brno. 63500 Adresa webu\/blogu je: https:\/\/blog.sy-sy.cz. Jak\u00e9 shroma\u017e\u010fujeme osobn\u00ed \u00fadaje a pro\u010d je shroma\u017e\u010fujeme Tento web slou\u017e\u00ed prezentaci \u010dinnosti na\u0161\u00ed architektonick\u00e9 kancel\u00e1\u0159e a souvisej\u00edc\u00edh aktivit.\u00a0 Shroma\u017e\u010fujeme zde pouze \u00fadaje nezbytn\u00e9\u2026","rel":"","context":"Podobn\u00fd p\u0159\u00edsp\u011bvek","block_context":{"text":"Podobn\u00fd p\u0159\u00edsp\u011bvek","link":""},"img":{"alt_text":"","src":"","width":0,"height":0},"classes":[]},{"id":32,"url":"https:\/\/blog.sy-sy.cz\/index.php\/o-nas\/","url_meta":{"origin":388,"position":1},"title":"O n\u00e1s","author":"Zuzana Syrov\u00e1 An\u00fd\u017eov\u00e1","date":"03\/11\/2014","format":false,"excerpt":"Specializujeme se na \u00fazemn\u00ed a regula\u010dn\u00ed pl\u00e1ny, stavebn\u011b historick\u00e9 pr\u016fzkumy a souvisej\u00edc\u00ed projekty obnovy, stavebn\u011b historick\u00e9 a inventariza\u010dn\u00ed pr\u016fzkumy s\u00eddel a \u00fazem\u00ed, GIS. Syrov\u00fd a Syrov\u00e1, architekti v datech: 1980 - za\u010d\u00e1tek spolupr\u00e1ce (sout\u011b\u017ee, pr\u016fzkumy lidov\u00e9 \/ vernakul\u00e1rn\u00ed architektury) 1990 - zalo\u017een\u00ed architektonick\u00e9 kancel\u00e1\u0159e 1994 - za\u010d\u00e1tek v\u00fdvoje GIS pro\u2026","rel":"","context":"Podobn\u00fd p\u0159\u00edsp\u011bvek","block_context":{"text":"Podobn\u00fd p\u0159\u00edsp\u011bvek","link":""},"img":{"alt_text":"","src":"https:\/\/i0.wp.com\/blog.sy-sy.cz\/wp-content\/uploads\/2019\/01\/Addiss_19910411_02oBW-e1546423847515.jpg?fit=1038%2C766&ssl=1&resize=350%2C200","width":350,"height":200,"srcset":"https:\/\/i0.wp.com\/blog.sy-sy.cz\/wp-content\/uploads\/2019\/01\/Addiss_19910411_02oBW-e1546423847515.jpg?fit=1038%2C766&ssl=1&resize=350%2C200 1x, https:\/\/i0.wp.com\/blog.sy-sy.cz\/wp-content\/uploads\/2019\/01\/Addiss_19910411_02oBW-e1546423847515.jpg?fit=1038%2C766&ssl=1&resize=525%2C300 1.5x, https:\/\/i0.wp.com\/blog.sy-sy.cz\/wp-content\/uploads\/2019\/01\/Addiss_19910411_02oBW-e1546423847515.jpg?fit=1038%2C766&ssl=1&resize=700%2C400 2x"},"classes":[]},{"id":739,"url":"https:\/\/blog.sy-sy.cz\/","url_meta":{"origin":388,"position":2},"title":"\u00davod","author":"Zuzana Syrov\u00e1 An\u00fd\u017eov\u00e1","date":"03\/11\/2014","format":false,"excerpt":"Tyto str\u00e1nky jsou v\u011bnovan\u00e9 \u010dinnosti architektonick\u00e9 kancel\u00e1\u0159e Syrov\u00fd a Syrov\u00e1, architekti + souvisej\u00edc\u00edm aktivit\u00e1m: p\u0159edev\u0161\u00edm vernakul\u00e1rn\u00ed architektu\u0159e, hlin\u011bn\u00fdm konstrukc\u00edm, GIS, tedy temat\u016fm odborn\u00fdm, jim\u017e se v\u011bnujeme po v\u011bt\u0161inou ji\u017e od 80. let stolet\u00ed minul\u00e9ho a\u00a0nearchitektonick\u00e9mu tematu po\u0161tolek obecn\u00fdch, kter\u00e9\u017eto se n\u00e1m p\u0159ipletly do \u017eivota t\u00edm, \u017ee se us\u00eddlily v na\u0161\u00ed\u2026","rel":"","context":"Podobn\u00fd p\u0159\u00edsp\u011bvek","block_context":{"text":"Podobn\u00fd p\u0159\u00edsp\u011bvek","link":""},"img":{"alt_text":"","src":"https:\/\/i0.wp.com\/blog.sy-sy.cz\/wp-content\/uploads\/2014\/11\/DSC_9551-1-e1503569460360.jpg?fit=1038%2C690&ssl=1&resize=350%2C200","width":350,"height":200,"srcset":"https:\/\/i0.wp.com\/blog.sy-sy.cz\/wp-content\/uploads\/2014\/11\/DSC_9551-1-e1503569460360.jpg?fit=1038%2C690&ssl=1&resize=350%2C200 1x, https:\/\/i0.wp.com\/blog.sy-sy.cz\/wp-content\/uploads\/2014\/11\/DSC_9551-1-e1503569460360.jpg?fit=1038%2C690&ssl=1&resize=525%2C300 1.5x, https:\/\/i0.wp.com\/blog.sy-sy.cz\/wp-content\/uploads\/2014\/11\/DSC_9551-1-e1503569460360.jpg?fit=1038%2C690&ssl=1&resize=700%2C400 2x"},"classes":[]},{"id":338,"url":"https:\/\/blog.sy-sy.cz\/index.php\/publikace\/","url_meta":{"origin":388,"position":3},"title":"Publikace","author":"Zuzana Syrov\u00e1 An\u00fd\u017eov\u00e1","date":"29\/12\/2014","format":false,"excerpt":"\u0160KABRADA, Ji\u0159\u00ed a\u00a0SYROV\u00c1, Zuzana.\u00a0D\u016fm \u010dp.\u00a0171 v\u00a0\u010cist\u00e9 u\u00a0Litomy\u0161le. In:\u00a0Archaeologia historica\u00a014, 1989, s. 325\u2014336.\u00a0PDF EDEL Tom\u00e1\u0161, SYROV\u00c1 Zuzana, \u0160KABRADA Ji\u0159\u00ed, Strop jizby domu \u010dp. 33 v Kun\u011bjov\u011b (okres Jind\u0159ich\u016fv Hradec). Pam\u00e1tky a p\u0159\u00edroda 16, 1991, \u010d. 3, s. 153\u2014156. PDF SYROV\u00c1, Zuzana; SYROV\u00dd, Ji\u0159\u00ed: Od posledn\u00ed (?) jizby k prvn\u00ed (?) sv\u011btnici\u2026","rel":"","context":"Podobn\u00fd p\u0159\u00edsp\u011bvek","block_context":{"text":"Podobn\u00fd p\u0159\u00edsp\u011bvek","link":""},"img":{"alt_text":"","src":"","width":0,"height":0},"classes":[]},{"id":795,"url":"https:\/\/blog.sy-sy.cz\/index.php\/projekty-a-pruzkumy\/shp-lysovice\/","url_meta":{"origin":388,"position":4},"title":"SHP Lysovice","author":"Zuzana Syrov\u00e1 An\u00fd\u017eov\u00e1","date":"04\/09\/2016","format":false,"excerpt":"Lysovice (Vy\u0161kov), s\u00eddeln\u011b historick\u00fd pr\u016fzkum 1997 \/ (s Janem O. Eli\u00e1\u0161em) \/ investor: OkU Vy\u0161kov * P\u0159eveden\u00ed ti\u0161t\u011bn\u00e9 podoby SHP do dokument\u016f PDF a GIS ArcView \/ ArcExplorer 2000 Tituln\u00ed strana Textov\u00e1 \u010d\u00e1st Katalog objekt\u016f Obrazov\u00e9 p\u0159\u00edlohy Grafick\u00e1 \u010d\u00e1st * GIS data dostupn\u00e1 na CD N150SYSY2000 SYROV\u00c1, Zuzana; SYROV\u00dd, Ji\u0159\u00ed:\u2026","rel":"","context":"S 1 koment\u00e1\u0159em","block_context":{"text":"S 1 koment\u00e1\u0159em","link":"https:\/\/blog.sy-sy.cz\/index.php\/projekty-a-pruzkumy\/shp-lysovice\/#comments"},"img":{"alt_text":"LEYD06_","src":"https:\/\/i0.wp.com\/blog.sy-sy.cz\/wp-content\/uploads\/2016\/09\/LEYD06_-1-300x202.jpg?resize=350%2C200&ssl=1","width":350,"height":200},"classes":[]},{"id":370,"url":"https:\/\/blog.sy-sy.cz\/index.php\/o-hline\/publikace\/hlina-ve-stavebne-historickych-a-inventarizacnich-pruzkumech-sovamm\/","url_meta":{"origin":388,"position":5},"title":"Hl\u00edna ve stavebn\u011b historick\u00fdch a&nbsp;inventariza\u010dn\u00edch pr\u016fzkumech SOVAMM","author":"Zuzana Syrov\u00e1 An\u00fd\u017eov\u00e1","date":"29\/12\/2014","format":false,"excerpt":"Spole\u010dnost pro obnovu vesnice a mal\u00e9ho m\u011bsta (SOVAMM) vznikla v roce 1990 jako z\u00e1jmov\u00e9 sdru\u017een\u00ed odborn\u00edk\u016f a z\u00e1jemc\u016f o venkovsk\u00e9 stavitelstv\u00ed. Vernakul\u00e1rn\u00ed (lidovou i stavitelskou) architekturou se zab\u00fdv\u00e1 i z pohledu konstrukc\u00ed a technologi\u00ed. Dlouhodob\u00fdm projektem SOVAMM je Atlas lidov\u00e9 architektury, jeho\u017e vznik umo\u017enily dva stejnojmenn\u00e9 grantov\u00e9 projekty (Ku\u010da &\u2026","rel":"","context":"Podobn\u00fd p\u0159\u00edsp\u011bvek","block_context":{"text":"Podobn\u00fd p\u0159\u00edsp\u011bvek","link":""},"img":{"alt_text":"","src":"https:\/\/i0.wp.com\/blog.sy-sy.cz\/wp-content\/uploads\/2014\/12\/01-1-e1503569600224.jpg?fit=1038%2C721&ssl=1&resize=350%2C200","width":350,"height":200,"srcset":"https:\/\/i0.wp.com\/blog.sy-sy.cz\/wp-content\/uploads\/2014\/12\/01-1-e1503569600224.jpg?fit=1038%2C721&ssl=1&resize=350%2C200 1x, https:\/\/i0.wp.com\/blog.sy-sy.cz\/wp-content\/uploads\/2014\/12\/01-1-e1503569600224.jpg?fit=1038%2C721&ssl=1&resize=525%2C300 1.5x, https:\/\/i0.wp.com\/blog.sy-sy.cz\/wp-content\/uploads\/2014\/12\/01-1-e1503569600224.jpg?fit=1038%2C721&ssl=1&resize=700%2C400 2x"},"classes":[]}],"jetpack_sharing_enabled":false,"_links":{"self":[{"href":"https:\/\/blog.sy-sy.cz\/index.php\/wp-json\/wp\/v2\/pages\/388","targetHints":{"allow":["GET"]}}],"collection":[{"href":"https:\/\/blog.sy-sy.cz\/index.php\/wp-json\/wp\/v2\/pages"}],"about":[{"href":"https:\/\/blog.sy-sy.cz\/index.php\/wp-json\/wp\/v2\/types\/page"}],"author":[{"embeddable":true,"href":"https:\/\/blog.sy-sy.cz\/index.php\/wp-json\/wp\/v2\/users\/2"}],"replies":[{"embeddable":true,"href":"https:\/\/blog.sy-sy.cz\/index.php\/wp-json\/wp\/v2\/comments?post=388"}],"version-history":[{"count":3,"href":"https:\/\/blog.sy-sy.cz\/index.php\/wp-json\/wp\/v2\/pages\/388\/revisions"}],"predecessor-version":[{"id":3210,"href":"https:\/\/blog.sy-sy.cz\/index.php\/wp-json\/wp\/v2\/pages\/388\/revisions\/3210"}],"wp:attachment":[{"href":"https:\/\/blog.sy-sy.cz\/index.php\/wp-json\/wp\/v2\/media?parent=388"}],"curies":[{"name":"wp","href":"https:\/\/api.w.org\/{rel}","templated":true}]}}