{"id":44,"date":"2014-11-03T22:55:38","date_gmt":"2014-11-03T20:55:38","guid":{"rendered":"http:\/\/sy-sy.synology.me\/wordpress\/?page_id=44"},"modified":"2025-12-06T15:41:20","modified_gmt":"2025-12-06T14:41:20","slug":"publikace","status":"publish","type":"page","link":"https:\/\/blog.sy-sy.cz\/index.php\/o-hline\/publikace\/","title":{"rendered":"Publikace o&nbsp;hl\u00edn\u011b"},"content":{"rendered":"<ul>\n<li>Syrov\u00e1, Z. &amp; Syrov\u00fd, J. 1992. Hlin\u011bn\u00e1 architektura ve Francii. In Zpr\u00e1vy pam\u00e1tkov\u00e9 p\u00e9\u010de 1992\/52, 7: 4\u2013\u201315.<\/li>\n<li>Syrov\u00e1 Z., 1993, Renouveau des villages en terre en Moravie, in Comunica\u00e7\u00f5es &#8211; 7a confer\u00eancia internacional sobre o&nbsp;estudo e conserva\u00e7\u00e3o da architectura de terra, Lisboa, DGEMN, 237\u2013\u2013243 (<a href=\"https:\/\/blog.sy-sy.cz\/wp-content\/uploads\/2025\/02\/SILVES_article.pdf\" target=\"_blank\" rel=\"noopener\">PDF<\/a>)<\/li>\n<li>Syrov\u00e1 Z. &amp; Syrov\u00fd J., 1994, La sauvegarde du patrimoine de la maison danubienne dans les village des pays tch\u00e8ques &#8211; P\u0159\u00edkazy, village du district de Olomouc, in Bulletin d\u0092information du CRATerre &#8211; EAG, 14, 22-24 (<a href=\"https:\/\/blog.sy-sy.cz\/wp-content\/uploads\/2025\/02\/prikazy.pdf\" target=\"_blank\" rel=\"noopener\">PDF<\/a>)<\/li>\n<li>Syrov\u00e1, Z. &amp; Syrov\u00fd, J. 1995. Inventory of earthen architecture in Czech Republic, evolution of methodological approach from the beginnings of interest in the 19thcentury and present activities. In Watson, L. &amp; Harries, R. (eds) Out of Earth II, National Conference on Earth Buildings: 25-45. Plymouth: CEA, Plymouth School of Architecture, University of Plymouth. (<a href=\"https:\/\/blog.sy-sy.cz\/wp-content\/uploads\/2025\/02\/Inventory-of-Earthen-Architecture-CZ.pdf\" target=\"_blank\" rel=\"noopener\">PDF<\/a>; <a href=\"https:\/\/blog.sy-sy.cz\/wp-content\/uploads\/2025\/02\/INVENT.pdf\" target=\"_blank\" rel=\"noopener\">text<\/a>)<\/li>\n<li>Syrov\u00e1, Z., Syrov\u00fd, J. &amp; K\u0159\u00ed\u017e, J. 2000. Inventaire, documentation et m\u00e9thodologie de conservation de l&#8217;architecture en terre en R\u00e9publique Tch\u00e8que. In Terra 2000, 8th International Conference on the study and conservation of earthen architecture, Torquay, Devon, UK, May 2000: 430-435. London: James &amp; James. (<a href=\"https:\/\/blog.sy-sy.cz\/wp-content\/uploads\/2025\/02\/TERRA1.pdf\" target=\"_blank\" rel=\"noopener\">text<\/a>)<\/li>\n<li>Syrov\u00e1, Z. &amp; Syrov\u00fd, J. 2007. La bauge en Moravie dans le contexte des constructions historiques en terre crue de la r\u00e9gion danubienne. In Patte, E. &amp; Streiff, F. (eds) L\u2019architecture en bauge en Europe, Actes du colloque Colloque europ\u00e9en organis\u00e9 \u00e0 Isigny-sur-Mer du 12 au 14 octobre 2006, Les Veys: 117-131. Les Veys: Parc naturel r\u00e9gional des Marais du Cotentin et du Bessin. <a href=\"https:\/\/sovamm.cz\/PDFs\/Biblio\/Actes-du-colloque-bauge_2006.pdf#pagemode=bookmarks&amp;page=112\" target=\"_blank\" rel=\"noopener noreferrer\"> PDF<\/a><\/li>\n<li>Syrov\u00e1, Z. 2011. Constructions en terre crue des pays historiques tch\u00e8ques (Boh\u00eame, Moravie \u2013 Sil\u00e9sie). In Construire en terre, Actes; Colloque europ\u00e9en Construire en terre, Du patrimoine historique \u00e0 l\u2019architecture contemporaine, Des professionnels, des savoir-faire et des techniques en Europe: 29-33. Marseille. <a href=\"https:\/\/sovamm.cz\/PDFs\/Biblio\/TerraIncognita_210411_.pdf#pagemode=bookmarks&amp;page=1\" target=\"_blank\" rel=\"noopener noreferrer\">PDF<\/a><\/li>\n<li>Syrov\u00e1, Z. &amp; Syrov\u00fd, J. 2011. La brique crue moul\u00e9e dans les pays historiques tch\u00e8ques (Boh\u00eame et Moravie \u2013 Sil\u00e9sie). In Chazelle, C.A., Klein, A. &amp; Pousthomis, N. (eds) Les cultures constructives de la brique crue: Echanges transdisciplinaires sur les constructions en terre crue; vol.3: 248-260. Gap: Editions de l&#8217;Esp\u00e9rou. <a href=\"https:\/\/sovamm.cz\/PDFs\/Biblio\/BriqueCrue_2006a.pdf#pagemode=bookmarks&amp;page=1\" target=\"_blank\" rel=\"noopener noreferrer\">PDF<\/a><\/li>\n<li>Syrov\u00e1, Z. &amp; Syrov\u00fd, J. 2012. Rammed earth in Moravia (Czech Republic) in the context of neighboring lands. In Mileto, C., Vegas L\u00f3pez-Manzanares &amp; F., Cristini, V&nbsp;(eds) Rammed Earth Conservation. 229-235. Leiden: CRC Press\/Balkema. <a href=\"https:\/\/sovamm.cz\/PDFs\/Biblio\/Restapia_2012-037.pdf#pagemode=bookmarks&amp;page=1\" target=\"_blank\" rel=\"noopener noreferrer\">PDF<\/a><\/li>\n<li>Syrov\u00e1, Z. &amp; Syrov\u00fd, J. 2014. Historic daubed corner-timbered constructions in Czech Republic. In Correia, M., Carlos, G.. &amp; Rocha, S. (eds) Vernacular Heritage and Earthen Architecture: Contributions for Sustainable Development. 29-34. Leiden: CRC Press\/Balkema. <a href=\"https:\/\/sovamm.cz\/PDFs\/Biblio\/VerSUS2013_005.pdf#pagemode=bookmarks&amp;page=1\" target=\"_blank\" rel=\"noopener noreferrer\">PDF<\/a><\/li>\n<li>Syrov\u00e1, Z. &amp; Syrov\u00fd, J. 2014. Lehm in historischer Bauforschung und Inventarisation der SOVAMM (\u201eGesellschaft f\u00fcr die Erneuerung des Dorfes und der Kleinstadt\u201c) \/ Hl\u00edna ve stavebn\u011b historick\u00fdch a&nbsp;inventariza\u010dn\u00edch pr\u016fzkumech SOVAMM. In Pl\u00f6ckinger-Walenta, V. &amp; Novotn\u00fd, M. (eds) Lehmbau: Tradition un Moderne \/ Hlin\u011bn\u00e1 stavba: tradice a&nbsp;sou\u010dasnost. 145-154. Atzenbrugg: Wienviertler Museumsdorf Niedersulz. <a href=\"https:\/\/blog.sy-sy.cz\/index.php\/o-hline\/publikace\/hlina-ve-stavebne-historickych-a-inventarizacnich-pruzkumech-sovamm\/\" target=\"_blank\" rel=\"noopener noreferrer\">Text p\u0159\u00edsp\u011bvku<\/a> \u00a6 <a href=\"https:\/\/blog.sy-sy.cz\/wp-content\/uploads\/2020\/10\/Lehmbauten_Symposium_2014.pdf\" target=\"_blank\" rel=\"noopener noreferrer\">PDF<\/a><\/li>\n<li>Syrov\u00e1, Z. &amp; Syrov\u00fd, J. 2014. Jak se zdilo a&nbsp;nezdilo z&nbsp;hl\u00edny. In\u00a0Svorn\u00edk 12\/2014.&nbsp;267-284. ISBN: 80-86562-06-9 | ISSN 1802-8128. <a href=\"http:\/\/sovamm.cz\/PDFs\/Svornik\/12-2014-267-284_.pdf#pagemode=bookmarks&amp;page=1\" target=\"_blank\" rel=\"noopener noreferrer\">PDF<\/a><\/li>\n<li>Syrov\u00e1, Z. &amp; Syrov\u00fd, J. 2015. Moravian master builders and their contribution to sustainability. In Mileto, C., Vegas, F., Garc\u00eda Soriano, L., &amp; Cristini, V. (eds) Vernacular Architecture: Towards a&nbsp;Sustainable Future. 685\u2013690. Leiden: CRC Press\/Balkema. <a href=\"https:\/\/sovamm.cz\/PDFs\/Biblio\/VerSUS2014_116.pdf#pagemode=bookmarks&amp;page=1\" target=\"_blank\" rel=\"noopener noreferrer\">PDF<\/a><\/li>\n<li>Syrov\u00e1, Z. &amp; Syrov\u00fd, J. 2017. Historic cob structures in Moravia. In Mileto, C., Vegas, F., Garc\u00eda Soriano, L.,\u00a0&amp; Cristini, V. (eds) Vernacular and Earthen Architecture: Conservation and Sustainability. 233\u2013238. Leiden: CRC Press\/Balkema. <a href=\"https:\/\/blog.sy-sy.cz\/wp-content\/uploads\/2017\/11\/syrhcs_20170331_reduced.pdf\" target=\"_blank\" rel=\"noopener noreferrer\">PDF<\/a><\/li>\n<li>Syrov\u00e1, Z. &amp; Syrov\u00fd, J. 2018.\u00a0 Constructions en terre dans le syst\u00e8me d\u2019information du patrimoine in JOFFROY, T., GUILLAUD, H., SADOZA\u00cf, C. (dir.). Terra Lyon 2016: Articles s\u00e9lectionn\u00e9s pour publication en ligne \/ articles selected for on-line publication \/ art\u00edculos seleccionados para publicaci\u00f3n en l\u00ednea. Villefontaine : CRAterre. ISBN 979-10-96446-12-4. Disponible en ligne sur &lt; https:\/\/craterre.hypotheses.org\/1827 &gt; <a href=\"https:\/\/blog.sy-sy.cz\/wp-content\/uploads\/2020\/09\/TERRA-2016_Th-1_Art-049_Syrova_bis.pdf\" target=\"_blank\" rel=\"noopener noreferrer\">PDF<\/a> \u00a6 <a href=\"https:\/\/blog.sy-sy.cz\/wp-content\/uploads\/2020\/09\/TERRA2016_049_PPT.pdf\">presetation (ENG)<\/a><\/li>\n<li>\n<div>Syrov\u00e1, Z. &amp; Syrov\u00fd, J. 2018.\u00a0 Usage de la terre non porteuse dans les constructions historiques des pays tch\u00e8ques; in Construction en terre crue. Torchis, techniques de garnissage et de finition. Architecture et mobilier\u00a0\u00bb, \u00c9changes transdisciplinaires sur les constructions en terre crue, 4, sous la direction de Claire-Anne de <span id=\"DWT1099\" class=\"ZmSearchResult\"><span id=\"DWT1138\" class=\"ZmSearchResult\">Chazelles<\/span><\/span>, \u00c9milie Leal, Alain Klein. \u00c9ditions de l\u2019Esp\u00e9rou, ISBN <span class=\"editable\"><span id=\"OBJ_PREFIX_DWT1100_com_zimbra_phone\" class=\"Object\" role=\"link\">978-2-912261-90-8<\/span>,<\/span> s.101-116 (<a href=\"https:\/\/blog.sy-sy.cz\/wp-content\/uploads\/2019\/01\/Syrova-et-Syrovy-torchis.pdf\" target=\"_blank\" rel=\"noopener noreferrer\">PDF<\/a>)<\/div>\n<\/li>\n<li>\n<div>Syrov\u00e1, Z. &amp; Syrov\u00fd, J. 2018.\u00a0 Les enduits de terre des pays historiques tch\u00e8ques; in Construction en terre crue. Torchis, techniques de garnissage et de finition. Architecture et mobilier\u00a0\u00bb, \u00c9changes transdisciplinaires sur les constructions en terre crue, 4, sous la direction de Claire-Anne de <span id=\"DWT1102\" class=\"ZmSearchResult\"><span id=\"DWT1140\" class=\"ZmSearchResult\">Chazelles<\/span><\/span>, \u00c9milie Leal, Alain Klein. \u00c9ditions de l\u2019Esp\u00e9rou, ISBN <span class=\"editable\"><span id=\"OBJ_PREFIX_DWT1103_com_zimbra_phone\" class=\"Object\" role=\"link\">978-2-912261-90-8<\/span>,<\/span> s. 249-258 (<a href=\"https:\/\/blog.sy-sy.cz\/wp-content\/uploads\/2019\/01\/Syrova-et-Syrovy-enduits.pdf\" target=\"_blank\" rel=\"noopener noreferrer\">PDF<\/a>)<\/div>\n<\/li>\n<li>Lis\u00e1, L., Ko\u010d\u00e1r, P., Bajer, A. et al. 2020. The floor: a&nbsp;voice of human lifeways\u2014a geo-ethnographical study of historical and recent floors at Doln\u00ed N\u011bm\u010d\u00ed Mill, Czech Republic. Archaeol Anthropol Sci 12, 115 (2020). (<a href=\"https:\/\/link.springer.com\/article\/10.1007\/s12520-020-01060-y?fromPaywallRec=false#citeas\" target=\"_blank\" rel=\"noopener noreferrer\">n\u00e1hled<\/a>)<\/li>\n<li>Tintner, J.; Roth, K.; Ottner, F.; Syrov\u00e1-An\u00fd\u017eov\u00e1, Z.; \u017dabi\u010dkov\u00e1, I.; Wriessnig, K.; Meingast, R.; Feiglstorfer, H. Straw. 2020. Clay Bricks and Plasters\u2014Can We Use Its Molecular Decay for Dating Purposes? in Molecules 25, 1419. (<a href=\"https:\/\/www.mdpi.com\/1420-3049\/25\/6\/1419\" target=\"_blank\" rel=\"noopener noreferrer\">abstract<\/a>;\u00a0<a href=\"https:\/\/blog.sy-sy.cz\/wp-content\/uploads\/2020\/03\/molecules-25-01419-v2.pdf\" target=\"_blank\" rel=\"noopener noreferrer\">PDF<\/a>)<\/li>\n<li>Syrov\u00e1, Z. &amp; Syrov\u00fd, J. 2022. Les acteurs de l\u2019architecture en terre crue des r\u00e9gions historiques de la R\u00e9publique tch\u00e8que (xviiie-xxe si\u00e8cles). in \u00c9. Leal, C.-A. de Chazelles, P.&nbsp;Devillers (dir.), <i>Architecture et construction en terre crue. Approches historiques, sociologiques, et \u00e9conomiques. 5<sup>emes<\/sup>\u00a0\u00e9changes transdisciplinaires sur les constructions en terre crue.\u00a0<\/i>Actes de la table ronde internationale de Montpellier, 23-24 octobre 2019,<i>\u00a0<\/i>Montpellier, \u00e9ditions de l&#8217;Esp\u00e9rou, ISBN 978-2-491253-08-0, s. 323-339 (<a href=\"https:\/\/blog.sy-sy.cz\/index.php\/les-acteurs-de-larchitecture-en-terre-crue\/\" target=\"_blank\" rel=\"noopener\">PDF<\/a>)<\/li>\n<li>Syrov\u00e1, Z. &amp; Syrov\u00fd, J. 2025. Hlin\u011bn\u00e9 omaz\u00e1vky historick\u00fdch d\u0159ev\u011bn\u00fdch konstrukc\u00ed. In <em>Hr\u00e1zd\u011bn\u00e9 stavby; Mikroklima historick\u00fdch staveb, Sborn\u00edk p\u0159edn\u00e1\u0161ek z&nbsp;odborn\u00e9ho semin\u00e1\u0159e STOP &#8211; 31 let v&nbsp;pam\u00e1tkov\u00e9 p\u00e9\u010di<\/em>, 26\u201438. <a href=\"https:\/\/blog.sy-sy.cz\/wp-content\/uploads\/2025\/12\/Sbornik_STOP_2025-S31_27-38.pdf\" target=\"_blank\" rel=\"noopener\">PDF<\/a><\/li>\n<\/ul>\n<p>&nbsp;<\/p>\n<ul>\n<li>Syrov\u00e1, Z. &amp; Syrov\u00fd, 2022. Hlin\u011bn\u00e1 Evropa, hlin\u011bn\u00fd sv\u011bt. [prezentace]. Hrub\u00e1 Vrbka, 14.9.2022. <a href=\"https:\/\/blog.sy-sy.cz\/wp-content\/uploads\/2022\/09\/HrubaVrbka_2022_sysy_red02.pdf\" target=\"_blank\" rel=\"noopener\">.PDF<\/a><\/li>\n<\/ul>\n<p>&nbsp;<\/p>\n<p>Aktualizov\u00e1no <span class=\"last-modified-timestamp\">06\/12\/2025 15:41<\/span><\/p>\n","protected":false},"excerpt":{"rendered":"<p>Syrov\u00e1, Z. &amp; Syrov\u00fd, J. 1992. Hlin\u011bn\u00e1 architektura ve Francii. In Zpr\u00e1vy pam\u00e1tkov\u00e9 p\u00e9\u010de 1992\/52, 7: 4\u2013\u201315. Syrov\u00e1 Z., 1993, Renouveau des villages en terre en Moravie, in Comunica\u00e7\u00f5es &#8211; [&hellip;]<\/p>\n","protected":false},"author":2,"featured_media":0,"parent":53,"menu_order":0,"comment_status":"closed","ping_status":"closed","template":"","meta":{"jetpack_post_was_ever_published":false,"footnotes":""},"class_list":["post-44","page","type-page","status-publish","hentry"],"jetpack_shortlink":"https:\/\/wp.me\/P91gAT-I","jetpack-related-posts":[{"id":342,"url":"https:\/\/blog.sy-sy.cz\/index.php\/o-gis-a-pagis\/publikace-o-gis-a-pagis\/","url_meta":{"origin":44,"position":0},"title":"Publikace o&nbsp;GIS a&nbsp;PaGIS","author":"Zuzana Syrov\u00e1 An\u00fd\u017eov\u00e1","date":"29\/12\/2014","format":false,"excerpt":"SYROV\u00c1, Zuzana; SYROV\u00dd, Ji\u0159\u00ed: GIS pro SHP: Jedno\u00fa\u010delov\u00e1 po\u010d\u00edta\u010dov\u011b zpracovan\u00e1 dokumentace versus objektov\u011b orientovan\u00fd GIS | GIS f\u00fcr bauhistorische Untersuchungen. Die einem einzigen Zweck dienende computerbearbeitete Dokumentation versus objektorientiertes GIS. Svorn\u00edk, 4\/2006. ISBN 80-86562-07-7 |\u00a0 ISSN 1802-8128. PDF SYROV\u00c1, Zuzana; SYROV\u00dd, Ji\u0159\u00ed: \u00a0Stavebn\u011b - historick\u00fd pr\u016fzkum s\u00eddla a jeho zpracov\u00e1n\u00ed\u2026","rel":"","context":"Podobn\u00fd p\u0159\u00edsp\u011bvek","block_context":{"text":"Podobn\u00fd p\u0159\u00edsp\u011bvek","link":""},"img":{"alt_text":"","src":"","width":0,"height":0},"classes":[]},{"id":338,"url":"https:\/\/blog.sy-sy.cz\/index.php\/publikace\/","url_meta":{"origin":44,"position":1},"title":"Publikace","author":"Zuzana Syrov\u00e1 An\u00fd\u017eov\u00e1","date":"29\/12\/2014","format":false,"excerpt":"\u0160KABRADA, Ji\u0159\u00ed a\u00a0SYROV\u00c1, Zuzana.\u00a0D\u016fm \u010dp.\u00a0171 v\u00a0\u010cist\u00e9 u\u00a0Litomy\u0161le. In:\u00a0Archaeologia historica\u00a014, 1989, s. 325\u2014336.\u00a0PDF EDEL Tom\u00e1\u0161, SYROV\u00c1 Zuzana, \u0160KABRADA Ji\u0159\u00ed, Strop jizby domu \u010dp. 33 v Kun\u011bjov\u011b (okres Jind\u0159ich\u016fv Hradec). Pam\u00e1tky a p\u0159\u00edroda 16, 1991, \u010d. 3, s. 153\u2014156. PDF SYROV\u00c1, Zuzana; SYROV\u00dd, Ji\u0159\u00ed: Od posledn\u00ed (?) jizby k prvn\u00ed (?) sv\u011btnici\u2026","rel":"","context":"Podobn\u00fd p\u0159\u00edsp\u011bvek","block_context":{"text":"Podobn\u00fd p\u0159\u00edsp\u011bvek","link":""},"img":{"alt_text":"","src":"","width":0,"height":0},"classes":[]},{"id":370,"url":"https:\/\/blog.sy-sy.cz\/index.php\/o-hline\/publikace\/hlina-ve-stavebne-historickych-a-inventarizacnich-pruzkumech-sovamm\/","url_meta":{"origin":44,"position":2},"title":"Hl\u00edna ve stavebn\u011b historick\u00fdch a&nbsp;inventariza\u010dn\u00edch pr\u016fzkumech SOVAMM","author":"Zuzana Syrov\u00e1 An\u00fd\u017eov\u00e1","date":"29\/12\/2014","format":false,"excerpt":"Spole\u010dnost pro obnovu vesnice a mal\u00e9ho m\u011bsta (SOVAMM) vznikla v roce 1990 jako z\u00e1jmov\u00e9 sdru\u017een\u00ed odborn\u00edk\u016f a z\u00e1jemc\u016f o venkovsk\u00e9 stavitelstv\u00ed. Vernakul\u00e1rn\u00ed (lidovou i stavitelskou) architekturou se zab\u00fdv\u00e1 i z pohledu konstrukc\u00ed a technologi\u00ed. Dlouhodob\u00fdm projektem SOVAMM je Atlas lidov\u00e9 architektury, jeho\u017e vznik umo\u017enily dva stejnojmenn\u00e9 grantov\u00e9 projekty (Ku\u010da &\u2026","rel":"","context":"Podobn\u00fd p\u0159\u00edsp\u011bvek","block_context":{"text":"Podobn\u00fd p\u0159\u00edsp\u011bvek","link":""},"img":{"alt_text":"","src":"https:\/\/i0.wp.com\/blog.sy-sy.cz\/wp-content\/uploads\/2014\/12\/01-1-e1503569600224.jpg?fit=1038%2C721&ssl=1&resize=350%2C200","width":350,"height":200,"srcset":"https:\/\/i0.wp.com\/blog.sy-sy.cz\/wp-content\/uploads\/2014\/12\/01-1-e1503569600224.jpg?fit=1038%2C721&ssl=1&resize=350%2C200 1x, https:\/\/i0.wp.com\/blog.sy-sy.cz\/wp-content\/uploads\/2014\/12\/01-1-e1503569600224.jpg?fit=1038%2C721&ssl=1&resize=525%2C300 1.5x, https:\/\/i0.wp.com\/blog.sy-sy.cz\/wp-content\/uploads\/2014\/12\/01-1-e1503569600224.jpg?fit=1038%2C721&ssl=1&resize=700%2C400 2x"},"classes":[]},{"id":2850,"url":"https:\/\/blog.sy-sy.cz\/index.php\/o-hline\/publikace\/les-acteurs-de-larchitecture-en-terre-crue\/","url_meta":{"origin":44,"position":3},"title":"Les acteurs de l\u2019architecture en terre crue","author":"Zuzana Syrov\u00e1 An\u00fd\u017eov\u00e1","date":"18\/09\/2022","format":false,"excerpt":"Download Syrov\u00e1, Z. & Syrov\u00fd, J. 2022. Les acteurs de l\u2019architecture en terre crue des r\u00e9gions historiques de la R\u00e9publique tch\u00e8que (xviiie-xxe si\u00e8cles). in \u00c9. Leal, C.-A. de Chazelles, P.\u00a0Devillers (dir.),\u00a0Architecture et construction en terre crue. Approches historiques, sociologiques, et \u00e9conomiques. 5emes\u00a0\u00e9changes transdisciplinaires sur les constructions en terre crue.\u00a0Actes de\u2026","rel":"","context":"Podobn\u00fd p\u0159\u00edsp\u011bvek","block_context":{"text":"Podobn\u00fd p\u0159\u00edsp\u011bvek","link":""},"img":{"alt_text":"","src":"","width":0,"height":0},"classes":[]},{"id":127,"url":"https:\/\/blog.sy-sy.cz\/index.php\/o-gis-a-pagis\/","url_meta":{"origin":44,"position":4},"title":"O GIS a&nbsp;PaGIS","author":"Zuzana Syrov\u00e1 An\u00fd\u017eov\u00e1","date":"06\/11\/2014","format":false,"excerpt":"Pokud netu\u0161\u00edte, co je GIS nebo PaGIS, nezoufejte, str\u00e1nka bude d\u0159\u00edve \u010di pozd\u011bji aktualizov\u00e1na. A je\u0161t\u011b je tu blog\/blok p\u0159\u00edmo GIS a p\u0159edev\u0161\u00edm PaGIS v\u011bnovan\u00fd: Pro(Pa)GIS. V\u00fdb\u011br z toho, co jsme na toto t\u00e9ma publikovali najdete zde. \u00a0 Aktualizov\u00e1no","rel":"","context":"Podobn\u00fd p\u0159\u00edsp\u011bvek","block_context":{"text":"Podobn\u00fd p\u0159\u00edsp\u011bvek","link":""},"img":{"alt_text":"Stavebn\u011b historick\u00fd pr\u016fzkum NP Podyj\u00ed a jeho ochrann\u00e9ho p\u00e1sma \u00a9 ing.arch.Ji\u00f8\u00ed Syrov\u00fd & ing.arch.Zuzana Syrov\u00e1, ing.arch.Petr Dost\u00e1l 1996-97","src":"https:\/\/i0.wp.com\/blog.sy-sy.cz\/wp-content\/uploads\/2014\/11\/Popice_cb_150-1-e1503569435238.jpg?fit=1038%2C774&ssl=1&resize=350%2C200","width":350,"height":200,"srcset":"https:\/\/i0.wp.com\/blog.sy-sy.cz\/wp-content\/uploads\/2014\/11\/Popice_cb_150-1-e1503569435238.jpg?fit=1038%2C774&ssl=1&resize=350%2C200 1x, https:\/\/i0.wp.com\/blog.sy-sy.cz\/wp-content\/uploads\/2014\/11\/Popice_cb_150-1-e1503569435238.jpg?fit=1038%2C774&ssl=1&resize=525%2C300 1.5x, https:\/\/i0.wp.com\/blog.sy-sy.cz\/wp-content\/uploads\/2014\/11\/Popice_cb_150-1-e1503569435238.jpg?fit=1038%2C774&ssl=1&resize=700%2C400 2x"},"classes":[]},{"id":795,"url":"https:\/\/blog.sy-sy.cz\/index.php\/projekty-a-pruzkumy\/shp-lysovice\/","url_meta":{"origin":44,"position":5},"title":"SHP Lysovice","author":"Zuzana Syrov\u00e1 An\u00fd\u017eov\u00e1","date":"04\/09\/2016","format":false,"excerpt":"Lysovice (Vy\u0161kov), s\u00eddeln\u011b historick\u00fd pr\u016fzkum 1997 \/ (s Janem O. Eli\u00e1\u0161em) \/ investor: OkU Vy\u0161kov * P\u0159eveden\u00ed ti\u0161t\u011bn\u00e9 podoby SHP do dokument\u016f PDF a GIS ArcView \/ ArcExplorer 2000 Tituln\u00ed strana Textov\u00e1 \u010d\u00e1st Katalog objekt\u016f Obrazov\u00e9 p\u0159\u00edlohy Grafick\u00e1 \u010d\u00e1st * GIS data dostupn\u00e1 na CD N150SYSY2000 SYROV\u00c1, Zuzana; SYROV\u00dd, Ji\u0159\u00ed:\u2026","rel":"","context":"S 1 koment\u00e1\u0159em","block_context":{"text":"S 1 koment\u00e1\u0159em","link":"https:\/\/blog.sy-sy.cz\/index.php\/projekty-a-pruzkumy\/shp-lysovice\/#comments"},"img":{"alt_text":"LEYD06_","src":"https:\/\/i0.wp.com\/blog.sy-sy.cz\/wp-content\/uploads\/2016\/09\/LEYD06_-1-300x202.jpg?resize=350%2C200&ssl=1","width":350,"height":200},"classes":[]}],"jetpack_sharing_enabled":true,"_links":{"self":[{"href":"https:\/\/blog.sy-sy.cz\/index.php\/wp-json\/wp\/v2\/pages\/44","targetHints":{"allow":["GET"]}}],"collection":[{"href":"https:\/\/blog.sy-sy.cz\/index.php\/wp-json\/wp\/v2\/pages"}],"about":[{"href":"https:\/\/blog.sy-sy.cz\/index.php\/wp-json\/wp\/v2\/types\/page"}],"author":[{"embeddable":true,"href":"https:\/\/blog.sy-sy.cz\/index.php\/wp-json\/wp\/v2\/users\/2"}],"replies":[{"embeddable":true,"href":"https:\/\/blog.sy-sy.cz\/index.php\/wp-json\/wp\/v2\/comments?post=44"}],"version-history":[{"count":7,"href":"https:\/\/blog.sy-sy.cz\/index.php\/wp-json\/wp\/v2\/pages\/44\/revisions"}],"predecessor-version":[{"id":3642,"href":"https:\/\/blog.sy-sy.cz\/index.php\/wp-json\/wp\/v2\/pages\/44\/revisions\/3642"}],"up":[{"embeddable":true,"href":"https:\/\/blog.sy-sy.cz\/index.php\/wp-json\/wp\/v2\/pages\/53"}],"wp:attachment":[{"href":"https:\/\/blog.sy-sy.cz\/index.php\/wp-json\/wp\/v2\/media?parent=44"}],"curies":[{"name":"wp","href":"https:\/\/api.w.org\/{rel}","templated":true}]}}