{"id":53,"date":"2014-11-03T23:53:03","date_gmt":"2014-11-03T21:53:03","guid":{"rendered":"http:\/\/sy-sy.synology.me\/wordpress\/?page_id=53"},"modified":"2025-10-08T08:20:47","modified_gmt":"2025-10-08T06:20:47","slug":"o-hline","status":"publish","type":"page","link":"https:\/\/blog.sy-sy.cz\/index.php\/o-hline\/","title":{"rendered":"O hl\u00edn\u011b"},"content":{"rendered":"<p>Tematu architektury a&nbsp;konstrukc\u00ed z&nbsp;nep\u00e1len\u00e9 hl\u00edny se v\u011bnujeme od za\u010d\u00e1tku 80.&nbsp;let minul\u00e9ho stolet\u00ed. P\u0159ivedla n\u00e1s k&nbsp;n\u011bmu kniha V\u00e1clava Mencla Lidov\u00e1 architektura v&nbsp;\u010ceskoslovensku, d\u00edky n\u00ed\u017e jsme vyrazili na prvn\u00ed v\u00fdjezd do ter\u00e9nu na Slovensko, na Hont v&nbsp;roce 1980. Druhou kl\u00ed\u010dovou hlin\u011bnou knihou bylo Vajdi\u0161ovo a&nbsp;M\u00e1\u010delovo Slov\u00e1cko.<\/p>\n<p>P\u0159ehled na\u0161ich publikac\u00ed v\u011bnovan\u00fdch tomuto tematu je dostupn\u00fd <a title=\"Publikace - hl\u00edna\" href=\"https:\/\/blog.sy-sy.cz\/index.php\/o-hline\/publikace\/\">zde<\/a>. \u010c\u00e1st text\u016f je mo\u017eno prohl\u00ed\u017eet i&nbsp;ve form\u00e1tu PDF. Leccos o&nbsp;hl\u00edn\u011b si m\u016f\u017eete p\u0159e\u010d\u00edst v&nbsp;p\u0159\u00edsp\u011bvc\u00edch i&nbsp;p\u0159\u00edmo <a href=\"https:\/\/blog.sy-sy.cz\/index.php\/tag\/hlina-3\/\">zde<\/a>.<\/p>\n<p>V\u00fdb\u011br fotografi\u00ed je dostupn\u00fd <a title=\"Photostation: Hl\u00edna\" href=\"https:\/\/photo.sy-sy.cz\/photo\/?t=category_5#!Albums\/album_5465727261\" target=\"_blank\" rel=\"noopener noreferrer\">zde<\/a>.<\/p>\n<p>&nbsp;<\/p>\n<p>Aktualizov\u00e1no <span class=\"last-modified-timestamp\">08\/10\/2025 08:20<\/span><\/p>\n","protected":false},"excerpt":{"rendered":"<p>Tematu architektury a&nbsp;konstrukc\u00ed z&nbsp;nep\u00e1len\u00e9 hl\u00edny se v\u011bnujeme od za\u010d\u00e1tku 80.&nbsp;let minul\u00e9ho stolet\u00ed. P\u0159ivedla n\u00e1s k&nbsp;n\u011bmu kniha V\u00e1clava Mencla Lidov\u00e1 architektura v&nbsp;\u010ceskoslovensku, d\u00edky n\u00ed\u017e jsme vyrazili na prvn\u00ed v\u00fdjezd do ter\u00e9nu [&hellip;]<\/p>\n","protected":false},"author":2,"featured_media":66,"parent":0,"menu_order":11,"comment_status":"closed","ping_status":"closed","template":"","meta":{"jetpack_post_was_ever_published":false,"footnotes":""},"class_list":["post-53","page","type-page","status-publish","has-post-thumbnail","hentry"],"jetpack_shortlink":"https:\/\/wp.me\/P91gAT-R","jetpack-related-posts":[{"id":32,"url":"https:\/\/blog.sy-sy.cz\/index.php\/o-nas\/","url_meta":{"origin":53,"position":0},"title":"O n\u00e1s","author":"Zuzana Syrov\u00e1 An\u00fd\u017eov\u00e1","date":"03\/11\/2014","format":false,"excerpt":"Specializujeme se na \u00fazemn\u00ed a regula\u010dn\u00ed pl\u00e1ny, stavebn\u011b historick\u00e9 pr\u016fzkumy a souvisej\u00edc\u00ed projekty obnovy, stavebn\u011b historick\u00e9 a inventariza\u010dn\u00ed pr\u016fzkumy s\u00eddel a \u00fazem\u00ed, GIS. Syrov\u00fd a Syrov\u00e1, architekti v datech: 1980 - za\u010d\u00e1tek spolupr\u00e1ce (sout\u011b\u017ee, pr\u016fzkumy lidov\u00e9 \/ vernakul\u00e1rn\u00ed architektury) 1990 - zalo\u017een\u00ed architektonick\u00e9 kancel\u00e1\u0159e 1994 - za\u010d\u00e1tek v\u00fdvoje GIS pro\u2026","rel":"","context":"Podobn\u00fd p\u0159\u00edsp\u011bvek","block_context":{"text":"Podobn\u00fd p\u0159\u00edsp\u011bvek","link":""},"img":{"alt_text":"","src":"https:\/\/i0.wp.com\/blog.sy-sy.cz\/wp-content\/uploads\/2019\/01\/Addiss_19910411_02oBW-e1546423847515.jpg?fit=1038%2C766&ssl=1&resize=350%2C200","width":350,"height":200,"srcset":"https:\/\/i0.wp.com\/blog.sy-sy.cz\/wp-content\/uploads\/2019\/01\/Addiss_19910411_02oBW-e1546423847515.jpg?fit=1038%2C766&ssl=1&resize=350%2C200 1x, https:\/\/i0.wp.com\/blog.sy-sy.cz\/wp-content\/uploads\/2019\/01\/Addiss_19910411_02oBW-e1546423847515.jpg?fit=1038%2C766&ssl=1&resize=525%2C300 1.5x, https:\/\/i0.wp.com\/blog.sy-sy.cz\/wp-content\/uploads\/2019\/01\/Addiss_19910411_02oBW-e1546423847515.jpg?fit=1038%2C766&ssl=1&resize=700%2C400 2x"},"classes":[]},{"id":370,"url":"https:\/\/blog.sy-sy.cz\/index.php\/o-hline\/publikace\/hlina-ve-stavebne-historickych-a-inventarizacnich-pruzkumech-sovamm\/","url_meta":{"origin":53,"position":1},"title":"Hl\u00edna ve stavebn\u011b historick\u00fdch a&nbsp;inventariza\u010dn\u00edch pr\u016fzkumech SOVAMM","author":"Zuzana Syrov\u00e1 An\u00fd\u017eov\u00e1","date":"29\/12\/2014","format":false,"excerpt":"Spole\u010dnost pro obnovu vesnice a mal\u00e9ho m\u011bsta (SOVAMM) vznikla v roce 1990 jako z\u00e1jmov\u00e9 sdru\u017een\u00ed odborn\u00edk\u016f a z\u00e1jemc\u016f o venkovsk\u00e9 stavitelstv\u00ed. Vernakul\u00e1rn\u00ed (lidovou i stavitelskou) architekturou se zab\u00fdv\u00e1 i z pohledu konstrukc\u00ed a technologi\u00ed. Dlouhodob\u00fdm projektem SOVAMM je Atlas lidov\u00e9 architektury, jeho\u017e vznik umo\u017enily dva stejnojmenn\u00e9 grantov\u00e9 projekty (Ku\u010da &\u2026","rel":"","context":"Podobn\u00fd p\u0159\u00edsp\u011bvek","block_context":{"text":"Podobn\u00fd p\u0159\u00edsp\u011bvek","link":""},"img":{"alt_text":"","src":"https:\/\/i0.wp.com\/blog.sy-sy.cz\/wp-content\/uploads\/2014\/12\/01-1-e1503569600224.jpg?fit=1038%2C721&ssl=1&resize=350%2C200","width":350,"height":200,"srcset":"https:\/\/i0.wp.com\/blog.sy-sy.cz\/wp-content\/uploads\/2014\/12\/01-1-e1503569600224.jpg?fit=1038%2C721&ssl=1&resize=350%2C200 1x, https:\/\/i0.wp.com\/blog.sy-sy.cz\/wp-content\/uploads\/2014\/12\/01-1-e1503569600224.jpg?fit=1038%2C721&ssl=1&resize=525%2C300 1.5x, https:\/\/i0.wp.com\/blog.sy-sy.cz\/wp-content\/uploads\/2014\/12\/01-1-e1503569600224.jpg?fit=1038%2C721&ssl=1&resize=700%2C400 2x"},"classes":[]},{"id":38,"url":"https:\/\/blog.sy-sy.cz\/index.php\/o-nasich-postolkach\/","url_meta":{"origin":53,"position":2},"title":"O &#8222;na\u0161ich&#8220; po\u0161tolk\u00e1ch","author":"Zuzana Syrov\u00e1 An\u00fd\u017eov\u00e1","date":"03\/11\/2014","format":false,"excerpt":"Od roku 2007 hn\u00edzd\u00ed v na\u0161\u00ed lod\u017eii, hned za okny pracovny, po\u0161tolky. V\u0161emu s nimi spojen\u00e9mu (i na\u0161im dal\u0161\u00edm zv\u00ed\u0159ec\u00edm n\u00e1jemn\u00edk\u016fm a n\u00e1v\u0161t\u011bvn\u00edk\u016fm) je v\u011bnov\u00e1n blog: O my\u0161\u00edch a po\u0161tolk\u00e1ch. Jeho zjednodu\u0161enou z\u00e1lohu v p\u0159\u00edpad\u011b v\u00fdpadku najdete zde. \u017div\u00fd p\u0159enos spolu s aktu\u00e1ln\u00edmi informacemi o pr\u016fb\u011bhu sez\u00f3ny najdete zde. Testujeme\u2026","rel":"","context":"Podobn\u00fd p\u0159\u00edsp\u011bvek","block_context":{"text":"Podobn\u00fd p\u0159\u00edsp\u011bvek","link":""},"img":{"alt_text":"","src":"https:\/\/i0.wp.com\/blog.sy-sy.cz\/wp-content\/uploads\/2014\/11\/Falco_tinnunculus_brunensis_cb-1.jpg?fit=960%2C639&ssl=1&resize=350%2C200","width":350,"height":200,"srcset":"https:\/\/i0.wp.com\/blog.sy-sy.cz\/wp-content\/uploads\/2014\/11\/Falco_tinnunculus_brunensis_cb-1.jpg?fit=960%2C639&ssl=1&resize=350%2C200 1x, https:\/\/i0.wp.com\/blog.sy-sy.cz\/wp-content\/uploads\/2014\/11\/Falco_tinnunculus_brunensis_cb-1.jpg?fit=960%2C639&ssl=1&resize=525%2C300 1.5x, https:\/\/i0.wp.com\/blog.sy-sy.cz\/wp-content\/uploads\/2014\/11\/Falco_tinnunculus_brunensis_cb-1.jpg?fit=960%2C639&ssl=1&resize=700%2C400 2x"},"classes":[]},{"id":2125,"url":"https:\/\/blog.sy-sy.cz\/index.php\/zasady-ochrany-osobnich-udaju\/","url_meta":{"origin":53,"position":3},"title":"Z\u00e1sady ochrany osobn\u00edch \u00fadaj\u016f","author":"Zuzana Syrov\u00e1 An\u00fd\u017eov\u00e1","date":"08\/06\/2018","format":false,"excerpt":"Kdo jsme Tento web\/blog provozuje: architektonick\u00e1 kancel\u00e1\u0159 Syrov\u00fd a Syrov\u00e1, architekti: Zuzana Syrov\u00e1 - An\u00fd\u017eov\u00e1 a Ji\u0159\u00ed Syrov\u00fd Kur\u0161ova 30, Brno. 63500 Adresa webu\/blogu je: https:\/\/blog.sy-sy.cz. Jak\u00e9 shroma\u017e\u010fujeme osobn\u00ed \u00fadaje a pro\u010d je shroma\u017e\u010fujeme Tento web slou\u017e\u00ed prezentaci \u010dinnosti na\u0161\u00ed architektonick\u00e9 kancel\u00e1\u0159e a souvisej\u00edc\u00edh aktivit.\u00a0 Shroma\u017e\u010fujeme zde pouze \u00fadaje nezbytn\u00e9\u2026","rel":"","context":"Podobn\u00fd p\u0159\u00edsp\u011bvek","block_context":{"text":"Podobn\u00fd p\u0159\u00edsp\u011bvek","link":""},"img":{"alt_text":"","src":"","width":0,"height":0},"classes":[]},{"id":127,"url":"https:\/\/blog.sy-sy.cz\/index.php\/o-gis-a-pagis\/","url_meta":{"origin":53,"position":4},"title":"O GIS a&nbsp;PaGIS","author":"Zuzana Syrov\u00e1 An\u00fd\u017eov\u00e1","date":"06\/11\/2014","format":false,"excerpt":"Pokud netu\u0161\u00edte, co je GIS nebo PaGIS, nezoufejte, str\u00e1nka bude d\u0159\u00edve \u010di pozd\u011bji aktualizov\u00e1na. A je\u0161t\u011b je tu blog\/blok p\u0159\u00edmo GIS a p\u0159edev\u0161\u00edm PaGIS v\u011bnovan\u00fd: Pro(Pa)GIS. V\u00fdb\u011br z toho, co jsme na toto t\u00e9ma publikovali najdete zde. \u00a0 Aktualizov\u00e1no","rel":"","context":"Podobn\u00fd p\u0159\u00edsp\u011bvek","block_context":{"text":"Podobn\u00fd p\u0159\u00edsp\u011bvek","link":""},"img":{"alt_text":"Stavebn\u011b historick\u00fd pr\u016fzkum NP Podyj\u00ed a jeho ochrann\u00e9ho p\u00e1sma \u00a9 ing.arch.Ji\u00f8\u00ed Syrov\u00fd & ing.arch.Zuzana Syrov\u00e1, ing.arch.Petr Dost\u00e1l 1996-97","src":"https:\/\/i0.wp.com\/blog.sy-sy.cz\/wp-content\/uploads\/2014\/11\/Popice_cb_150-1-e1503569435238.jpg?fit=1038%2C774&ssl=1&resize=350%2C200","width":350,"height":200,"srcset":"https:\/\/i0.wp.com\/blog.sy-sy.cz\/wp-content\/uploads\/2014\/11\/Popice_cb_150-1-e1503569435238.jpg?fit=1038%2C774&ssl=1&resize=350%2C200 1x, https:\/\/i0.wp.com\/blog.sy-sy.cz\/wp-content\/uploads\/2014\/11\/Popice_cb_150-1-e1503569435238.jpg?fit=1038%2C774&ssl=1&resize=525%2C300 1.5x, https:\/\/i0.wp.com\/blog.sy-sy.cz\/wp-content\/uploads\/2014\/11\/Popice_cb_150-1-e1503569435238.jpg?fit=1038%2C774&ssl=1&resize=700%2C400 2x"},"classes":[]},{"id":3212,"url":"https:\/\/blog.sy-sy.cz\/index.php\/o-nas\/ing-arch-jiri-syrovy\/","url_meta":{"origin":53,"position":5},"title":"Ing. arch. Ji\u0159\u00ed Syrov\u00fd","author":"Zuzana Syrov\u00e1 An\u00fd\u017eov\u00e1","date":"15\/02\/2025","format":false,"excerpt":"Narozen 18. 9. 1955 v Brn\u011b. Vystudoval v letech 1975-1981 na VUT v Brn\u011b \u2013 obor architektura; v roce 1986 tamt\u00e9\u017e postgradu\u00e1ln\u00ed studium v oboru v\u00fdstavnitcv\u00ed. V letech 1990 -1991 postgradu\u00e1ln\u00ed studium d\u011bjin architektury na Ecole d\u2019Architecture v Grenoblu. Specializuje se na pr\u016fzkumy a obnovu pam\u00e1tek a prostorov\u00e9 pl\u00e1nov\u00e1n\u00ed. V\u2026","rel":"","context":"Podobn\u00fd p\u0159\u00edsp\u011bvek","block_context":{"text":"Podobn\u00fd p\u0159\u00edsp\u011bvek","link":""},"img":{"alt_text":"","src":"","width":0,"height":0},"classes":[]}],"jetpack_sharing_enabled":true,"_links":{"self":[{"href":"https:\/\/blog.sy-sy.cz\/index.php\/wp-json\/wp\/v2\/pages\/53","targetHints":{"allow":["GET"]}}],"collection":[{"href":"https:\/\/blog.sy-sy.cz\/index.php\/wp-json\/wp\/v2\/pages"}],"about":[{"href":"https:\/\/blog.sy-sy.cz\/index.php\/wp-json\/wp\/v2\/types\/page"}],"author":[{"embeddable":true,"href":"https:\/\/blog.sy-sy.cz\/index.php\/wp-json\/wp\/v2\/users\/2"}],"replies":[{"embeddable":true,"href":"https:\/\/blog.sy-sy.cz\/index.php\/wp-json\/wp\/v2\/comments?post=53"}],"version-history":[{"count":3,"href":"https:\/\/blog.sy-sy.cz\/index.php\/wp-json\/wp\/v2\/pages\/53\/revisions"}],"predecessor-version":[{"id":3402,"href":"https:\/\/blog.sy-sy.cz\/index.php\/wp-json\/wp\/v2\/pages\/53\/revisions\/3402"}],"wp:featuredmedia":[{"embeddable":true,"href":"https:\/\/blog.sy-sy.cz\/index.php\/wp-json\/wp\/v2\/media\/66"}],"wp:attachment":[{"href":"https:\/\/blog.sy-sy.cz\/index.php\/wp-json\/wp\/v2\/media?parent=53"}],"curies":[{"name":"wp","href":"https:\/\/api.w.org\/{rel}","templated":true}]}}