{"id":739,"date":"2014-11-03T18:11:07","date_gmt":"2014-11-03T17:11:07","guid":{"rendered":"http:\/\/sy-sy.synology.me\/wordpress\/?page_id=12"},"modified":"2019-02-12T00:15:26","modified_gmt":"2019-02-11T23:15:26","slug":"uvod-2","status":"publish","type":"page","link":"https:\/\/blog.sy-sy.cz\/","title":{"rendered":"\u00davod"},"content":{"rendered":"<p>Tyto str\u00e1nky jsou v\u011bnovan\u00e9 \u010dinnosti architektonick\u00e9 kancel\u00e1\u0159e Syrov\u00fd a&nbsp;Syrov\u00e1, architekti + souvisej\u00edc\u00edm aktivit\u00e1m: p\u0159edev\u0161\u00edm vernakul\u00e1rn\u00ed architektu\u0159e, hlin\u011bn\u00fdm konstrukc\u00edm, GIS, tedy temat\u016fm odborn\u00fdm, jim\u017e se v\u011bnujeme po&nbsp;v\u011bt\u0161inou ji\u017e od 80.&nbsp;let stolet\u00ed minul\u00e9ho a\u00a0nearchitektonick\u00e9mu tematu po\u0161tolek obecn\u00fdch, kter\u00e9\u017eto se n\u00e1m p\u0159ipletly do \u017eivota t\u00edm, \u017ee se us\u00eddlily v&nbsp;na\u0161\u00ed lod\u017eii.<\/p>\n","protected":false},"excerpt":{"rendered":"<p>Tyto str\u00e1nky jsou v\u011bnovan\u00e9 \u010dinnosti architektonick\u00e9 kancel\u00e1\u0159e Syrov\u00fd a&nbsp;Syrov\u00e1, architekti + souvisej\u00edc\u00edm aktivit\u00e1m: p\u0159edev\u0161\u00edm vernakul\u00e1rn\u00ed architektu\u0159e, hlin\u011bn\u00fdm konstrukc\u00edm, GIS, tedy temat\u016fm odborn\u00fdm, jim\u017e se v\u011bnujeme po&nbsp;v\u011bt\u0161inou ji\u017e od 80.&nbsp;let stolet\u00ed [&hellip;]<\/p>\n","protected":false},"author":2,"featured_media":215,"parent":0,"menu_order":0,"comment_status":"closed","ping_status":"closed","template":"page-templates\/front-page.php","meta":{"jetpack_post_was_ever_published":false,"footnotes":""},"class_list":["post-739","page","type-page","status-publish","has-post-thumbnail","hentry"],"jetpack_shortlink":"https:\/\/wp.me\/P91gAT-bV","jetpack-related-posts":[{"id":2155,"url":"https:\/\/blog.sy-sy.cz\/index.php\/o-nasich-medvedech\/","url_meta":{"origin":739,"position":0},"title":"O na\u0161ich medv\u011bdech","author":"Zuzana Syrov\u00e1 An\u00fd\u017eov\u00e1","date":"20\/07\/2018","format":false,"excerpt":"Na\u0161e medv\u011bd\u00ed sb\u00edrka se datuje od roku 1997. Od t\u00e9 doby se rozrostla na v\u00edce ne\u017e 200 ply\u0161\u00e1k\u016f i neply\u0161\u00e1k\u016f se kter\u00fdmi sd\u00edl\u00edme spole\u010dn\u00e9 doup\u011b aneb brloh. Sna\u017eili se n\u00e1m vloudit na na\u0161e hlavn\u00ed str\u00e1nky, ale nakonec jsme se rozhodli, \u017ee jim alespo\u0148 virtu\u00e1ln\u011b ponech\u00e1me trochu volnosti. V\u00edce o nich\u2026","rel":"","context":"Podobn\u00fd p\u0159\u00edsp\u011bvek","block_context":{"text":"Podobn\u00fd p\u0159\u00edsp\u011bvek","link":""},"img":{"alt_text":"","src":"https:\/\/i0.wp.com\/blog.sy-sy.cz\/wp-content\/uploads\/2018\/07\/DSCN5164-sy-e1532103393866.jpg?fit=1038%2C779&ssl=1&resize=350%2C200","width":350,"height":200,"srcset":"https:\/\/i0.wp.com\/blog.sy-sy.cz\/wp-content\/uploads\/2018\/07\/DSCN5164-sy-e1532103393866.jpg?fit=1038%2C779&ssl=1&resize=350%2C200 1x, https:\/\/i0.wp.com\/blog.sy-sy.cz\/wp-content\/uploads\/2018\/07\/DSCN5164-sy-e1532103393866.jpg?fit=1038%2C779&ssl=1&resize=525%2C300 1.5x, https:\/\/i0.wp.com\/blog.sy-sy.cz\/wp-content\/uploads\/2018\/07\/DSCN5164-sy-e1532103393866.jpg?fit=1038%2C779&ssl=1&resize=700%2C400 2x"},"classes":[]},{"id":2125,"url":"https:\/\/blog.sy-sy.cz\/index.php\/zasady-ochrany-osobnich-udaju\/","url_meta":{"origin":739,"position":1},"title":"Z\u00e1sady ochrany osobn\u00edch \u00fadaj\u016f","author":"Zuzana Syrov\u00e1 An\u00fd\u017eov\u00e1","date":"08\/06\/2018","format":false,"excerpt":"Kdo jsme Tento web\/blog provozuje: architektonick\u00e1 kancel\u00e1\u0159 Syrov\u00fd a Syrov\u00e1, architekti: Zuzana Syrov\u00e1 - An\u00fd\u017eov\u00e1 a Ji\u0159\u00ed Syrov\u00fd Kur\u0161ova 30, Brno. 63500 Adresa webu\/blogu je: https:\/\/blog.sy-sy.cz. Jak\u00e9 shroma\u017e\u010fujeme osobn\u00ed \u00fadaje a pro\u010d je shroma\u017e\u010fujeme Tento web slou\u017e\u00ed prezentaci \u010dinnosti na\u0161\u00ed architektonick\u00e9 kancel\u00e1\u0159e a souvisej\u00edc\u00edh aktivit.\u00a0 Shroma\u017e\u010fujeme zde pouze \u00fadaje nezbytn\u00e9\u2026","rel":"","context":"Podobn\u00fd p\u0159\u00edsp\u011bvek","block_context":{"text":"Podobn\u00fd p\u0159\u00edsp\u011bvek","link":""},"img":{"alt_text":"","src":"","width":0,"height":0},"classes":[]},{"id":3212,"url":"https:\/\/blog.sy-sy.cz\/index.php\/o-nas\/ing-arch-jiri-syrovy\/","url_meta":{"origin":739,"position":2},"title":"Ing. arch. Ji\u0159\u00ed Syrov\u00fd","author":"Zuzana Syrov\u00e1 An\u00fd\u017eov\u00e1","date":"15\/02\/2025","format":false,"excerpt":"Narozen 18. 9. 1955 v Brn\u011b. Vystudoval v letech 1975-1981 na VUT v Brn\u011b \u2013 obor architektura; v roce 1986 tamt\u00e9\u017e postgradu\u00e1ln\u00ed studium v oboru v\u00fdstavnitcv\u00ed. V letech 1990 -1991 postgradu\u00e1ln\u00ed studium d\u011bjin architektury na Ecole d\u2019Architecture v Grenoblu. Specializuje se na pr\u016fzkumy a obnovu pam\u00e1tek a prostorov\u00e9 pl\u00e1nov\u00e1n\u00ed. V\u2026","rel":"","context":"Podobn\u00fd p\u0159\u00edsp\u011bvek","block_context":{"text":"Podobn\u00fd p\u0159\u00edsp\u011bvek","link":""},"img":{"alt_text":"","src":"","width":0,"height":0},"classes":[]},{"id":370,"url":"https:\/\/blog.sy-sy.cz\/index.php\/o-hline\/publikace\/hlina-ve-stavebne-historickych-a-inventarizacnich-pruzkumech-sovamm\/","url_meta":{"origin":739,"position":3},"title":"Hl\u00edna ve stavebn\u011b historick\u00fdch a&nbsp;inventariza\u010dn\u00edch pr\u016fzkumech SOVAMM","author":"Zuzana Syrov\u00e1 An\u00fd\u017eov\u00e1","date":"29\/12\/2014","format":false,"excerpt":"Spole\u010dnost pro obnovu vesnice a mal\u00e9ho m\u011bsta (SOVAMM) vznikla v roce 1990 jako z\u00e1jmov\u00e9 sdru\u017een\u00ed odborn\u00edk\u016f a z\u00e1jemc\u016f o venkovsk\u00e9 stavitelstv\u00ed. Vernakul\u00e1rn\u00ed (lidovou i stavitelskou) architekturou se zab\u00fdv\u00e1 i z pohledu konstrukc\u00ed a technologi\u00ed. Dlouhodob\u00fdm projektem SOVAMM je Atlas lidov\u00e9 architektury, jeho\u017e vznik umo\u017enily dva stejnojmenn\u00e9 grantov\u00e9 projekty (Ku\u010da &\u2026","rel":"","context":"Podobn\u00fd p\u0159\u00edsp\u011bvek","block_context":{"text":"Podobn\u00fd p\u0159\u00edsp\u011bvek","link":""},"img":{"alt_text":"","src":"https:\/\/i0.wp.com\/blog.sy-sy.cz\/wp-content\/uploads\/2014\/12\/01-1-e1503569600224.jpg?fit=1038%2C721&ssl=1&resize=350%2C200","width":350,"height":200,"srcset":"https:\/\/i0.wp.com\/blog.sy-sy.cz\/wp-content\/uploads\/2014\/12\/01-1-e1503569600224.jpg?fit=1038%2C721&ssl=1&resize=350%2C200 1x, https:\/\/i0.wp.com\/blog.sy-sy.cz\/wp-content\/uploads\/2014\/12\/01-1-e1503569600224.jpg?fit=1038%2C721&ssl=1&resize=525%2C300 1.5x, https:\/\/i0.wp.com\/blog.sy-sy.cz\/wp-content\/uploads\/2014\/12\/01-1-e1503569600224.jpg?fit=1038%2C721&ssl=1&resize=700%2C400 2x"},"classes":[]},{"id":2066,"url":"https:\/\/blog.sy-sy.cz\/index.php\/vystavy\/vystava-stavitel-josef-suta-1863-1941\/","url_meta":{"origin":739,"position":4},"title":"V\u00fdstava Stavitel Josef \u0160uta (1863-1941)","author":"Zuzana Syrov\u00e1 An\u00fd\u017eov\u00e1","date":"01\/03\/2018","format":false,"excerpt":"V\u00fdstava Stavitel Josef \u0160uta (1863-1941), projekty a realizace \u2013 minulost a sou\u010dasnost se konala v Z\u00e1meck\u00e9 galerii v Uhersk\u00e9m Ostrohu ve dnech 16. z\u00e1\u0159\u00ed - 19. listopadu 2017.\u00a0 Prost\u0159ednictv\u00edm pl\u00e1n\u016f z let 1895 \u2013 1933 ze St\u00e1tn\u00edho okresn\u00edho archivu v Uhersk\u00e9m Hradi\u0161ti a osud\u016f realizovan\u00fdch staveb si m\u011bsto p\u0159ipomn\u011blo d\u00edlo\u2026","rel":"","context":"Podobn\u00fd p\u0159\u00edsp\u011bvek","block_context":{"text":"Podobn\u00fd p\u0159\u00edsp\u011bvek","link":""},"img":{"alt_text":"","src":"https:\/\/i0.wp.com\/blog.sy-sy.cz\/wp-content\/uploads\/2018\/03\/credits-212x300.jpg?resize=350%2C200&ssl=1","width":350,"height":200},"classes":[]},{"id":3362,"url":"https:\/\/blog.sy-sy.cz\/index.php\/o-nasich-pamatkach\/terra-incognita-award-2011\/","url_meta":{"origin":739,"position":5},"title":"Terra Incognita Award 2011","author":"Zuzana Syrov\u00e1 An\u00fd\u017eov\u00e1","date":"17\/06\/2025","format":false,"excerpt":"V roce 2011 se na\u0161\u00ed usedlosti \u010dp. 171 v \u010cist\u00e9 dostalo d\u00edky dochovan\u00fdm hlin\u011bn\u00fdm omaz\u00e1vk\u00e1m dymn\u00e9 jizby ocen\u011bn\u00ed Outstanding Earthen Architecture in Europe (V\u00fdjime\u010dn\u00e1 hlin\u011bn\u00e1 architektura v Evrop\u011b) v r\u00e1mci projektu Terra Inkognita, kulturn\u00edho programu Evropsk\u00e9 unie, jeho\u017e c\u00edlem bylo uchov\u00e1n\u00ed, propagace a rozvoj hlin\u011bn\u00e9 architektury v Evrop\u011b. Download","rel":"","context":"Podobn\u00fd p\u0159\u00edsp\u011bvek","block_context":{"text":"Podobn\u00fd p\u0159\u00edsp\u011bvek","link":""},"img":{"alt_text":"","src":"https:\/\/i0.wp.com\/blog.sy-sy.cz\/wp-content\/uploads\/2025\/06\/Terra_Incognita_Award_2011-2.jpg?fit=1200%2C600&ssl=1&resize=350%2C200","width":350,"height":200,"srcset":"https:\/\/i0.wp.com\/blog.sy-sy.cz\/wp-content\/uploads\/2025\/06\/Terra_Incognita_Award_2011-2.jpg?fit=1200%2C600&ssl=1&resize=350%2C200 1x, https:\/\/i0.wp.com\/blog.sy-sy.cz\/wp-content\/uploads\/2025\/06\/Terra_Incognita_Award_2011-2.jpg?fit=1200%2C600&ssl=1&resize=525%2C300 1.5x, https:\/\/i0.wp.com\/blog.sy-sy.cz\/wp-content\/uploads\/2025\/06\/Terra_Incognita_Award_2011-2.jpg?fit=1200%2C600&ssl=1&resize=700%2C400 2x, https:\/\/i0.wp.com\/blog.sy-sy.cz\/wp-content\/uploads\/2025\/06\/Terra_Incognita_Award_2011-2.jpg?fit=1200%2C600&ssl=1&resize=1050%2C600 3x"},"classes":[]}],"jetpack_sharing_enabled":true,"_links":{"self":[{"href":"https:\/\/blog.sy-sy.cz\/index.php\/wp-json\/wp\/v2\/pages\/739","targetHints":{"allow":["GET"]}}],"collection":[{"href":"https:\/\/blog.sy-sy.cz\/index.php\/wp-json\/wp\/v2\/pages"}],"about":[{"href":"https:\/\/blog.sy-sy.cz\/index.php\/wp-json\/wp\/v2\/types\/page"}],"author":[{"embeddable":true,"href":"https:\/\/blog.sy-sy.cz\/index.php\/wp-json\/wp\/v2\/users\/2"}],"replies":[{"embeddable":true,"href":"https:\/\/blog.sy-sy.cz\/index.php\/wp-json\/wp\/v2\/comments?post=739"}],"version-history":[{"count":1,"href":"https:\/\/blog.sy-sy.cz\/index.php\/wp-json\/wp\/v2\/pages\/739\/revisions"}],"predecessor-version":[{"id":2347,"href":"https:\/\/blog.sy-sy.cz\/index.php\/wp-json\/wp\/v2\/pages\/739\/revisions\/2347"}],"wp:featuredmedia":[{"embeddable":true,"href":"https:\/\/blog.sy-sy.cz\/index.php\/wp-json\/wp\/v2\/media\/215"}],"wp:attachment":[{"href":"https:\/\/blog.sy-sy.cz\/index.php\/wp-json\/wp\/v2\/media?parent=739"}],"curies":[{"name":"wp","href":"https:\/\/api.w.org\/{rel}","templated":true}]}}