{"id":807,"date":"2016-09-04T09:39:01","date_gmt":"2016-09-04T07:39:01","guid":{"rendered":"http:\/\/sy-sy.synology.me\/?page_id=807"},"modified":"2020-06-02T19:03:16","modified_gmt":"2020-06-02T17:03:16","slug":"hnanice-sklepni-ulice","status":"publish","type":"page","link":"https:\/\/blog.sy-sy.cz\/index.php\/projekty-a-pruzkumy\/hnanice-sklepni-ulice\/","title":{"rendered":"Hnanice &#8211; sklepn\u00ed ulice"},"content":{"rendered":"<p><strong>Hnanice (Znojmo), obnova sklepn\u00ed ulice <\/strong>2000<br \/>\n\/ investor: OU Hnanice<\/p>\n<ul>\n<li><a href=\"https:\/\/sovamm.cz\/PDFs\/SySy\/hnanice\/OBSAH\" target=\"_blank\" rel=\"noopener noreferrer\">Obsah<\/a><\/li>\n<li><a href=\"https:\/\/sovamm.cz\/PDFs\/SySy\/hnanice\/TEXT\" target=\"_blank\" rel=\"noopener noreferrer\">Textov\u00e1 \u010d\u00e1st<\/a><\/li>\n<li>Katalog objekt\u016f\n<ul>\n<li><a href=\"https:\/\/sovamm.cz\/PDFs\/SySy\/hnanice\/JIH\" target=\"_blank\" rel=\"noopener noreferrer\">Ji\u017en\u00ed \u010d\u00e1st sklepn\u00ed ulice<\/a><\/li>\n<li><a href=\"https:\/\/sovamm.cz\/PDFs\/SySy\/hnanice\/SEVER\" target=\"_blank\" rel=\"noopener noreferrer\">Severn\u00ed \u010d\u00e1st sklepn\u00ed ulice<\/a><\/li>\n<li><a href=\"https:\/\/sovamm.cz\/PDFs\/SySy\/hnanice\/LEGENDA\" target=\"_blank\" rel=\"noopener noreferrer\">Legenda<\/a><\/li>\n<\/ul>\n<\/li>\n<li><a href=\"https:\/\/sovamm.cz\/PDFs\/SySy\/hnanice\/OBR_PRIL\" target=\"_blank\" rel=\"noopener noreferrer\">Obrazov\u00e1 p\u0159\u00edloha<\/a><\/li>\n<li><a href=\"https:\/\/sovamm.cz\/PDFs\/SySy\/hnanice\/GRAFCAST\" target=\"_blank\" rel=\"noopener noreferrer\">Grafick\u00e1 \u010d\u00e1st<\/a><\/li>\n<li>* GIS data dostupn\u00e1 na CD N142SYSY2000<\/li>\n<\/ul>\n<p><a href=\"https:\/\/i0.wp.com\/blog.sy-sy.cz\/wp-content\/uploads\/2016\/09\/hnanice523-27-1.jpg?ssl=1\"><img data-recalc-dims=\"1\" loading=\"lazy\" decoding=\"async\" data-attachment-id=\"810\" data-permalink=\"https:\/\/blog.sy-sy.cz\/index.php\/projekty-a-pruzkumy\/hnanice-sklepni-ulice\/hnanice523-27\/\" data-orig-file=\"https:\/\/i0.wp.com\/blog.sy-sy.cz\/wp-content\/uploads\/2016\/09\/hnanice523-27-1-e1503580115757.jpg?fit=1038%2C692&amp;ssl=1\" data-orig-size=\"1038,692\" data-comments-opened=\"0\" data-image-meta=\"{&quot;aperture&quot;:&quot;0&quot;,&quot;credit&quot;:&quot;&quot;,&quot;camera&quot;:&quot;&quot;,&quot;caption&quot;:&quot;&quot;,&quot;created_timestamp&quot;:&quot;0&quot;,&quot;copyright&quot;:&quot;&quot;,&quot;focal_length&quot;:&quot;0&quot;,&quot;iso&quot;:&quot;0&quot;,&quot;shutter_speed&quot;:&quot;0&quot;,&quot;title&quot;:&quot;&quot;,&quot;orientation&quot;:&quot;0&quot;}\" data-image-title=\"hnanice523-27\" data-image-description=\"\" data-image-caption=\"\" data-large-file=\"https:\/\/i0.wp.com\/blog.sy-sy.cz\/wp-content\/uploads\/2016\/09\/hnanice523-27-1-e1503580115757.jpg?fit=625%2C417&amp;ssl=1\" class=\" size-medium wp-image-810 aligncenter\" src=\"https:\/\/i0.wp.com\/blog.sy-sy.cz\/wp-content\/uploads\/2016\/09\/hnanice523-27-1.jpg?resize=300%2C200&#038;ssl=1\" alt=\"hnanice523-27\" width=\"300\" height=\"200\" \/><\/a><\/p>\n","protected":false},"excerpt":{"rendered":"<p>Hnanice (Znojmo), obnova sklepn\u00ed ulice 2000 \/ investor: OU Hnanice Obsah Textov\u00e1 \u010d\u00e1st Katalog objekt\u016f Ji\u017en\u00ed \u010d\u00e1st sklepn\u00ed ulice Severn\u00ed \u010d\u00e1st sklepn\u00ed ulice Legenda Obrazov\u00e1 p\u0159\u00edloha Grafick\u00e1 \u010d\u00e1st * GIS [&hellip;]<\/p>\n","protected":false},"author":2,"featured_media":0,"parent":40,"menu_order":0,"comment_status":"closed","ping_status":"open","template":"","meta":{"jetpack_post_was_ever_published":false,"footnotes":""},"class_list":["post-807","page","type-page","status-publish","hentry"],"jetpack_shortlink":"https:\/\/wp.me\/P91gAT-d1","jetpack-related-posts":[{"id":40,"url":"https:\/\/blog.sy-sy.cz\/index.php\/projekty-a-pruzkumy\/","url_meta":{"origin":807,"position":0},"title":"Projekty a&nbsp;pr\u016fzkumy","author":"Zuzana Syrov\u00e1 An\u00fd\u017eov\u00e1","date":"03\/11\/2014","format":false,"excerpt":"inventariza\u010dn\u00ed pr\u016fzkumy lidov\u00e9 architektury Chr\u00e1n\u011bn\u00e9 krajinn\u00e9 oblasti Jesen\u00edky * N\u00e1rodn\u00edho parku Krkono\u0161e * N\u00e1rodn\u00edho parku Podyj\u00ed a jeho ochrann\u00e9ho p\u00e1sma * Chr\u00e1n\u011bn\u00e9 krajinn\u00e9 oblasti B\u00edl\u00e9 Karpaty pr\u016fzkumy pro projekty obnovy vesnice: MPR \u0160tramberk (NJ) * Sudom\u011b\u0159ice, Dambo\u0159ice, Petrov, N\u011bm\u010di\u010dky a Lipov (HO) * Sedlec a Hlohovec (BV) * Jarom\u011b\u0159ice, Rychnov\u2026","rel":"","context":"Podobn\u00fd p\u0159\u00edsp\u011bvek","block_context":{"text":"Podobn\u00fd p\u0159\u00edsp\u011bvek","link":""},"img":{"alt_text":"","src":"","width":0,"height":0},"classes":[]},{"id":73,"url":"https:\/\/blog.sy-sy.cz\/index.php\/o-nasich-pamatkach\/","url_meta":{"origin":807,"position":1},"title":"O na\u0161ich pam\u00e1tk\u00e1ch","author":"Zuzana Syrov\u00e1 An\u00fd\u017eov\u00e1","date":"04\/11\/2014","format":false,"excerpt":"Koudeln\u00edk\u016fv syn m\u011bl v Praze t\u0159i domy. My m\u00e1me dva mimo Prahu: Usedlost \u010dp. 171 v \u010cist\u00e9 u Litomy\u0161le Po demolic\u00edch po r. 1945 vlastn\u011b ji\u017e jen \u010d\u00e1st usedlosti. D\u016fm s v\u00fdjime\u010dn\u011b v \u00faplnosti dochovanou obytnou m\u00edstnost\u00ed typu st\u0159edov\u011bk\u00e9 dymn\u00e9 jizby (v\u010detn\u011b vn\u011bj\u0161\u00ed hlin\u011bn\u00e9 omaz\u00e1vky) a krovem ze stejn\u00e9 stavebn\u00ed\u2026","rel":"","context":"S 1 koment\u00e1\u0159em","block_context":{"text":"S 1 koment\u00e1\u0159em","link":"https:\/\/blog.sy-sy.cz\/index.php\/o-nasich-pamatkach\/#comments"},"img":{"alt_text":"","src":"https:\/\/i0.wp.com\/blog.sy-sy.cz\/wp-content\/uploads\/2014\/11\/005_ext_cb-1-e1503569355742.jpg?fit=1038%2C695&ssl=1&resize=350%2C200","width":350,"height":200,"srcset":"https:\/\/i0.wp.com\/blog.sy-sy.cz\/wp-content\/uploads\/2014\/11\/005_ext_cb-1-e1503569355742.jpg?fit=1038%2C695&ssl=1&resize=350%2C200 1x, https:\/\/i0.wp.com\/blog.sy-sy.cz\/wp-content\/uploads\/2014\/11\/005_ext_cb-1-e1503569355742.jpg?fit=1038%2C695&ssl=1&resize=525%2C300 1.5x, https:\/\/i0.wp.com\/blog.sy-sy.cz\/wp-content\/uploads\/2014\/11\/005_ext_cb-1-e1503569355742.jpg?fit=1038%2C695&ssl=1&resize=700%2C400 2x"},"classes":[]},{"id":795,"url":"https:\/\/blog.sy-sy.cz\/index.php\/projekty-a-pruzkumy\/shp-lysovice\/","url_meta":{"origin":807,"position":2},"title":"SHP Lysovice","author":"Zuzana Syrov\u00e1 An\u00fd\u017eov\u00e1","date":"04\/09\/2016","format":false,"excerpt":"Lysovice (Vy\u0161kov), s\u00eddeln\u011b historick\u00fd pr\u016fzkum 1997 \/ (s Janem O. Eli\u00e1\u0161em) \/ investor: OkU Vy\u0161kov * P\u0159eveden\u00ed ti\u0161t\u011bn\u00e9 podoby SHP do dokument\u016f PDF a GIS ArcView \/ ArcExplorer 2000 Tituln\u00ed strana Textov\u00e1 \u010d\u00e1st Katalog objekt\u016f Obrazov\u00e9 p\u0159\u00edlohy Grafick\u00e1 \u010d\u00e1st * GIS data dostupn\u00e1 na CD N150SYSY2000 SYROV\u00c1, Zuzana; SYROV\u00dd, Ji\u0159\u00ed:\u2026","rel":"","context":"S 1 koment\u00e1\u0159em","block_context":{"text":"S 1 koment\u00e1\u0159em","link":"https:\/\/blog.sy-sy.cz\/index.php\/projekty-a-pruzkumy\/shp-lysovice\/#comments"},"img":{"alt_text":"LEYD06_","src":"https:\/\/i0.wp.com\/blog.sy-sy.cz\/wp-content\/uploads\/2016\/09\/LEYD06_-1-300x202.jpg?resize=350%2C200&ssl=1","width":350,"height":200},"classes":[]},{"id":2681,"url":"https:\/\/blog.sy-sy.cz\/index.php\/projekty-a-pruzkumy\/shp-uhersky-ostroh\/","url_meta":{"origin":807,"position":3},"title":"SHP Uhersk\u00fd Ostroh","author":"Zuzana Syrov\u00e1 An\u00fd\u017eov\u00e1","date":"15\/07\/2020","format":false,"excerpt":"Uhersk\u00fd Ostroh (Uhersk\u00e9 Hradi\u0161t\u011b), s\u00eddeln\u011b historick\u00fd pr\u016fzkum MPZ a p\u0159edm\u011bstsk\u00fdch \u010d\u00e1st\u00ed 1993 \/ (s Janem O. Eli\u00e1\u0161em) \/ investor: MU Uhersk\u00fd Ostroh Textov\u00e1 \u010d\u00e1st sv. I (Obsah \/ \u00davodn\u00ed pozn\u00e1mka \/ P\u0159ehled stavebn\u011b historick\u00e9ho a architektonick\u00e9ho v\u00fdvoje \/ Mapy a pl\u00e1ny \/ Literatura \/ Historick\u00e1 pl\u00e1nov\u00e1 dokumentace (stavebn\u00ed pl\u00e1ny)) Textov\u00e1\u2026","rel":"","context":"Podobn\u00fd p\u0159\u00edsp\u011bvek","block_context":{"text":"Podobn\u00fd p\u0159\u00edsp\u011bvek","link":""},"img":{"alt_text":"","src":"https:\/\/i0.wp.com\/blog.sy-sy.cz\/wp-content\/uploads\/2020\/07\/0008345-300x201.jpg?resize=350%2C200&ssl=1","width":350,"height":200},"classes":[]},{"id":784,"url":"https:\/\/blog.sy-sy.cz\/index.php\/projekty-a-pruzkumy\/shp-maratice\/","url_meta":{"origin":807,"position":4},"title":"SHP Ma\u0159atice","author":"Zuzana Syrov\u00e1 An\u00fd\u017eov\u00e1","date":"04\/09\/2016","format":false,"excerpt":"Ma\u0159atice (Uhersk\u00e9 Hradi\u0161t\u011b), s\u00eddeln\u011b historick\u00fd pr\u016fzkum 1994 \/ investor: M\u011bsto Uhersk\u00e9 Hradi\u0161t\u011b * P\u0159eveden\u00ed ti\u0161t\u011bn\u00e9 podoby SHP do dokument\u016f PDF a GIS ArcView \/ ArcExplorer 2000 Textov\u00e1 a grafick\u00e1 \u010d\u00e1st pr\u016fzkumu Mapov\u00fd projekt na str\u00e1nk\u00e1ch m\u011bsta Uhersk\u00e9 Hradi\u0161t\u011b GIS data dostupn\u00e1 na CD N2016SYSY2000","rel":"","context":"Podobn\u00fd p\u0159\u00edsp\u011bvek","block_context":{"text":"Podobn\u00fd p\u0159\u00edsp\u011bvek","link":""},"img":{"alt_text":"maratice_obsah_CD_Str\u00e1nka_1","src":"https:\/\/i0.wp.com\/blog.sy-sy.cz\/wp-content\/uploads\/2016\/09\/maratice_obsah_CD_Str%C3%A1nka_1-1-300x297.jpg?resize=350%2C200&ssl=1","width":350,"height":200},"classes":[]},{"id":53,"url":"https:\/\/blog.sy-sy.cz\/index.php\/o-hline\/","url_meta":{"origin":807,"position":5},"title":"O hl\u00edn\u011b","author":"Zuzana Syrov\u00e1 An\u00fd\u017eov\u00e1","date":"03\/11\/2014","format":false,"excerpt":"Tematu architektury a konstrukc\u00ed z nep\u00e1len\u00e9 hl\u00edny se v\u011bnujeme od za\u010d\u00e1tku 80. let minul\u00e9ho stolet\u00ed. P\u0159ivedla n\u00e1s k n\u011bmu kniha V\u00e1clava Mencla Lidov\u00e1 architektura v \u010ceskoslovensku, d\u00edky n\u00ed\u017e jsme vyrazili na prvn\u00ed v\u00fdjezd do ter\u00e9nu na Slovensko, na Hont v roce 1980. Druhou kl\u00ed\u010dovou hlin\u011bnou knihou bylo Vajdi\u0161ovo a M\u00e1\u010delovo\u2026","rel":"","context":"Podobn\u00fd p\u0159\u00edsp\u011bvek","block_context":{"text":"Podobn\u00fd p\u0159\u00edsp\u011bvek","link":""},"img":{"alt_text":"","src":"https:\/\/i0.wp.com\/blog.sy-sy.cz\/wp-content\/uploads\/2014\/11\/416-01A_CB-1-e1503393034416.jpg?fit=1038%2C668&ssl=1&resize=350%2C200","width":350,"height":200,"srcset":"https:\/\/i0.wp.com\/blog.sy-sy.cz\/wp-content\/uploads\/2014\/11\/416-01A_CB-1-e1503393034416.jpg?fit=1038%2C668&ssl=1&resize=350%2C200 1x, https:\/\/i0.wp.com\/blog.sy-sy.cz\/wp-content\/uploads\/2014\/11\/416-01A_CB-1-e1503393034416.jpg?fit=1038%2C668&ssl=1&resize=525%2C300 1.5x, https:\/\/i0.wp.com\/blog.sy-sy.cz\/wp-content\/uploads\/2014\/11\/416-01A_CB-1-e1503393034416.jpg?fit=1038%2C668&ssl=1&resize=700%2C400 2x"},"classes":[]}],"jetpack_sharing_enabled":true,"_links":{"self":[{"href":"https:\/\/blog.sy-sy.cz\/index.php\/wp-json\/wp\/v2\/pages\/807","targetHints":{"allow":["GET"]}}],"collection":[{"href":"https:\/\/blog.sy-sy.cz\/index.php\/wp-json\/wp\/v2\/pages"}],"about":[{"href":"https:\/\/blog.sy-sy.cz\/index.php\/wp-json\/wp\/v2\/types\/page"}],"author":[{"embeddable":true,"href":"https:\/\/blog.sy-sy.cz\/index.php\/wp-json\/wp\/v2\/users\/2"}],"replies":[{"embeddable":true,"href":"https:\/\/blog.sy-sy.cz\/index.php\/wp-json\/wp\/v2\/comments?post=807"}],"version-history":[{"count":3,"href":"https:\/\/blog.sy-sy.cz\/index.php\/wp-json\/wp\/v2\/pages\/807\/revisions"}],"predecessor-version":[{"id":2385,"href":"https:\/\/blog.sy-sy.cz\/index.php\/wp-json\/wp\/v2\/pages\/807\/revisions\/2385"}],"up":[{"embeddable":true,"href":"https:\/\/blog.sy-sy.cz\/index.php\/wp-json\/wp\/v2\/pages\/40"}],"wp:attachment":[{"href":"https:\/\/blog.sy-sy.cz\/index.php\/wp-json\/wp\/v2\/media?parent=807"}],"curies":[{"name":"wp","href":"https:\/\/api.w.org\/{rel}","templated":true}]}}